{"id":144,"date":"2025-01-22T12:40:31","date_gmt":"2025-01-22T11:40:31","guid":{"rendered":"https:\/\/amarecaux-equitation.fr\/?page_id=144"},"modified":"2025-03-28T13:36:42","modified_gmt":"2025-03-28T12:36:42","slug":"cours-particuliers-2","status":"publish","type":"page","link":"https:\/\/amarecaux-equitation.fr\/index.php\/cours-particuliers-2\/","title":{"rendered":"Cours particuliers sur No Limit"},"content":{"rendered":"\n<figure class=\"wp-block-image alignright size-full is-resized\"><img loading=\"lazy\" decoding=\"async\" width=\"383\" height=\"336\" src=\"https:\/\/amarecaux-equitation.fr\/wp-content\/uploads\/2025\/03\/Capture-decran-2025-03-05-103939.png\" alt=\"\" class=\"wp-image-449\" style=\"width:374px;height:auto\" srcset=\"https:\/\/amarecaux-equitation.fr\/wp-content\/uploads\/2025\/03\/Capture-decran-2025-03-05-103939.png 383w, https:\/\/amarecaux-equitation.fr\/wp-content\/uploads\/2025\/03\/Capture-decran-2025-03-05-103939-300x263.png 300w\" sizes=\"auto, (max-width: 383px) 100vw, 383px\" \/><\/figure>\n\n\n\n<p><strong>Cours Particuliers avec le Cheval M\u00e9canique &#8211; A Mar\u00e9caux \u00c9quitation<\/strong><\/p>\n\n\n\n<p>Je vous propose des <strong>cours particuliers<\/strong> sur <strong>le cheval m\u00e9canique<\/strong>, un outil innovant pour am\u00e9liorer votre technique, votre \u00e9quilibre et votre position \u00e0 cheval. Que vous soyez d\u00e9butant ou cavalier exp\u00e9riment\u00e9, ces cours sont adapt\u00e9s \u00e0 vos besoins sp\u00e9cifiques et vous permettront de progresser rapidement.<\/p>\n\n\n\n<h3 class=\"wp-block-heading has-medium-font-size\"><strong>Pourquoi Choisir un Cours Particulier avec le Cheval M\u00e9canique ?<\/strong><\/h3>\n\n\n\n<ul class=\"wp-block-list\">\n<li><strong>Suivi Personnalis\u00e9 et Progression boost\u00e9e <\/strong><br>En choisissant un cours particulier avec moi, vous b\u00e9n\u00e9ficiez d\u2019un <strong>accompagnement sur mesure<\/strong>. Chaque s\u00e9ance est adapt\u00e9e \u00e0 votre niveau et \u00e0 vos objectifs. Je vous guiderai \u00e0 chaque \u00e9tape pour que vous puissiez atteindre vos objectifs, que ce soit pour am\u00e9liorer votre position, votre \u00e9quilibre ou votre ressenti des allures du cheval.<\/li>\n\n\n\n<li><strong>Am\u00e9lioration de la Position et de l\u2019\u00c9quilibre<\/strong><br>La position du cavalier est essentielle pour une bonne communication avec le cheval. Gr\u00e2ce au cheval m\u00e9canique, je peux vous aider \u00e0 travailler sp\u00e9cifiquement sur votre <strong>alignement<\/strong> et votre <strong>\u00e9quilibre<\/strong>. Le mouvement r\u00e9p\u00e9titif, constant et prolong\u00e9 permet une impr\u00e9gnation plus rapide de la position id\u00e9ale et d\u2019am\u00e9liorer votre stabilit\u00e9.<\/li>\n\n\n\n<li><strong>Ressentir les Mouvements<\/strong><br>Le cheval m\u00e9canique est un outil formidable pour vous permettre de vous concentrer sur les mouvements : les v\u00f4tres et celui du simulateur. Vous pourrez ainsi mieux comprendre les mouvements de votre cheval et ajuster vos gestes pour \u00eatre plus coordonn\u00e9. Les mouvements du simulateur \u00e9tant fins et fluides, ils permettent d&rsquo;<strong>affiner le ressenti.<\/strong><\/li>\n\n\n\n<li><strong>Pr\u00e9paration Physique et Mentale<\/strong><br>Ces cours ne se limitent pas \u00e0 la technique. Ils permettent aussi de d\u00e9velopper la <strong>musculature<\/strong> par exemple et d\u2019am\u00e9liorer votre <strong>concentration<\/strong>. Vous apprendrez \u00e0 mieux g\u00e9rer votre corps et vos sensations pour mieux doser vos actions et \u00eatre plus serein et plus efficace en selle.<\/li>\n<\/ul>\n\n\n\n<figure class=\"wp-block-image alignright size-full\"><img loading=\"lazy\" decoding=\"async\" width=\"363\" height=\"369\" src=\"https:\/\/amarecaux-equitation.fr\/wp-content\/uploads\/2025\/03\/Capture-decran-2025-03-25-161641.png\" alt=\"\" class=\"wp-image-452\" srcset=\"https:\/\/amarecaux-equitation.fr\/wp-content\/uploads\/2025\/03\/Capture-decran-2025-03-25-161641.png 363w, https:\/\/amarecaux-equitation.fr\/wp-content\/uploads\/2025\/03\/Capture-decran-2025-03-25-161641-295x300.png 295w\" sizes=\"auto, (max-width: 363px) 100vw, 363px\" \/><\/figure>\n\n\n\n<h3 class=\"wp-block-heading has-medium-font-size\"><strong>Contenu des Cours<\/strong><\/h3>\n\n\n\n<p>Chaque cours commence par un \u00e9chauffement sur Swiss Ball (gros ballon de Gym). Nous travaillons ensuite des points pr\u00e9cis sur le cheval m\u00e9canique. Nous finissons par des \u00e9tirements et une liste d&rsquo;exercices qu&rsquo;il serait judicieux de mettre en pratique \u00e0 la maison pour d\u00e9velopper vos capacit\u00e9s psychomotrices.<\/p>\n\n\n\n<p>Dans chaque cours particulier, je vous propose de travailler sur :<\/p>\n\n\n\n<ul class=\"wp-block-list\">\n<li><strong>L\u2019\u00e9valuation et la correction de votre position<\/strong> : Analyser votre posture et identifier les ajustements n\u00e9cessaires pour une meilleure stabilit\u00e9 et un meilleur accompagnement du mouvement.<\/li>\n\n\n\n<li><strong>Le contact<\/strong> <strong>et la fixit\u00e9<\/strong> : Travailler sur la bonne tension dans les r\u00eanes et la fixit\u00e9 des mains.<\/li>\n\n\n\n<li><strong>Le renforcement musculaire<\/strong> : Cibler les muscles stabilisateurs qui vous permettront de garder une position fluide et \u00e9quilibr\u00e9e.<\/li>\n\n\n\n<li><strong>La gestion des sensations<\/strong> : Apprendre \u00e0 ressentir et g\u00e9rer chaque mouvement, pour une meilleure connexion et une communication fluide.<\/li>\n\n\n\n<li><strong>La coordination de vos mouvements :<\/strong> Savoir dissocier chaque partie de son corps et utiliser les aides ensemble en \u00e9tant libres de ses gestes et agir de mani\u00e8re coordonn\u00e9e.<\/li>\n<\/ul>\n\n\n\n<h3 class=\"wp-block-heading has-medium-font-size\"><strong>Avantages du Cours Particulier avec le Cheval M\u00e9canique<\/strong><\/h3>\n\n\n\n<ul class=\"wp-block-list\">\n<li><strong>Progr\u00e8s rapides<\/strong> : L&rsquo;approche personnalis\u00e9e me permet de me concentrer sur vos besoins et de vous aider \u00e0 progresser plus rapidement.<\/li>\n\n\n\n<li><strong>Concentration optimale :<\/strong> Centr\u00e9e uniquement sur le cavalier, sans param\u00e8tres ext\u00e9rieurs perturbants, mouvements r\u00e9guliers permettant la r\u00e9p\u00e9tition et une impr\u00e9gnation des sensations plus efficace.<\/li>\n\n\n\n<li><strong>S\u00e9ances sur mesure<\/strong> : Chaque s\u00e9ance est con\u00e7ue pour vous, que vous soyez un cavalier d\u00e9butant ou exp\u00e9riment\u00e9.<\/li>\n\n\n\n<li><strong>S\u00e9curit\u00e9 et confort<\/strong> : Avec le cheval m\u00e9canique, vous vous entra\u00eenez en toute s\u00e9curit\u00e9, sans risquer de blessures, tout en b\u00e9n\u00e9ficiant d\u2019un entra\u00eenement r\u00e9aliste.<\/li>\n<\/ul>\n\n\n\n<h3 class=\"wp-block-heading has-medium-font-size\"><strong>Tarifs des Cours Particuliers<\/strong> au centre \u00e9questre de Marcq-en-Baroeul :<\/h3>\n\n\n\n<ul class=\"wp-block-list\">\n<li><strong>S\u00e9ance individuelle d&rsquo;1 heure<\/strong> : 40\u20ac<\/li>\n\n\n\n<li><strong>S\u00e9ance individuelle de 30 minutes : <\/strong>25\u20ac<br>Je peux organiser des cours collectif avec un maximum de 4 cavaliers par groupe si vous pr\u00e9f\u00e9rez partager l\u2019exp\u00e9rience avec d\u2019autres. Tarifs sur demande.<\/li>\n<\/ul>\n\n\n\n<h3 class=\"wp-block-heading has-medium-font-size\"><strong>R\u00e9servation<\/strong><\/h3>\n\n\n\n<p>Pour r\u00e9server votre <strong>cours particulier<\/strong> ou obtenir plus d\u2019informations, vous pouvez me contacter directement par t\u00e9l\u00e9phone au <strong>0623786178<\/strong> ou par email \u00e0 <strong><a>aureliemarecaux59@gmail.com<\/a><\/strong> ou via la rubrique <a href=\"https:\/\/amarecaux-equitation.fr\/index.php\/formulaire\/\" data-type=\"page\" data-id=\"86\">Contact<\/a>. Je serai ravie de discuter de vos besoins et de vous proposer un cr\u00e9neau qui vous convient.<\/p>\n\n\n\n<p><\/p>\n","protected":false},"excerpt":{"rendered":"<p>Cours Particuliers avec le Cheval M\u00e9canique &#8211; A Mar\u00e9caux \u00c9quitation Je vous propose des cours particuliers sur le cheval m\u00e9canique, [&hellip;]<\/p>\n","protected":false},"author":1,"featured_media":0,"parent":0,"menu_order":0,"comment_status":"closed","ping_status":"closed","template":"","meta":{"site-sidebar-layout":"default","site-content-layout":"","ast-site-content-layout":"","site-content-style":"default","site-sidebar-style":"default","ast-global-header-display":"","ast-banner-title-visibility":"","ast-main-header-display":"","ast-hfb-above-header-display":"","ast-hfb-below-header-display":"","ast-hfb-mobile-header-display":"","site-post-title":"","ast-breadcrumbs-content":"","ast-featured-img":"","footer-sml-layout":"","theme-transparent-header-meta":"","adv-header-id-meta":"","stick-header-meta":"","header-above-stick-meta":"","header-main-stick-meta":"","header-below-stick-meta":"","astra-migrate-meta-layouts":"default","ast-page-background-enabled":"default","ast-page-background-meta":{"desktop":{"background-color":"var(--ast-global-color-5)","background-image":"","background-repeat":"repeat","background-position":"center center","background-size":"auto","background-attachment":"scroll","background-type":"","background-media":"","overlay-type":"","overlay-color":"","overlay-opacity":"","overlay-gradient":""},"tablet":{"background-color":"","background-image":"","background-repeat":"repeat","background-position":"center center","background-size":"auto","background-attachment":"scroll","background-type":"","background-media":"","overlay-type":"","overlay-color":"","overlay-opacity":"","overlay-gradient":""},"mobile":{"background-color":"","background-image":"","background-repeat":"repeat","background-position":"center center","background-size":"auto","background-attachment":"scroll","background-type":"","background-media":"","overlay-type":"","overlay-color":"","overlay-opacity":"","overlay-gradient":""}},"ast-content-background-meta":{"desktop":{"background-color":"var(--ast-global-color-4)","background-image":"","background-repeat":"repeat","background-position":"center center","background-size":"auto","background-attachment":"scroll","background-type":"","background-media":"","overlay-type":"","overlay-color":"","overlay-opacity":"","overlay-gradient":""},"tablet":{"background-color":"var(--ast-global-color-4)","background-image":"","background-repeat":"repeat","background-position":"center center","background-size":"auto","background-attachment":"scroll","background-type":"","background-media":"","overlay-type":"","overlay-color":"","overlay-opacity":"","overlay-gradient":""},"mobile":{"background-color":"var(--ast-global-color-4)","background-image":"","background-repeat":"repeat","background-position":"center center","background-size":"auto","background-attachment":"scroll","background-type":"","background-media":"","overlay-type":"","overlay-color":"","overlay-opacity":"","overlay-gradient":""}},"footnotes":""},"class_list":["post-144","page","type-page","status-publish","hentry"],"_links":{"self":[{"href":"https:\/\/amarecaux-equitation.fr\/index.php\/wp-json\/wp\/v2\/pages\/144","targetHints":{"allow":["GET"]}}],"collection":[{"href":"https:\/\/amarecaux-equitation.fr\/index.php\/wp-json\/wp\/v2\/pages"}],"about":[{"href":"https:\/\/amarecaux-equitation.fr\/index.php\/wp-json\/wp\/v2\/types\/page"}],"author":[{"embeddable":true,"href":"https:\/\/amarecaux-equitation.fr\/index.php\/wp-json\/wp\/v2\/users\/1"}],"replies":[{"embeddable":true,"href":"https:\/\/amarecaux-equitation.fr\/index.php\/wp-json\/wp\/v2\/comments?post=144"}],"version-history":[{"count":8,"href":"https:\/\/amarecaux-equitation.fr\/index.php\/wp-json\/wp\/v2\/pages\/144\/revisions"}],"predecessor-version":[{"id":474,"href":"https:\/\/amarecaux-equitation.fr\/index.php\/wp-json\/wp\/v2\/pages\/144\/revisions\/474"}],"wp:attachment":[{"href":"https:\/\/amarecaux-equitation.fr\/index.php\/wp-json\/wp\/v2\/media?parent=144"}],"curies":[{"name":"wp","href":"https:\/\/api.w.org\/{rel}","templated":true}]}}