{"id":48,"date":"2025-01-21T15:31:27","date_gmt":"2025-01-21T14:31:27","guid":{"rendered":"https:\/\/amarecaux-equitation.fr\/?page_id=48"},"modified":"2025-05-19T09:37:38","modified_gmt":"2025-05-19T07:37:38","slug":"formation","status":"publish","type":"page","link":"https:\/\/amarecaux-equitation.fr\/index.php\/formation\/","title":{"rendered":"Formations"},"content":{"rendered":"\n<h3 class=\"wp-block-heading has-medium-font-size\"><strong>Mes Formations : \u00c9quilibre, Performance et Harmonie \u2013 A Mar\u00e9caux \u00c9quitation<\/strong><\/h3>\n\n\n\n<p>D\u00e9couvrez mes formations d\u00e9di\u00e9es au bien-\u00eatre du cavalier et de son cheval, con\u00e7ues pour am\u00e9liorer votre position, votre ressenti, et \u00e9tablir une connexion fluide avec votre compagnon \u00e9quin. Mes programmes, adapt\u00e9s \u00e0 tous les niveaux, vous permettent d\u2019atteindre un \u00e9quilibre physique et mental optimal pour des performances durables et respectueuses.<\/p>\n\n\n\n<h3 class=\"wp-block-heading has-medium-font-size\"><strong>1. <a href=\"https:\/\/amarecaux-equitation.fr\/index.php\/programme-beac\/\" data-type=\"page\" data-id=\"63\">Programme Bien-\u00catre \u00e0 Cheval : Devenez le Cavalier Id\u00e9al<\/a><\/strong><\/h3>\n\n\n\n<figure class=\"wp-block-image alignright size-full is-resized\"><img loading=\"lazy\" decoding=\"async\" width=\"522\" height=\"739\" src=\"https:\/\/amarecaux-equitation.fr\/wp-content\/uploads\/2025\/03\/Capture-decran-2025-03-28-120754.png\" alt=\"\" class=\"wp-image-456\" style=\"width:429px;height:auto\" srcset=\"https:\/\/amarecaux-equitation.fr\/wp-content\/uploads\/2025\/03\/Capture-decran-2025-03-28-120754.png 522w, https:\/\/amarecaux-equitation.fr\/wp-content\/uploads\/2025\/03\/Capture-decran-2025-03-28-120754-212x300.png 212w\" sizes=\"auto, (max-width: 522px) 100vw, 522px\" \/><\/figure>\n\n\n\n<p>Le Programme Bien-\u00catre \u00e0 Cheval est une exp\u00e9rience compl\u00e8te, alliant th\u00e9orie, pratique et d\u00e9veloppement personnel. Il est con\u00e7u pour vous aider \u00e0 mieux comprendre votre cheval, affiner votre position \u00e0 cheval et renforcer votre condition physique. L\u2019objectif : cr\u00e9er une harmonie parfaite entre vous et votre cheval.<\/p>\n\n\n\n<p><strong>Ce que vous allez apprendre :<\/strong><\/p>\n\n\n\n<ul class=\"wp-block-list\">\n<li>Am\u00e9liorer votre posture et votre \u00e9quilibre.<\/li>\n\n\n\n<li>D\u00e9velopper une communication claire et fluide avec votre cheval.<\/li>\n\n\n\n<li>Optimiser votre pr\u00e9paration physique pour une meilleure performance durable.<\/li>\n<\/ul>\n\n\n\n<p><strong>Ce programme comprend :<\/strong><\/p>\n\n\n\n<ol class=\"wp-block-list\">\n<li><strong>S\u00e9ances sur cheval m\u00e9canique (6 s\u00e9ances)<\/strong> : Travail sur votre posture, \u00e9quilibre et ressenti, sans l\u2019interf\u00e9rence du mouvement du cheval r\u00e9el.<\/li>\n\n\n\n<li><strong>Bilan postural (avec un chiropracteur)<\/strong> : Analyse compl\u00e8te de votre posture \u00e0 pied et \u00e0 cheval pour corriger les d\u00e9s\u00e9quilibres.<\/li>\n\n\n\n<li><strong>S\u00e9ances \u00e0 cheval (12 s\u00e9ances)<\/strong> : Travail pratique adapt\u00e9 \u00e0 vos besoins pour int\u00e9grer les concepts abord\u00e9s et am\u00e9liorer l\u2019interaction avec votre cheval.<\/li>\n\n\n\n<li><strong>Analyses vid\u00e9o<\/strong> : R\u00e9vision de chaque s\u00e9ance avec analyse vid\u00e9o pour ajuster votre position et gestion des aides.<\/li>\n\n\n\n<li><strong>Pr\u00e9paration physique (8 s\u00e9ances)<\/strong> : S\u00e9ances de renforcement musculaire, \u00e9chauffement, \u00e9tirements et exercices d&rsquo;\u00e9quilibre.<\/li>\n\n\n\n<li><strong>Eveil sensoriel et d\u00e9veloppement personnel <\/strong>: Savoir quels param\u00e8tres analyser pour ressentir justement.<\/li>\n\n\n\n<li><strong>V\u00e9rification du mat\u00e9riel<\/strong> : Analyse de l\u2019adaptation de votre \u00e9quipement \u00e0 vous et \u00e0 votre cheval.<\/li>\n<\/ol>\n\n\n\n<p><strong>Pourquoi choisir ce programme ?<\/strong><\/p>\n\n\n\n<ul class=\"wp-block-list\">\n<li>Progresser tout en respectant le bien-\u00eatre de votre cheval.<\/li>\n\n\n\n<li>D\u00e9velopper des comp\u00e9tences pour une \u00e9quitation plus pr\u00e9cise et plus fluide.<\/li>\n\n\n\n<li>B\u00e9n\u00e9ficier d\u2019un suivi personnalis\u00e9 et de conseils pratiques.<\/li>\n<\/ul>\n\n\n\n<p><strong>Dur\u00e9e :<\/strong> 45 heures (30 heures \u00e0 distance et 15 heures en pr\u00e9sentiel)<\/p>\n\n\n\n<p><strong>Tarif :<\/strong> Sur demande. Contactez-nous pour plus d\u2019informations.<\/p>\n\n\n\n<figure class=\"wp-block-image alignright size-full is-resized\"><img loading=\"lazy\" decoding=\"async\" width=\"373\" height=\"526\" src=\"https:\/\/amarecaux-equitation.fr\/wp-content\/uploads\/2025\/03\/Capture-decran-2025-03-28-120706.png\" alt=\"\" class=\"wp-image-457\" style=\"width:316px;height:auto\" srcset=\"https:\/\/amarecaux-equitation.fr\/wp-content\/uploads\/2025\/03\/Capture-decran-2025-03-28-120706.png 373w, https:\/\/amarecaux-equitation.fr\/wp-content\/uploads\/2025\/03\/Capture-decran-2025-03-28-120706-213x300.png 213w\" sizes=\"auto, (max-width: 373px) 100vw, 373px\" \/><\/figure>\n\n\n\n<h3 class=\"wp-block-heading has-medium-font-size\"><strong>2.<a href=\"https:\/\/amarecaux-equitation.fr\/index.php\/stage-declic\/\" data-type=\"page\" data-id=\"65\"> Stage D\u00e9clic : 4 Jours pour Stimuler vos Sens et Am\u00e9liorer votre Fonctionnement \u00e0 Cheval<\/a><\/strong><\/h3>\n\n\n\n<p>Le <strong>Stage D\u00e9clic<\/strong> est une immersion de 4 jours pour vous aider \u00e0 comprendre et am\u00e9liorer votre fonctionnement \u00e0 cheval gr\u00e2ce \u00e0 une approche ludique et technique. \u00c0 travers des exercices pratiques et des analyses vid\u00e9o, vous am\u00e9liorerez votre position, votre ressenti et votre connexion avec votre cheval.<\/p>\n\n\n\n<p><strong>Programme du stage :<\/strong><\/p>\n\n\n\n<ul class=\"wp-block-list\">\n<li><strong>Jour 1 :<\/strong> Analyse et bilan postural (vid\u00e9os, th\u00e9ories et ajustements)<\/li>\n\n\n\n<li><strong>Jour 2 :<\/strong> Travail sur la position, la fixit\u00e9 et l\u2019adaptation du mat\u00e9riel<\/li>\n\n\n\n<li><strong>Jour 3 :<\/strong> \u00c9quilibre, coordination et analyse de votre fonctionnement avec vid\u00e9o<\/li>\n\n\n\n<li><strong>Jour 4 :<\/strong> Renforcement musculaire, Pilates, Yoga et travail pratique avec des reprises de dressage ou des parcours d\u2019obstacle.<\/li>\n<\/ul>\n\n\n\n<p><strong>Pourquoi participer au Stage D\u00e9clic ?<\/strong><\/p>\n\n\n\n<ul class=\"wp-block-list\">\n<li><strong>Analyse vid\u00e9o personnalis\u00e9e<\/strong> : Suivi et conseils adapt\u00e9s \u00e0 votre niveau.<\/li>\n\n\n\n<li><strong>Approche compl\u00e9mentaire<\/strong> : Pilates, Yoga et ateliers d\u2019\u00e9quilibre pour renforcer votre corps.<\/li>\n\n\n\n<li><strong>Am\u00e9lioration de votre communication avec le cheval<\/strong> : D\u00e9veloppez une connexion plus profonde et plus harmonieuse.<\/li>\n<\/ul>\n\n\n\n<p><strong>Lieu :<\/strong> A d\u00e9finir<br><strong>Dates :<\/strong> A d\u00e9finir. A noter que les 4 jours peuvent \u00eatre fais en plusieurs fois pour plus de facilit\u00e9<br><strong>Tarif :<\/strong> Sur demande (inclut la pension du cheval et le d\u00e9jeuner)<\/p>\n\n\n\n<h3 class=\"wp-block-heading has-medium-font-size\"><strong>3. <a href=\"https:\/\/amarecaux-equitation.fr\/index.php\/stage-enseignant\/\" data-type=\"page\" data-id=\"67\">Stage Enseignant : Am\u00e9liorez votre P\u00e9dagogie et Analysez la Position de vos Cavaliers<\/a><\/strong><\/h3>\n\n\n\n<p>Ce stage d\u2019une journ\u00e9e est destin\u00e9 aux enseignants en \u00e9quitation d\u00e9sireux de perfectionner leur p\u00e9dagogie et d\u2019affiner leur capacit\u00e9 \u00e0 analyser la position de leurs cavaliers. Vous apprendrez des outils techniques et pratiques pour am\u00e9liorer vos m\u00e9thodes d\u2019enseignement et accompagner efficacement vos \u00e9l\u00e8ves.<\/p>\n\n\n\n<p><strong>Ce que vous allez apprendre :<\/strong><\/p>\n\n\n\n<ul class=\"wp-block-list\">\n<li>Affiner votre capacit\u00e9 \u00e0 observer la posture des cavaliers.<\/li>\n\n\n\n<li>D\u00e9velopper des comp\u00e9tences pour guider vos \u00e9l\u00e8ves dans l\u2019am\u00e9lioration de leur \u00e9quilibre et leur coordination.<\/li>\n\n\n\n<li>Int\u00e9grer des exercices de pr\u00e9paration physique adapt\u00e9s \u00e0 vos cavaliers.<\/li>\n<\/ul>\n\n\n\n<p><strong>Pourquoi participer ?<\/strong><\/p>\n\n\n\n<ul class=\"wp-block-list\">\n<li>Perfectionner vos techniques d\u2019analyse de position et de ressenti.<\/li>\n\n\n\n<li>Am\u00e9liorer la pr\u00e9paration physique de vos cavaliers pour des performances optimales.<\/li>\n\n\n\n<li>Offrir \u00e0 vos \u00e9l\u00e8ves des progr\u00e8s durables et harmonieux.<\/li>\n<\/ul>\n\n\n\n<p><strong>Dur\u00e9e :<\/strong> 1 journ\u00e9e (7 heures)<br><strong>Tarif :<\/strong> 100 \u20ac par stagiaire<br><strong>Limit\u00e9 \u00e0 :<\/strong> 4 \u00e0 6 participants pour un suivi personnalis\u00e9<\/p>\n\n\n\n<h3 class=\"wp-block-heading has-medium-font-size\"><strong>Inscrivez vous d\u00e8s maintenant !<\/strong><\/h3>\n\n\n\n<p>Ne manquez pas l\u2019opportunit\u00e9 d\u2019am\u00e9liorer votre pratique \u00e0 cheval tout en respectant le bien-\u00eatre de votre cheval. Nos formations sont adapt\u00e9es \u00e0 vos besoins sp\u00e9cifiques et sont con\u00e7ues pour vous offrir un accompagnement sur-mesure pour progresser \u00e0 votre rythme.<\/p>\n\n\n\n<p><strong>Contactez moi pour plus d\u2019informations :<\/strong><br>Email : <a>aureliemarecaux59@gmail.com<\/a><br>T\u00e9l\u00e9phone : 0623786178                                                                                                                                                                                                                                                                                                                                                                                                       Via la rubrique <a href=\"https:\/\/amarecaux-equitation.fr\/index.php\/formulaire\/\" data-type=\"page\" data-id=\"86\">Contact<\/a>                                             <\/p>\n\n\n\n<h3 class=\"wp-block-heading has-medium-font-size\"><strong>Transformez votre \u00e9quitation, d\u00e9veloppez une harmonie parfaite avec votre cheval !<\/strong><\/h3>\n\n\n\n<p><\/p>\n","protected":false},"excerpt":{"rendered":"<p>Mes Formations : \u00c9quilibre, Performance et Harmonie \u2013 A Mar\u00e9caux \u00c9quitation D\u00e9couvrez mes formations d\u00e9di\u00e9es au bien-\u00eatre du cavalier et [&hellip;]<\/p>\n","protected":false},"author":1,"featured_media":0,"parent":0,"menu_order":0,"comment_status":"closed","ping_status":"closed","template":"","meta":{"site-sidebar-layout":"default","site-content-layout":"","ast-site-content-layout":"","site-content-style":"default","site-sidebar-style":"default","ast-global-header-display":"","ast-banner-title-visibility":"","ast-main-header-display":"","ast-hfb-above-header-display":"","ast-hfb-below-header-display":"","ast-hfb-mobile-header-display":"","site-post-title":"","ast-breadcrumbs-content":"","ast-featured-img":"","footer-sml-layout":"","theme-transparent-header-meta":"","adv-header-id-meta":"","stick-header-meta":"","header-above-stick-meta":"","header-main-stick-meta":"","header-below-stick-meta":"","astra-migrate-meta-layouts":"default","ast-page-background-enabled":"default","ast-page-background-meta":{"desktop":{"background-color":"var(--ast-global-color-5)","background-image":"","background-repeat":"repeat","background-position":"center center","background-size":"auto","background-attachment":"scroll","background-type":"","background-media":"","overlay-type":"","overlay-color":"","overlay-opacity":"","overlay-gradient":""},"tablet":{"background-color":"","background-image":"","background-repeat":"repeat","background-position":"center center","background-size":"auto","background-attachment":"scroll","background-type":"","background-media":"","overlay-type":"","overlay-color":"","overlay-opacity":"","overlay-gradient":""},"mobile":{"background-color":"","background-image":"","background-repeat":"repeat","background-position":"center center","background-size":"auto","background-attachment":"scroll","background-type":"","background-media":"","overlay-type":"","overlay-color":"","overlay-opacity":"","overlay-gradient":""}},"ast-content-background-meta":{"desktop":{"background-color":"var(--ast-global-color-4)","background-image":"","background-repeat":"repeat","background-position":"center center","background-size":"auto","background-attachment":"scroll","background-type":"","background-media":"","overlay-type":"","overlay-color":"","overlay-opacity":"","overlay-gradient":""},"tablet":{"background-color":"var(--ast-global-color-4)","background-image":"","background-repeat":"repeat","background-position":"center center","background-size":"auto","background-attachment":"scroll","background-type":"","background-media":"","overlay-type":"","overlay-color":"","overlay-opacity":"","overlay-gradient":""},"mobile":{"background-color":"var(--ast-global-color-4)","background-image":"","background-repeat":"repeat","background-position":"center center","background-size":"auto","background-attachment":"scroll","background-type":"","background-media":"","overlay-type":"","overlay-color":"","overlay-opacity":"","overlay-gradient":""}},"footnotes":""},"class_list":["post-48","page","type-page","status-publish","hentry"],"_links":{"self":[{"href":"https:\/\/amarecaux-equitation.fr\/index.php\/wp-json\/wp\/v2\/pages\/48","targetHints":{"allow":["GET"]}}],"collection":[{"href":"https:\/\/amarecaux-equitation.fr\/index.php\/wp-json\/wp\/v2\/pages"}],"about":[{"href":"https:\/\/amarecaux-equitation.fr\/index.php\/wp-json\/wp\/v2\/types\/page"}],"author":[{"embeddable":true,"href":"https:\/\/amarecaux-equitation.fr\/index.php\/wp-json\/wp\/v2\/users\/1"}],"replies":[{"embeddable":true,"href":"https:\/\/amarecaux-equitation.fr\/index.php\/wp-json\/wp\/v2\/comments?post=48"}],"version-history":[{"count":8,"href":"https:\/\/amarecaux-equitation.fr\/index.php\/wp-json\/wp\/v2\/pages\/48\/revisions"}],"predecessor-version":[{"id":530,"href":"https:\/\/amarecaux-equitation.fr\/index.php\/wp-json\/wp\/v2\/pages\/48\/revisions\/530"}],"wp:attachment":[{"href":"https:\/\/amarecaux-equitation.fr\/index.php\/wp-json\/wp\/v2\/media?parent=48"}],"curies":[{"name":"wp","href":"https:\/\/api.w.org\/{rel}","templated":true}]}}