{"id":53,"date":"2025-01-21T15:36:24","date_gmt":"2025-01-21T14:36:24","guid":{"rendered":"https:\/\/amarecaux-equitation.fr\/?page_id=53"},"modified":"2025-04-18T10:23:04","modified_gmt":"2025-04-18T08:23:04","slug":"cheval-mecanique","status":"publish","type":"page","link":"https:\/\/amarecaux-equitation.fr\/index.php\/cheval-mecanique\/","title":{"rendered":"Cheval m\u00e9canique"},"content":{"rendered":"\n<p class=\"has-medium-font-size\"><strong>No Limit : Cheval m\u00e9canique (ou Simulateur \u00c9questre) con\u00e7u par Equifab <\/strong><\/p>\n\n\n\n<p>D\u00e9couvrez le <strong>premier simulateur \u00e9questre fran\u00e7ais<\/strong> \u00e9quip\u00e9 de deux moteurs pour deux mouvements diff\u00e9rents, offrant une exp\u00e9rience immersive et r\u00e9aliste pour am\u00e9liorer la position et le ressenti des cavaliers. Que vous soyez un particulier, un club ou un moniteur, cette technologie unique en France est l&rsquo;outil id\u00e9al pour enrichir vos s\u00e9ances d&rsquo;entra\u00eenement et vos \u00e9v\u00e9nements \u00e9questres.<\/p>\n\n\n\n<p class=\"has-ast-global-color-8-color has-text-color has-link-color has-medium-font-size wp-elements-a1af2b3c45714396cbaa89504742e010\"><strong><em>Un outil unique pour permettre au cavalier de se concentrer sur la gestion de son corps et de son ressenti<\/em><\/strong> <\/p>\n\n\n\n<figure class=\"wp-block-image alignright size-full is-resized\"><img loading=\"lazy\" decoding=\"async\" width=\"393\" height=\"413\" src=\"https:\/\/amarecaux-equitation.fr\/wp-content\/uploads\/2025\/03\/Capture-decran-2025-03-28-114537.png\" alt=\"\" class=\"wp-image-447\" style=\"width:331px;height:auto\" srcset=\"https:\/\/amarecaux-equitation.fr\/wp-content\/uploads\/2025\/03\/Capture-decran-2025-03-28-114537.png 393w, https:\/\/amarecaux-equitation.fr\/wp-content\/uploads\/2025\/03\/Capture-decran-2025-03-28-114537-285x300.png 285w\" sizes=\"auto, (max-width: 393px) 100vw, 393px\" \/><\/figure>\n\n\n\n<h3 class=\"wp-block-heading has-medium-font-size\"><strong>Un outil p\u00e9dagogique aux nombreux avantages !<\/strong><\/h3>\n\n\n\n<ul class=\"wp-block-list\">\n<li>R\u00e9gularit\u00e9 de la cadence et de l\u2019attitude<\/li>\n\n\n\n<li>Maitrise permanente de l\u2019allure<\/li>\n\n\n\n<li>Mouvements constants permettant la r\u00e9p\u00e9tition<\/li>\n\n\n\n<li>Acc\u00e8s au cavalier en mouvement : correction facilit\u00e9e<\/li>\n\n\n\n<li>Sym\u00e9trie et rectitude : Analyse de la position facilit\u00e9e<\/li>\n<\/ul>\n\n\n\n<p class=\"has-medium-font-size\"><strong>Les bienfaits pour le cavaliers sont vari\u00e9s :<\/strong><\/p>\n\n\n\n<p>Le cheval m\u00e9canique est parfait pour <strong>prendre conscience de son corps<\/strong>, de son <strong>\u00e9quilibre<\/strong> en mouvement. Le cavalier peut en effet ne penser qu&rsquo;\u00e0 lui et ses propres sensations ce qui est difficile sur un vrai cheval dont nous devons g\u00e9rer la vitesse et la direction (en plus de ses \u00e9motions).<br>La gestion de sa posture devient alors plus simple et la progression s&rsquo;en suit !<\/p>\n\n\n\n<p>Quelques exemples de bienfaits :<\/p>\n\n\n\n<ul class=\"wp-block-list\">\n<li>D\u00e9veloppement ses capacit\u00e9s physiques, psychomotrices et cognitives : renforcement musculaire, \u00e9veil sensoriel, stimulation de la proprioception\u2026<\/li>\n\n\n\n<li>Am\u00e9lioration du ressenti : mouvements fins n\u00e9cessitant plus de pr\u00e9cision dans la perception,<\/li>\n\n\n\n<li>Comprendre plus facilement son \u00e9quilibre et trouver comment le g\u00e9rer,<\/li>\n\n\n\n<li>Am\u00e9lioration de sa propre sym\u00e9trie (le simulateur \u00e9tant parfaitement droit)<\/li>\n\n\n\n<li>Impr\u00e9gnation de la bonne position\/sensation en r\u00e9p\u00e9tant les mouvements plus longtemps ce qui permet une acquisition plus rapide,<\/li>\n\n\n\n<li>Gestion de son corps sans variables ext\u00e9rieures ni peur,<\/li>\n\n\n\n<li>Mobilisation, dissociation et coordination des diff\u00e9rentes parties du corps<\/li>\n<\/ul>\n\n\n\n<div class=\"wp-block-columns is-layout-flex wp-container-core-columns-is-layout-28f84493 wp-block-columns-is-layout-flex\">\n<div class=\"wp-block-column is-layout-flow wp-block-column-is-layout-flow\">\n<figure class=\"wp-block-image size-full\"><img loading=\"lazy\" decoding=\"async\" width=\"337\" height=\"481\" src=\"https:\/\/amarecaux-equitation.fr\/wp-content\/uploads\/2025\/03\/Capture-decran-2025-03-25-162052.png\" alt=\"\" class=\"wp-image-444\" srcset=\"https:\/\/amarecaux-equitation.fr\/wp-content\/uploads\/2025\/03\/Capture-decran-2025-03-25-162052.png 337w, https:\/\/amarecaux-equitation.fr\/wp-content\/uploads\/2025\/03\/Capture-decran-2025-03-25-162052-210x300.png 210w\" sizes=\"auto, (max-width: 337px) 100vw, 337px\" \/><\/figure>\n<\/div>\n\n\n\n<div class=\"wp-block-column is-layout-flow wp-block-column-is-layout-flow\">\n<figure class=\"wp-block-image size-full\"><img loading=\"lazy\" decoding=\"async\" width=\"338\" height=\"475\" src=\"https:\/\/amarecaux-equitation.fr\/wp-content\/uploads\/2025\/03\/Capture-decran-2025-03-25-162121.png\" alt=\"\" class=\"wp-image-445\" srcset=\"https:\/\/amarecaux-equitation.fr\/wp-content\/uploads\/2025\/03\/Capture-decran-2025-03-25-162121.png 338w, https:\/\/amarecaux-equitation.fr\/wp-content\/uploads\/2025\/03\/Capture-decran-2025-03-25-162121-213x300.png 213w\" sizes=\"auto, (max-width: 338px) 100vw, 338px\" \/><\/figure>\n<\/div>\n\n\n\n<div class=\"wp-block-column is-layout-flow wp-block-column-is-layout-flow\">\n<figure class=\"wp-block-image size-full\"><img loading=\"lazy\" decoding=\"async\" width=\"337\" height=\"469\" src=\"https:\/\/amarecaux-equitation.fr\/wp-content\/uploads\/2025\/03\/Capture-decran-2025-03-25-162208.png\" alt=\"\" class=\"wp-image-446\" srcset=\"https:\/\/amarecaux-equitation.fr\/wp-content\/uploads\/2025\/03\/Capture-decran-2025-03-25-162208.png 337w, https:\/\/amarecaux-equitation.fr\/wp-content\/uploads\/2025\/03\/Capture-decran-2025-03-25-162208-216x300.png 216w\" sizes=\"auto, (max-width: 337px) 100vw, 337px\" \/><\/figure>\n<\/div>\n<\/div>\n\n\n\n<h3 class=\"wp-block-heading has-medium-font-size\"><strong>Une exp\u00e9rience immersive et b\u00e9n\u00e9fique<\/strong><\/h3>\n\n\n\n<p>Le simulateur \u00e9questre est con\u00e7u pour reproduire deux types de mouvements diff\u00e9rents, offrant ainsi un r\u00e9el b\u00e9n\u00e9fice pour le ressenti des cavaliers. Vous pouvez utiliser ce simulateur lors de <strong>cours particuliers<\/strong>, mais aussi pour des <strong>ateliers de position<\/strong> ou des <strong>s\u00e9ances de ressenti<\/strong> dans votre club \u00e9questre.<\/p>\n\n\n\n<h3 class=\"wp-block-heading has-medium-font-size\"><strong>Vous \u00eates un particulier ? Un club ? Un moniteur ?<\/strong><\/h3>\n\n\n\n<p>Le cheval m\u00e9canique est id\u00e9al pour : <\/p>\n\n\n\n<ul class=\"wp-block-list\">\n<li><strong>Enrichir vos \u00e9v\u00e9nements<\/strong> : Offrez \u00e0 vos participants une exp\u00e9rience de simulation \u00e9questre enrichissante et ludique.<\/li>\n\n\n\n<li><strong>Am\u00e9liorer la position du cavalier<\/strong> : Un outil unique pour travailler la position et la coordination sur des mouvements sp\u00e9cifiques du cheval.<\/li>\n\n\n\n<li><strong>Proposer des stages ou des cours particuliers<\/strong> : Travaillez avec un simulateur pour perfectionner vos cavaliers, m\u00eame dans un cadre particulier ou de groupe.<\/li>\n<\/ul>\n\n\n\n<p>Peu importe votre profil, le simulateur est accessible \u00e0 tous, et nous vous proposons des offres adapt\u00e9es \u00e0 vos besoins. Ne manquez pas l\u2019occasion de d\u00e9couvrir cette innovation qui va transformer vos s\u00e9ances d\u2019\u00e9quitation et enrichir vos \u00e9v\u00e9nements \u00e9questres !<\/p>\n\n\n\n<h3 class=\"wp-block-heading has-medium-font-size\"><strong>Contactez moi d\u00e8s maintenant !<\/strong><\/h3>\n\n\n\n<p>R\u00e9servez une journ\u00e9e pour tester et proposer cette activit\u00e9 unique et b\u00e9n\u00e9fique pour vos cavaliers. Pour plus d\u2019informations ou pour r\u00e9server, contactez moi au <strong>0623786178<\/strong> ou sur le <a href=\"https:\/\/amarecaux-equitation.fr\/index.php\/formulaire\/\" data-type=\"page\" data-id=\"86\">formulaire de contact<\/a> dans la rubrique contact<\/p>\n\n\n\n<p><strong>R\u00e9servez d\u00e8s maintenant et profitez d&rsquo;une exp\u00e9rience unique !<\/strong><\/p>\n\n\n\n<figure class=\"wp-block-image aligncenter size-full is-resized\"><img loading=\"lazy\" decoding=\"async\" width=\"301\" height=\"248\" src=\"https:\/\/amarecaux-equitation.fr\/wp-content\/uploads\/2025\/03\/Capture-decran-2025-03-25-161831.png\" alt=\"\" class=\"wp-image-430\" style=\"width:426px;height:auto\"\/><\/figure>\n\n\n\n<p><\/p>\n","protected":false},"excerpt":{"rendered":"<p>No Limit : Cheval m\u00e9canique (ou Simulateur \u00c9questre) con\u00e7u par Equifab D\u00e9couvrez le premier simulateur \u00e9questre fran\u00e7ais \u00e9quip\u00e9 de deux [&hellip;]<\/p>\n","protected":false},"author":1,"featured_media":395,"parent":0,"menu_order":0,"comment_status":"closed","ping_status":"closed","template":"","meta":{"site-sidebar-layout":"default","site-content-layout":"","ast-site-content-layout":"","site-content-style":"default","site-sidebar-style":"default","ast-global-header-display":"","ast-banner-title-visibility":"","ast-main-header-display":"","ast-hfb-above-header-display":"","ast-hfb-below-header-display":"","ast-hfb-mobile-header-display":"","site-post-title":"","ast-breadcrumbs-content":"","ast-featured-img":"","footer-sml-layout":"","theme-transparent-header-meta":"","adv-header-id-meta":"","stick-header-meta":"","header-above-stick-meta":"","header-main-stick-meta":"","header-below-stick-meta":"","astra-migrate-meta-layouts":"default","ast-page-background-enabled":"default","ast-page-background-meta":{"desktop":{"background-color":"var(--ast-global-color-5)","background-image":"","background-repeat":"repeat","background-position":"center center","background-size":"auto","background-attachment":"scroll","background-type":"","background-media":"","overlay-type":"","overlay-color":"","overlay-opacity":"","overlay-gradient":""},"tablet":{"background-color":"","background-image":"","background-repeat":"repeat","background-position":"center center","background-size":"auto","background-attachment":"scroll","background-type":"","background-media":"","overlay-type":"","overlay-color":"","overlay-opacity":"","overlay-gradient":""},"mobile":{"background-color":"","background-image":"","background-repeat":"repeat","background-position":"center center","background-size":"auto","background-attachment":"scroll","background-type":"","background-media":"","overlay-type":"","overlay-color":"","overlay-opacity":"","overlay-gradient":""}},"ast-content-background-meta":{"desktop":{"background-color":"var(--ast-global-color-4)","background-image":"","background-repeat":"repeat","background-position":"center center","background-size":"auto","background-attachment":"scroll","background-type":"","background-media":"","overlay-type":"","overlay-color":"","overlay-opacity":"","overlay-gradient":""},"tablet":{"background-color":"var(--ast-global-color-4)","background-image":"","background-repeat":"repeat","background-position":"center center","background-size":"auto","background-attachment":"scroll","background-type":"","background-media":"","overlay-type":"","overlay-color":"","overlay-opacity":"","overlay-gradient":""},"mobile":{"background-color":"var(--ast-global-color-4)","background-image":"","background-repeat":"repeat","background-position":"center center","background-size":"auto","background-attachment":"scroll","background-type":"","background-media":"","overlay-type":"","overlay-color":"","overlay-opacity":"","overlay-gradient":""}},"footnotes":""},"class_list":["post-53","page","type-page","status-publish","has-post-thumbnail","hentry"],"_links":{"self":[{"href":"https:\/\/amarecaux-equitation.fr\/index.php\/wp-json\/wp\/v2\/pages\/53","targetHints":{"allow":["GET"]}}],"collection":[{"href":"https:\/\/amarecaux-equitation.fr\/index.php\/wp-json\/wp\/v2\/pages"}],"about":[{"href":"https:\/\/amarecaux-equitation.fr\/index.php\/wp-json\/wp\/v2\/types\/page"}],"author":[{"embeddable":true,"href":"https:\/\/amarecaux-equitation.fr\/index.php\/wp-json\/wp\/v2\/users\/1"}],"replies":[{"embeddable":true,"href":"https:\/\/amarecaux-equitation.fr\/index.php\/wp-json\/wp\/v2\/comments?post=53"}],"version-history":[{"count":15,"href":"https:\/\/amarecaux-equitation.fr\/index.php\/wp-json\/wp\/v2\/pages\/53\/revisions"}],"predecessor-version":[{"id":526,"href":"https:\/\/amarecaux-equitation.fr\/index.php\/wp-json\/wp\/v2\/pages\/53\/revisions\/526"}],"wp:featuredmedia":[{"embeddable":true,"href":"https:\/\/amarecaux-equitation.fr\/index.php\/wp-json\/wp\/v2\/media\/395"}],"wp:attachment":[{"href":"https:\/\/amarecaux-equitation.fr\/index.php\/wp-json\/wp\/v2\/media?parent=53"}],"curies":[{"name":"wp","href":"https:\/\/api.w.org\/{rel}","templated":true}]}}