{"id":57,"date":"2025-01-21T15:41:16","date_gmt":"2025-01-21T14:41:16","guid":{"rendered":"https:\/\/amarecaux-equitation.fr\/?page_id=57"},"modified":"2025-03-25T16:40:50","modified_gmt":"2025-03-25T15:40:50","slug":"boutique","status":"publish","type":"page","link":"https:\/\/amarecaux-equitation.fr\/index.php\/boutique\/","title":{"rendered":"Boutique"},"content":{"rendered":"\n<p>Retrouver les produits disponibles \u00e0 la vente et les services sur la boutique en ligne ! <a href=\"https:\/\/amarecaux-equitation.sumupstore.com\/\">lien <\/a><\/p>\n\n\n\n<figure class=\"wp-block-image size-full is-resized\"><img loading=\"lazy\" decoding=\"async\" width=\"739\" height=\"528\" src=\"https:\/\/amarecaux-equitation.fr\/wp-content\/uploads\/2025\/03\/Capture-decran-2025-03-25-145619.png\" alt=\"\" class=\"wp-image-386\" style=\"width:909px;height:auto\" srcset=\"https:\/\/amarecaux-equitation.fr\/wp-content\/uploads\/2025\/03\/Capture-decran-2025-03-25-145619.png 739w, https:\/\/amarecaux-equitation.fr\/wp-content\/uploads\/2025\/03\/Capture-decran-2025-03-25-145619-300x214.png 300w\" sizes=\"auto, (max-width: 739px) 100vw, 739px\" \/><\/figure>\n\n\n\n<p>En plus du coaching, je souhaite accompagner et aider dans la recherche, l&rsquo;achat et la revente de leur mat\u00e9riel. Avoir du mat\u00e9riel adapt\u00e9 \u00e0 soi et \u00e0 son cheval est important pour le bien-\u00eatre du couple lors de la monte.<br>La gestion de son mat\u00e9riel peut parfois \u00eatre une source de tracas, c&rsquo;est pourquoi j&rsquo;ai cr\u00e9\u00e9 \u00ab\u00a0Solutions Mat\u00e9riel Equitation\u00a0\u00bb qui est une version simplifi\u00e9e de Bien \u00e0 Cheval.<\/p>\n\n\n\n<p class=\"has-medium-font-size\"><strong>Vente de mat\u00e9riel<\/strong><\/p>\n\n\n\n<p class=\"has-small-font-size\">Je tiens une petite boutique avec des produits issus du d\u00e9pot-vente de particuliers et des produits issus de fournisseurs. <br>Vous trouverez du mat\u00e9riel, du textile, des produits de soins, des compl\u00e9ments, des gilets airbag et les cartouches&#8230;<br>Achats possibles en lignes ou en boutique. Le local se trouve au coeur du centre \u00e9questre de Marcq en Baroeul, 108 rue de la Rianderie, 59700 Marcq-en-Baroeul.<br>Les produits sont neufs ou d&rsquo;occasion. Ils sont fonctionnels, en bon \u00e9tat* et propres.<br><em>* une section <a href=\"https:\/\/amarecaux-equitation.sumupstore.com\/cat%C3%A9gorie\/articles-occasion-avec-defauts\">\u00ab\u00a0articles avec d\u00e9fauts\u00a0\u00bb<\/a> a \u00e9t\u00e9 cr\u00e9\u00e9 sur la boutique. Ces articles pr\u00e9sentent des d\u00e9fauts qui sont esth\u00e9tiques (taches, accros&#8230;) qui ne nuisent pas au bon fonctionnement des articles<\/em><\/p>\n\n\n\n<p class=\"has-medium-font-size\"><strong>\u00ab\u00a0Personal Shopper\u00a0\u00bb ou \u00ab\u00a0Acheteur Personnel\u00a0\u00bb<\/strong><\/p>\n\n\n\n<p class=\"has-small-font-size\"><strong>Vous avez des besoins en termes de mat\u00e9riel ou de produits mais pas le temps de chercher ? Je m&rsquo;en occupe ! <\/strong><br>Faites votre liste de courses et indiquez moi votre budget. Je vous fais parvenir un devis avec une s\u00e9lection de produits qui correspondent \u00e0 vos besoins ou ceux de votre cheval. <br>Mon expertise et mon exp\u00e9rience me permettent de vous proposer des produits et du mat\u00e9riel adapt\u00e9s.<br>Je travaille avec des fournisseurs et des partenaires qui me permettent de vous commander des produits de nombreuses marques, principalement fran\u00e7aises, pour un rapport qualit\u00e9\/prix optimal.<\/p>\n\n\n\n<p class=\"has-medium-font-size\"><strong><a href=\"https:\/\/amarecaux-equitation.sumupstore.com\/cat%C3%A9gorie\/services\">Services<\/a> : Location et Nettoyage<\/strong><\/p>\n\n\n\n<p>Pour faciliter votre quotidien de cavalier, j&rsquo;ai mis en place un service de <strong><a href=\"https:\/\/amarecaux-equitation.sumupstore.com\/article\/location-gilet-airbag\">location de gilet airbag<\/a> <\/strong>et un service de <strong>nettoyage<\/strong> des textiles (tapis, couvertures&#8230;)<\/p>\n\n\n\n<figure class=\"wp-block-image size-large is-resized\"><img loading=\"lazy\" decoding=\"async\" width=\"1024\" height=\"555\" src=\"https:\/\/amarecaux-equitation.fr\/wp-content\/uploads\/2025\/03\/Capture-decran-2025-03-25-161126-1024x555.png\" alt=\"\" class=\"wp-image-388\" style=\"width:435px;height:auto\" srcset=\"https:\/\/amarecaux-equitation.fr\/wp-content\/uploads\/2025\/03\/Capture-decran-2025-03-25-161126-1024x555.png 1024w, https:\/\/amarecaux-equitation.fr\/wp-content\/uploads\/2025\/03\/Capture-decran-2025-03-25-161126-300x163.png 300w, https:\/\/amarecaux-equitation.fr\/wp-content\/uploads\/2025\/03\/Capture-decran-2025-03-25-161126-768x416.png 768w, https:\/\/amarecaux-equitation.fr\/wp-content\/uploads\/2025\/03\/Capture-decran-2025-03-25-161126.png 1532w\" sizes=\"auto, (max-width: 1024px) 100vw, 1024px\" \/><\/figure>\n\n\n\n<p><\/p>\n","protected":false},"excerpt":{"rendered":"<p>Retrouver les produits disponibles \u00e0 la vente et les services sur la boutique en ligne ! lien En plus du [&hellip;]<\/p>\n","protected":false},"author":1,"featured_media":0,"parent":0,"menu_order":0,"comment_status":"closed","ping_status":"closed","template":"","meta":{"site-sidebar-layout":"default","site-content-layout":"","ast-site-content-layout":"","site-content-style":"default","site-sidebar-style":"default","ast-global-header-display":"","ast-banner-title-visibility":"","ast-main-header-display":"","ast-hfb-above-header-display":"","ast-hfb-below-header-display":"","ast-hfb-mobile-header-display":"","site-post-title":"","ast-breadcrumbs-content":"","ast-featured-img":"","footer-sml-layout":"","theme-transparent-header-meta":"","adv-header-id-meta":"","stick-header-meta":"","header-above-stick-meta":"","header-main-stick-meta":"","header-below-stick-meta":"","astra-migrate-meta-layouts":"default","ast-page-background-enabled":"default","ast-page-background-meta":{"desktop":{"background-color":"var(--ast-global-color-5)","background-image":"","background-repeat":"repeat","background-position":"center center","background-size":"auto","background-attachment":"scroll","background-type":"","background-media":"","overlay-type":"","overlay-color":"","overlay-opacity":"","overlay-gradient":""},"tablet":{"background-color":"","background-image":"","background-repeat":"repeat","background-position":"center center","background-size":"auto","background-attachment":"scroll","background-type":"","background-media":"","overlay-type":"","overlay-color":"","overlay-opacity":"","overlay-gradient":""},"mobile":{"background-color":"","background-image":"","background-repeat":"repeat","background-position":"center center","background-size":"auto","background-attachment":"scroll","background-type":"","background-media":"","overlay-type":"","overlay-color":"","overlay-opacity":"","overlay-gradient":""}},"ast-content-background-meta":{"desktop":{"background-color":"var(--ast-global-color-4)","background-image":"","background-repeat":"repeat","background-position":"center center","background-size":"auto","background-attachment":"scroll","background-type":"","background-media":"","overlay-type":"","overlay-color":"","overlay-opacity":"","overlay-gradient":""},"tablet":{"background-color":"var(--ast-global-color-4)","background-image":"","background-repeat":"repeat","background-position":"center center","background-size":"auto","background-attachment":"scroll","background-type":"","background-media":"","overlay-type":"","overlay-color":"","overlay-opacity":"","overlay-gradient":""},"mobile":{"background-color":"var(--ast-global-color-4)","background-image":"","background-repeat":"repeat","background-position":"center center","background-size":"auto","background-attachment":"scroll","background-type":"","background-media":"","overlay-type":"","overlay-color":"","overlay-opacity":"","overlay-gradient":""}},"footnotes":""},"class_list":["post-57","page","type-page","status-publish","hentry"],"_links":{"self":[{"href":"https:\/\/amarecaux-equitation.fr\/index.php\/wp-json\/wp\/v2\/pages\/57","targetHints":{"allow":["GET"]}}],"collection":[{"href":"https:\/\/amarecaux-equitation.fr\/index.php\/wp-json\/wp\/v2\/pages"}],"about":[{"href":"https:\/\/amarecaux-equitation.fr\/index.php\/wp-json\/wp\/v2\/types\/page"}],"author":[{"embeddable":true,"href":"https:\/\/amarecaux-equitation.fr\/index.php\/wp-json\/wp\/v2\/users\/1"}],"replies":[{"embeddable":true,"href":"https:\/\/amarecaux-equitation.fr\/index.php\/wp-json\/wp\/v2\/comments?post=57"}],"version-history":[{"count":5,"href":"https:\/\/amarecaux-equitation.fr\/index.php\/wp-json\/wp\/v2\/pages\/57\/revisions"}],"predecessor-version":[{"id":394,"href":"https:\/\/amarecaux-equitation.fr\/index.php\/wp-json\/wp\/v2\/pages\/57\/revisions\/394"}],"wp:attachment":[{"href":"https:\/\/amarecaux-equitation.fr\/index.php\/wp-json\/wp\/v2\/media?parent=57"}],"curies":[{"name":"wp","href":"https:\/\/api.w.org\/{rel}","templated":true}]}}