{"id":59,"date":"2025-01-21T15:42:13","date_gmt":"2025-01-21T14:42:13","guid":{"rendered":"https:\/\/amarecaux-equitation.fr\/?page_id=59"},"modified":"2025-04-03T12:57:10","modified_gmt":"2025-04-03T10:57:10","slug":"services-occasion","status":"publish","type":"page","link":"https:\/\/amarecaux-equitation.fr\/index.php\/services-occasion\/","title":{"rendered":"Services Mat\u00e9riel"},"content":{"rendered":"\n<p><strong>Les Services en lien avec votre mat\u00e9riel : D\u00e9p\u00f4t-Vente &#8211; Nettoyage textile &#8211; Location <\/strong><\/p>\n\n\n\n<p>Bienvenue sur la page d\u00e9di\u00e9e aux services pour le mat\u00e9riel \u00e9questre ! Je propose une gamme de prestations sp\u00e9cialis\u00e9es pour prendre soin de vos \u00e9quipements avec des solutions pratiques, professionnelles et \u00e9conomiques. D\u00e9couvrez les services de <strong>d\u00e9p\u00f4t-vente<\/strong>, <strong>nettoyage<\/strong> et <strong>location<\/strong> con\u00e7us pour faciliter la gestion et l&rsquo;entretien de votre mat\u00e9riel \u00e9questre.<\/p>\n\n\n\n<figure class=\"wp-block-image alignright size-full\"><img loading=\"lazy\" decoding=\"async\" width=\"402\" height=\"270\" src=\"https:\/\/amarecaux-equitation.fr\/wp-content\/uploads\/2025\/04\/Capture-decran-2025-04-03-125520.png\" alt=\"\" class=\"wp-image-501\" srcset=\"https:\/\/amarecaux-equitation.fr\/wp-content\/uploads\/2025\/04\/Capture-decran-2025-04-03-125520.png 402w, https:\/\/amarecaux-equitation.fr\/wp-content\/uploads\/2025\/04\/Capture-decran-2025-04-03-125520-300x201.png 300w\" sizes=\"auto, (max-width: 402px) 100vw, 402px\" \/><\/figure>\n\n\n\n<h3 class=\"wp-block-heading has-medium-font-size\"><strong>1. <a href=\"https:\/\/amarecaux-equitation.fr\/index.php\/depots-ventes\/\" data-type=\"page\" data-id=\"79\">Service de D\u00e9p\u00f4t-Vente \u2013 Vendez en Toute Simplicit\u00e9<\/a><\/strong><\/h3>\n\n\n\n<p>Vous avez du mat\u00e9riel \u00e9questre \u00e0 vendre ? Simplifiez-vous la vie en optant pour mon service de d\u00e9p\u00f4t-vente. Je g\u00e8re l\u2019ensemble du processus pour vous, de la mise en vente \u00e0 la transaction, tout en garantissant une vente sereine et s\u00e9curis\u00e9e.<\/p>\n\n\n\n<h4 class=\"wp-block-heading has-medium-font-size\"><strong>Pourquoi Choisir le D\u00e9p\u00f4t-Vente ?<\/strong><\/h4>\n\n\n\n<ul class=\"wp-block-list\">\n<li><strong>Gagnez du temps<\/strong> : Fini les annonces interminables et les rendez-vous d\u2019essai ! Je m&rsquo;occupe de tout.<\/li>\n\n\n\n<li><strong>Vente en toute s\u00e9curit\u00e9<\/strong> : Je prends en charge la pr\u00e9sentation de vos articles, les n\u00e9gociations et les tests avec les acheteurs*.<em> <\/em><\/li>\n\n\n\n<li><strong>Espace lib\u00e9r\u00e9, argent gagn\u00e9<\/strong> : Vendez votre mat\u00e9riel en toute tranquillit\u00e9, et r\u00e9cup\u00e9rez des fonds pour de futurs achats.<\/li>\n<\/ul>\n\n\n\n<h4 class=\"wp-block-heading has-medium-font-size\"><strong>Comment \u00e7a marche ?<\/strong><\/h4>\n\n\n\n<figure class=\"wp-block-image alignright size-full is-resized\"><img loading=\"lazy\" decoding=\"async\" width=\"377\" height=\"253\" src=\"https:\/\/amarecaux-equitation.fr\/wp-content\/uploads\/2025\/04\/Capture-decran-2025-04-03-125527.png\" alt=\"\" class=\"wp-image-502\" style=\"width:197px;height:auto\" srcset=\"https:\/\/amarecaux-equitation.fr\/wp-content\/uploads\/2025\/04\/Capture-decran-2025-04-03-125527.png 377w, https:\/\/amarecaux-equitation.fr\/wp-content\/uploads\/2025\/04\/Capture-decran-2025-04-03-125527-300x201.png 300w\" sizes=\"auto, (max-width: 377px) 100vw, 377px\" \/><\/figure>\n\n\n\n<ol class=\"wp-block-list\">\n<li><strong>Contactez moi<\/strong> pour recevoir le contrat et les conditions et vous assurez que le mat\u00e9riel est \u00e9ligible**,<\/li>\n\n\n\n<li><strong>Pr\u00e9-remplissez le contrat<\/strong> chez vous,<\/li>\n\n\n\n<li><strong>D\u00e9posez votre mat\u00e9riel<\/strong> au point de rendez-vous convenu ensemble,<\/li>\n\n\n\n<li><strong>Je g\u00e8re la vente<\/strong> : J&rsquo;expose vos articles et la communication avec les acheteurs.<\/li>\n\n\n\n<li><strong>Vente confirm\u00e9e<\/strong> : D\u00e8s qu\u2019un acheteur est trouv\u00e9, vous r\u00e9cup\u00e9rez votre part de la vente.<\/li>\n<\/ol>\n\n\n\n<p><em>*Conditions d\u00e9finies ensemble<\/em><br>** <em>Je prends en d\u00e9p\u00f4t uniquement du mat\u00e9riel en bon \u00e9tat*** et surtout <strong>fonctionnel.<\/strong> Je ne prends <strong>pas les \u00e9quipements de s\u00e9curit\u00e9<\/strong> comme les bombes ou les gilets airbag (sauf les Debon&rsquo;R). Le mat\u00e9riel doit \u00eatre <strong>propre<\/strong>. Si besoin le nettoyage peut \u00eatre fait par mes soins avec un co\u00fbt pour le service.<\/em><br>***<em> Si le mat\u00e9riel pr\u00e9sente des petits d\u00e9fauts (trous, t\u00e2ches&#8230;) ne g\u00eanant pas le fonctionnement ou ne g\u00e2chant pas l&rsquo;esth\u00e9tique final du mat\u00e9riel une fois port\u00e9, je peux les prendre et les mettre dans la cat\u00e9gorie \u00ab\u00a0articles avec d\u00e9faut\u00a0\u00bb sur la boutique en ligne. Les prix de ventes se feront en cons\u00e9quence et donc \u00e0 prix tr\u00e8s abordables pour les clients acheteurs.<\/em><\/p>\n\n\n\n<figure class=\"wp-block-image alignright size-full is-resized\"><img loading=\"lazy\" decoding=\"async\" width=\"559\" height=\"642\" src=\"https:\/\/amarecaux-equitation.fr\/wp-content\/uploads\/2025\/04\/Capture-decran-2025-04-03-121443.png\" alt=\"\" class=\"wp-image-494\" style=\"width:280px;height:auto\" srcset=\"https:\/\/amarecaux-equitation.fr\/wp-content\/uploads\/2025\/04\/Capture-decran-2025-04-03-121443.png 559w, https:\/\/amarecaux-equitation.fr\/wp-content\/uploads\/2025\/04\/Capture-decran-2025-04-03-121443-261x300.png 261w\" sizes=\"auto, (max-width: 559px) 100vw, 559px\" \/><\/figure>\n\n\n\n<h3 class=\"wp-block-heading has-medium-font-size\"><strong>2. <a href=\"https:\/\/amarecaux-equitation.fr\/index.php\/services-nettoyage\/\" data-type=\"page\" data-id=\"83\">Service de Nettoyage \u2013 Facilitez vous l&rsquo;entretien de vos textiles \u00e9questres !<\/a><\/strong><\/h3>\n\n\n\n<p>Je propose un services de nettoyage des textiles \u00e9questre : tapis de selle, couverture, couvre rein&#8230; <\/p>\n\n\n\n<p><br><strong>Les Prestations de Nettoyage<\/strong> :<\/p>\n\n\n\n<ul class=\"wp-block-list\">\n<li><strong>Lavage<\/strong> : Nettoyage est effectu\u00e9 dans une grande machine, un d\u00e9poilage (enl\u00e8vement des poils) est effectu\u00e9 avant et une d\u00e9sinfection classique est faite en m\u00eame temps que le lavage<\/li>\n\n\n\n<li><strong>Imperm\u00e9abilisation<\/strong> de vos couvertures ou de vos habits pour qu&rsquo;ils ne percent plus lors de grosses pluies (les fameuses \u00ab\u00a0draches\u00a0\u00bb du Nord !)<\/li>\n\n\n\n<li><strong>D\u00e9sinfection renforc\u00e9e<\/strong> : en cas de champignons ou probl\u00e8mes de bact\u00e9ries ou de virus.<\/li>\n\n\n\n<li><strong>D\u00e9poilage intensif<\/strong> : quand votre cheval \u00e0 laisser vraiment beaucoup de poils il faut plus de temps pour les enlever !<\/li>\n<\/ul>\n\n\n\n<p class=\"has-small-font-size\"><strong>La r\u00e9paration <\/strong>de vos textiles est aussi possible. Si vous souhaitez faire disparaitre les trous de vos couvertures ou les faire raccommoder, demandez un devis !<\/p>\n\n\n\n<figure class=\"wp-block-image alignleft size-full is-resized\"><a href=\"https:\/\/amarecaux-equitation.sumupstore.com\/article\/location-gilet-airbag\"><img loading=\"lazy\" decoding=\"async\" width=\"370\" height=\"506\" src=\"https:\/\/amarecaux-equitation.fr\/wp-content\/uploads\/2025\/04\/Capture-decran-2025-04-03-122918.png\" alt=\"\" class=\"wp-image-498\" style=\"width:110px;height:auto\" srcset=\"https:\/\/amarecaux-equitation.fr\/wp-content\/uploads\/2025\/04\/Capture-decran-2025-04-03-122918.png 370w, https:\/\/amarecaux-equitation.fr\/wp-content\/uploads\/2025\/04\/Capture-decran-2025-04-03-122918-219x300.png 219w\" sizes=\"auto, (max-width: 370px) 100vw, 370px\" \/><\/a><\/figure>\n\n\n\n<h3 class=\"wp-block-heading has-medium-font-size\"><strong><a href=\"https:\/\/amarecaux-equitation.sumupstore.com\/article\/location-gilet-airbag\">3. Service de Location \u2013 Gilet Airbag <\/a><\/strong><\/h3>\n\n\n\n<p>Vous souhaitez monter en s\u00e9curit\u00e9 mais vous n&rsquo;avez pas les moyens d&rsquo;acheter un gilet airbag ?<br>J&rsquo;ai la solution :<strong> <a href=\"https:\/\/amarecaux-equitation.sumupstore.com\/article\/location-gilet-airbag\">louez le lors d&rsquo;un cours ou plu<\/a>s <\/strong>si vous vous le tester plus longtemps gr\u00e2ce \u00e0 mon service de location de gilets airbag de la marque fran\u00e7aise Debon&rsquo;R ! Seule marque qui a accept\u00e9 de me suivre dans le lancement de ce service tr\u00e8s utile pour les cavaliers ! La confection des gilets est enti\u00e8rement faite en France et le service apr\u00e8s vente pour les v\u00e9rifications est aussi bas\u00e9 \u00e0 Lyon. Le cr\u00e9ateur des gilets \u00e9tant aussi dans l&rsquo;optique de faciliter l&rsquo;acc\u00e8s \u00e0 la s\u00e9curit\u00e9 pour les cavaliers, la location a \u00e9t\u00e9 rendue possible !<\/p>\n\n\n\n<p>La location pour 1 heure de cours n&rsquo;est possible qu&rsquo;au centre \u00e9questre de Marcq en Baroeul ou lors de concours si je suis pr\u00e9sente en stand. Pour les cavaliers du CERRD la location est possible en autonomie gr\u00e2ce au paiement en ligne et au retrait dans un casier pr\u00e9vu \u00e0 cet effet (le code vous est envoy\u00e9 apr\u00e8s r\u00e9ception du paiement).<br>Pour les location de plus longue dur\u00e9e, un contrat avec caution est demand\u00e9 et le retrait se fait lors d&rsquo;un rendez vous.<\/p>\n\n\n\n<figure class=\"wp-block-image aligncenter size-full\"><img loading=\"lazy\" decoding=\"async\" width=\"779\" height=\"434\" src=\"https:\/\/amarecaux-equitation.fr\/wp-content\/uploads\/2025\/04\/Capture-decran-2025-04-03-125307.png\" alt=\"\" class=\"wp-image-500\" srcset=\"https:\/\/amarecaux-equitation.fr\/wp-content\/uploads\/2025\/04\/Capture-decran-2025-04-03-125307.png 779w, https:\/\/amarecaux-equitation.fr\/wp-content\/uploads\/2025\/04\/Capture-decran-2025-04-03-125307-300x167.png 300w, https:\/\/amarecaux-equitation.fr\/wp-content\/uploads\/2025\/04\/Capture-decran-2025-04-03-125307-768x428.png 768w\" sizes=\"auto, (max-width: 779px) 100vw, 779px\" \/><\/figure>\n\n\n\n<p class=\"has-medium-font-size\"><strong>Vous \u00eates un club et vous aimeriez mettre en place ce service au sein de vos \u00e9curies pour vos cavaliers<\/strong> ?<\/p>\n\n\n\n<p>Ce service de location pour 1 heure de cours peut facilement \u00eatre mis en place. Contactez moi pour que nous trouvions la solution qui vous convient le mieux !<\/p>\n\n\n\n<p class=\"has-medium-font-size\"><strong>Vous pr\u00e9f\u00e9rez acheter gilet airbag ?<\/strong> c&rsquo;est possible aussi sur la boutique ou en magasin ! cliquer sur l&rsquo;image <\/p>\n\n\n\n<div class=\"wp-block-columns is-layout-flex wp-container-core-columns-is-layout-28f84493 wp-block-columns-is-layout-flex\">\n<div class=\"wp-block-column is-layout-flow wp-block-column-is-layout-flow\">\n<figure class=\"wp-block-image size-full\"><a href=\"https:\/\/amarecaux-equitation.sumupstore.com\/article\/gilet-airbag-debon-r-modele-allure\"><img loading=\"lazy\" decoding=\"async\" width=\"362\" height=\"501\" src=\"https:\/\/amarecaux-equitation.fr\/wp-content\/uploads\/2025\/04\/Capture-decran-2025-04-03-122838.png\" alt=\"\" class=\"wp-image-495\" srcset=\"https:\/\/amarecaux-equitation.fr\/wp-content\/uploads\/2025\/04\/Capture-decran-2025-04-03-122838.png 362w, https:\/\/amarecaux-equitation.fr\/wp-content\/uploads\/2025\/04\/Capture-decran-2025-04-03-122838-217x300.png 217w\" sizes=\"auto, (max-width: 362px) 100vw, 362px\" \/><\/a><\/figure>\n<\/div>\n\n\n\n<div class=\"wp-block-column is-layout-flow wp-block-column-is-layout-flow\">\n<figure class=\"wp-block-image size-full\"><a href=\"https:\/\/amarecaux-equitation.sumupstore.com\/article\/gilet-airbag-debon-r-modele-suma\"><img loading=\"lazy\" decoding=\"async\" width=\"343\" height=\"503\" src=\"https:\/\/amarecaux-equitation.fr\/wp-content\/uploads\/2025\/04\/Capture-decran-2025-04-03-122845.png\" alt=\"\" class=\"wp-image-496\" srcset=\"https:\/\/amarecaux-equitation.fr\/wp-content\/uploads\/2025\/04\/Capture-decran-2025-04-03-122845.png 343w, https:\/\/amarecaux-equitation.fr\/wp-content\/uploads\/2025\/04\/Capture-decran-2025-04-03-122845-205x300.png 205w\" sizes=\"auto, (max-width: 343px) 100vw, 343px\" \/><\/a><\/figure>\n<\/div>\n\n\n\n<div class=\"wp-block-column is-layout-flow wp-block-column-is-layout-flow\">\n<figure class=\"wp-block-image size-full\"><a href=\"https:\/\/amarecaux-equitation.sumupstore.com\/article\/cartouche-co2-pour-gilet-airbag\"><img loading=\"lazy\" decoding=\"async\" width=\"361\" height=\"501\" src=\"https:\/\/amarecaux-equitation.fr\/wp-content\/uploads\/2025\/04\/Capture-decran-2025-04-03-122900.png\" alt=\"\" class=\"wp-image-497\" srcset=\"https:\/\/amarecaux-equitation.fr\/wp-content\/uploads\/2025\/04\/Capture-decran-2025-04-03-122900.png 361w, https:\/\/amarecaux-equitation.fr\/wp-content\/uploads\/2025\/04\/Capture-decran-2025-04-03-122900-216x300.png 216w\" sizes=\"auto, (max-width: 361px) 100vw, 361px\" \/><\/a><\/figure>\n<\/div>\n<\/div>\n\n\n\n<h3 class=\"wp-block-heading has-medium-font-size\"><strong>Contactez-moi !<\/strong><\/h3>\n\n\n\n<p>Pour plus d\u2019informations, ou pour r\u00e9server nos services de d\u00e9p\u00f4t-vente, nettoyage ou location, n\u2019h\u00e9sitez pas \u00e0 me contacter :<\/p>\n\n\n\n<p>\ud83d\udcde <strong>T\u00e9l\u00e9phone<\/strong> : 0623786178<br>\ud83d\udce7 <strong>Email<\/strong> : <a>aureliemarecaux59@gmail.com<\/a><\/p>\n\n\n\n<p>Nous sommes l\u00e0 pour vous offrir des solutions pratiques et professionnelles pour l&rsquo;entretien, la vente et la r\u00e9paration de vos \u00e9quipements \u00e9questres. Faites-nous confiance pour prendre soin de votre mat\u00e9riel !<\/p>\n\n\n\n<p><\/p>\n","protected":false},"excerpt":{"rendered":"<p>Les Services en lien avec votre mat\u00e9riel : D\u00e9p\u00f4t-Vente &#8211; Nettoyage textile &#8211; Location Bienvenue sur la page d\u00e9di\u00e9e aux [&hellip;]<\/p>\n","protected":false},"author":1,"featured_media":0,"parent":0,"menu_order":0,"comment_status":"closed","ping_status":"closed","template":"","meta":{"site-sidebar-layout":"default","site-content-layout":"","ast-site-content-layout":"","site-content-style":"default","site-sidebar-style":"default","ast-global-header-display":"","ast-banner-title-visibility":"","ast-main-header-display":"","ast-hfb-above-header-display":"","ast-hfb-below-header-display":"","ast-hfb-mobile-header-display":"","site-post-title":"","ast-breadcrumbs-content":"","ast-featured-img":"","footer-sml-layout":"","theme-transparent-header-meta":"","adv-header-id-meta":"","stick-header-meta":"","header-above-stick-meta":"","header-main-stick-meta":"","header-below-stick-meta":"","astra-migrate-meta-layouts":"default","ast-page-background-enabled":"default","ast-page-background-meta":{"desktop":{"background-color":"var(--ast-global-color-5)","background-image":"","background-repeat":"repeat","background-position":"center center","background-size":"auto","background-attachment":"scroll","background-type":"","background-media":"","overlay-type":"","overlay-color":"","overlay-opacity":"","overlay-gradient":""},"tablet":{"background-color":"","background-image":"","background-repeat":"repeat","background-position":"center center","background-size":"auto","background-attachment":"scroll","background-type":"","background-media":"","overlay-type":"","overlay-color":"","overlay-opacity":"","overlay-gradient":""},"mobile":{"background-color":"","background-image":"","background-repeat":"repeat","background-position":"center center","background-size":"auto","background-attachment":"scroll","background-type":"","background-media":"","overlay-type":"","overlay-color":"","overlay-opacity":"","overlay-gradient":""}},"ast-content-background-meta":{"desktop":{"background-color":"var(--ast-global-color-4)","background-image":"","background-repeat":"repeat","background-position":"center center","background-size":"auto","background-attachment":"scroll","background-type":"","background-media":"","overlay-type":"","overlay-color":"","overlay-opacity":"","overlay-gradient":""},"tablet":{"background-color":"var(--ast-global-color-4)","background-image":"","background-repeat":"repeat","background-position":"center center","background-size":"auto","background-attachment":"scroll","background-type":"","background-media":"","overlay-type":"","overlay-color":"","overlay-opacity":"","overlay-gradient":""},"mobile":{"background-color":"var(--ast-global-color-4)","background-image":"","background-repeat":"repeat","background-position":"center center","background-size":"auto","background-attachment":"scroll","background-type":"","background-media":"","overlay-type":"","overlay-color":"","overlay-opacity":"","overlay-gradient":""}},"footnotes":""},"class_list":["post-59","page","type-page","status-publish","hentry"],"_links":{"self":[{"href":"https:\/\/amarecaux-equitation.fr\/index.php\/wp-json\/wp\/v2\/pages\/59","targetHints":{"allow":["GET"]}}],"collection":[{"href":"https:\/\/amarecaux-equitation.fr\/index.php\/wp-json\/wp\/v2\/pages"}],"about":[{"href":"https:\/\/amarecaux-equitation.fr\/index.php\/wp-json\/wp\/v2\/types\/page"}],"author":[{"embeddable":true,"href":"https:\/\/amarecaux-equitation.fr\/index.php\/wp-json\/wp\/v2\/users\/1"}],"replies":[{"embeddable":true,"href":"https:\/\/amarecaux-equitation.fr\/index.php\/wp-json\/wp\/v2\/comments?post=59"}],"version-history":[{"count":7,"href":"https:\/\/amarecaux-equitation.fr\/index.php\/wp-json\/wp\/v2\/pages\/59\/revisions"}],"predecessor-version":[{"id":504,"href":"https:\/\/amarecaux-equitation.fr\/index.php\/wp-json\/wp\/v2\/pages\/59\/revisions\/504"}],"wp:attachment":[{"href":"https:\/\/amarecaux-equitation.fr\/index.php\/wp-json\/wp\/v2\/media?parent=59"}],"curies":[{"name":"wp","href":"https:\/\/api.w.org\/{rel}","templated":true}]}}