{"id":63,"date":"2025-01-21T15:46:36","date_gmt":"2025-01-21T14:46:36","guid":{"rendered":"https:\/\/amarecaux-equitation.fr\/?page_id=63"},"modified":"2025-03-28T12:37:20","modified_gmt":"2025-03-28T11:37:20","slug":"programme-beac","status":"publish","type":"page","link":"https:\/\/amarecaux-equitation.fr\/index.php\/programme-beac\/","title":{"rendered":"Programme bien-\u00eatre \u00e0 cheval"},"content":{"rendered":"\n<p class=\"has-ast-global-color-8-color has-text-color has-link-color has-medium-font-size wp-elements-166bf376bbdfac4c25f4821978c7a07b\"><strong>Deviens le Cavalier Id\u00e9al<\/strong><\/p>\n\n\n\n<figure class=\"wp-block-image alignright size-full is-style-rounded\"><img loading=\"lazy\" decoding=\"async\" width=\"319\" height=\"210\" src=\"https:\/\/amarecaux-equitation.fr\/wp-content\/uploads\/2025\/02\/Capture-decran-2025-01-21-125757.png\" alt=\"\" class=\"wp-image-277\" srcset=\"https:\/\/amarecaux-equitation.fr\/wp-content\/uploads\/2025\/02\/Capture-decran-2025-01-21-125757.png 319w, https:\/\/amarecaux-equitation.fr\/wp-content\/uploads\/2025\/02\/Capture-decran-2025-01-21-125757-300x197.png 300w\" sizes=\"auto, (max-width: 319px) 100vw, 319px\" \/><\/figure>\n\n\n\n<p>Le programme <strong>Bien-\u00catre \u00e0 Cheval<\/strong> est con\u00e7u pour vous aider \u00e0 mieux comprendre et ressentir le fonctionnement de votre cheval, \u00e0 am\u00e9liorer votre position et \u00e0 cr\u00e9er une v\u00e9ritable connexion harmonieuse avec lui. En perfectionnant votre communication et en optimisant votre corps, vous devenez un cavalier plus pr\u00e9cis, plus \u00e9quilibr\u00e9, et surtout plus en phase avec votre cheval. Ce programme s&rsquo;adresse \u00e0 tous les cavaliers propri\u00e9taires d\u00e9sireux de progresser tout en respectant le bien-\u00eatre de leur cheval et le leur.<\/p>\n\n\n\n<h3 class=\"wp-block-heading has-medium-font-size\">Pourquoi ce programme ?<\/h3>\n\n\n\n<p>Si vous avez toujours eu envie de mieux comprendre votre cheval, de sentir ses r\u00e9actions et d\u2019affiner votre propre fonctionnement pour atteindre une fluidit\u00e9 parfaite avec lui, ce programme est fait pour vous. Le <strong>Bien-\u00catre \u00e0 Cheval<\/strong> vous offre une approche globale pour am\u00e9liorer non seulement votre position \u00e0 cheval, mais aussi votre relation avec votre compagnon \u00e9quin, tout en optimisant votre propre condition physique et mentale. Le but est de cr\u00e9er une v\u00e9ritable harmonie et d&rsquo;\u00e9lever la qualit\u00e9 de vos \u00e9changes pour des r\u00e9sultats durables.<br>Le suivi individuel au sein de votre \u00e9curie ou \u00e0 distance pour les cours \u00e0 cheval.<\/p>\n\n\n\n<div class=\"wp-block-columns is-layout-flex wp-container-core-columns-is-layout-28f84493 wp-block-columns-is-layout-flex\">\n<div class=\"wp-block-column is-layout-flow wp-block-column-is-layout-flow\">\n<figure class=\"wp-block-image size-full\"><img loading=\"lazy\" decoding=\"async\" width=\"524\" height=\"744\" src=\"https:\/\/amarecaux-equitation.fr\/wp-content\/uploads\/2025\/03\/Capture-decran-2025-03-28-122142.png\" alt=\"\" class=\"wp-image-461\" srcset=\"https:\/\/amarecaux-equitation.fr\/wp-content\/uploads\/2025\/03\/Capture-decran-2025-03-28-122142.png 524w, https:\/\/amarecaux-equitation.fr\/wp-content\/uploads\/2025\/03\/Capture-decran-2025-03-28-122142-211x300.png 211w\" sizes=\"auto, (max-width: 524px) 100vw, 524px\" \/><\/figure>\n<\/div>\n\n\n\n<div class=\"wp-block-column is-layout-flow wp-block-column-is-layout-flow\">\n<figure class=\"wp-block-image size-full\"><img loading=\"lazy\" decoding=\"async\" width=\"522\" height=\"739\" src=\"https:\/\/amarecaux-equitation.fr\/wp-content\/uploads\/2025\/03\/Capture-decran-2025-03-28-120754-2.png\" alt=\"\" class=\"wp-image-462\" srcset=\"https:\/\/amarecaux-equitation.fr\/wp-content\/uploads\/2025\/03\/Capture-decran-2025-03-28-120754-2.png 522w, https:\/\/amarecaux-equitation.fr\/wp-content\/uploads\/2025\/03\/Capture-decran-2025-03-28-120754-2-212x300.png 212w\" sizes=\"auto, (max-width: 522px) 100vw, 522px\" \/><\/figure>\n<\/div>\n<\/div>\n\n\n\n<h3 class=\"wp-block-heading has-medium-font-size\">Ce que comprend le programme :<\/h3>\n\n\n\n<h4 class=\"wp-block-heading has-small-font-size\">1. <strong>S\u00e9ances sur cheval m\u00e9canique<\/strong> (6 s\u00e9ances)<\/h4>\n\n\n\n<p>Ces s\u00e9ances visent \u00e0 vous permettre de travailler sur votre position et votre ressenti, sans l\u2019interf\u00e9rence d\u2019un cheval. Le cheval m\u00e9canique vous permet de vous concentrer pleinement sur votre posture, votre \u00e9quilibre et votre coordination, sans la distraction du mouvement naturel d\u2019un cheval. Des exercices avec ballon sont \u00e9galement inclus pour renforcer votre stabilit\u00e9.<\/p>\n\n\n\n<h4 class=\"wp-block-heading has-small-font-size\">2. <strong>Bilan postural \u00e0 pied et \u00e0 cheval avec un chiropracteur<\/strong><\/h4>\n\n\n\n<p>Un professionnel de la sant\u00e9 \u00e9valuera votre posture \u00e0 pied et \u00e0 cheval. Gr\u00e2ce \u00e0 un bilan personnalis\u00e9, nous identifierons les points de d\u00e9s\u00e9quilibre et les ajusterons pour vous permettre de travailler avec un alignement optimal. Cela vous aidera \u00e0 \u00e9viter les tensions et \u00e0 maximiser vos performances.<\/p>\n\n\n\n<h4 class=\"wp-block-heading has-small-font-size\">3. <strong>S\u00e9ances \u00e0 cheval<\/strong> (12 s\u00e9ances)<\/h4>\n\n\n\n<p>Ces s\u00e9ances sont adapt\u00e9es \u00e0 vos besoins sp\u00e9cifiques et se d\u00e9roulent dans votre \u00e9curie ou \u00e0 distance. Le travail \u00e0 cheval vous permettra d\u2019int\u00e9grer les concepts abord\u00e9s pendant les s\u00e9ances de th\u00e9orie et de pratique, et de mieux g\u00e9rer l&rsquo;interaction entre vous et votre cheval.<\/p>\n\n\n\n<h4 class=\"wp-block-heading has-small-font-size\">4. <strong>Analyses vid\u00e9o<\/strong><\/h4>\n\n\n\n<p>Chaque s\u00e9ance sera enregistr\u00e9e et analys\u00e9e afin de pouvoir affiner en continu votre position, votre gestion des aides, et votre ressenti. Les vid\u00e9os sont un excellent moyen de visualiser vos progr\u00e8s et d\u2019apporter des ajustements pr\u00e9cis. Cela permet d&rsquo;aligner ressenti et r\u00e9alit\u00e9.<\/p>\n\n\n\n<h4 class=\"wp-block-heading has-small-font-size\">5. <strong>Pr\u00e9paration physique adapt\u00e9e<\/strong> (8 s\u00e9ances)<\/h4>\n\n\n\n<p>Le corps du cavalier doit \u00eatre en parfaite harmonie avec le cheval. Des s\u00e9ances de pr\u00e9paration physique cibl\u00e9es, comprenant du renforcement musculaire, des \u00e9chauffements, des \u00e9tirements, ainsi que du travail sur l&rsquo;\u00e9quilibre et la coordination, vous permettront d\u2019optimiser votre condition physique pour mieux performer.<\/p>\n\n\n\n<p class=\"has-ast-global-color-2-color has-text-color has-link-color wp-elements-ba275ea22afb50947e88472824cf7677\">6. <strong>D\u00e9veloppement personnel et \u00e9veil sensoriel <\/strong><\/p>\n\n\n\n<p>5 s\u00e9ances de th\u00e9orie et pratique : D\u00e9couvrez une approche globale bas\u00e9e sur la biom\u00e9canique : les conseils donn\u00e9s sont bas\u00e9s sur des faits concrets, qui d\u00e9pendent de la physique !<br>Apprenez \u00e0 analyser votre fonctionnement et celui de votre cheval, \u00e0 affiner votre ressenti, et \u00e0 ma\u00eetriser le timing de vos aides en sachant sur quoi vous concentrer et quels \u00e9l\u00e9ments mesurer.<\/p>\n\n\n\n<h4 class=\"wp-block-heading has-small-font-size\">7. <strong>V\u00e9rification du mat\u00e9riel<\/strong><\/h4>\n\n\n\n<p>Un bon mat\u00e9riel est essentiel pour assurer le confort et la performance. Une s\u00e9ance d\u00e9di\u00e9e \u00e0 l\u2019analyse de l\u2019adaptation de votre mat\u00e9riel \u00e0 votre morphologie et \u00e0 celle de votre cheval permettra de garantir que tout est optimal pour des s\u00e9ances sans stress. S\u00e9ance effectu\u00e9e avec saddle-fitter professionnel partenaire.<\/p>\n\n\n\n<h3 class=\"wp-block-heading has-medium-font-size\">Pourquoi choisir ce programme ?<\/h3>\n\n\n\n<figure class=\"wp-block-image alignright size-full is-resized\"><img loading=\"lazy\" decoding=\"async\" width=\"713\" height=\"471\" src=\"https:\/\/amarecaux-equitation.fr\/wp-content\/uploads\/2025\/03\/Capture-decran-2025-03-28-122310.png\" alt=\"\" class=\"wp-image-463\" style=\"width:466px;height:auto\" srcset=\"https:\/\/amarecaux-equitation.fr\/wp-content\/uploads\/2025\/03\/Capture-decran-2025-03-28-122310.png 713w, https:\/\/amarecaux-equitation.fr\/wp-content\/uploads\/2025\/03\/Capture-decran-2025-03-28-122310-300x198.png 300w\" sizes=\"auto, (max-width: 713px) 100vw, 713px\" \/><\/figure>\n\n\n\n<p>Ce programme est id\u00e9al pour :<\/p>\n\n\n\n<ul class=\"wp-block-list\">\n<li>Consolider vos bases \u00e9questres et sortir de vos habitudes pour progresser.<\/li>\n\n\n\n<li>Apprendre \u00e0 mieux ressentir et comprendre le fonctionnement de votre cheval.<\/li>\n\n\n\n<li>D\u00e9velopper une connexion fluide et une communication claire avec votre cheval.<\/li>\n\n\n\n<li>Am\u00e9liorer votre position et votre efficacit\u00e9 dans vos actions \u00e0 cheval.<\/li>\n\n\n\n<li>Optimiser votre pr\u00e9paration physique pour performer de mani\u00e8re durable.<\/li>\n<\/ul>\n\n\n\n<h4 class=\"wp-block-heading has-medium-font-size\">B\u00e9n\u00e9fices pour le cavalier et le cheval :<\/h4>\n\n\n\n<ul class=\"wp-block-list\">\n<li>Une am\u00e9lioration de votre position, ce qui permettra une meilleure r\u00e9activit\u00e9 et plus de pr\u00e9cision.<\/li>\n\n\n\n<li>Un suivi personnalis\u00e9 pour le couple cavalier-cheval, garantissant une progression sur mesure.<\/li>\n\n\n\n<li>Une gestion plus harmonieuse de votre corps pour \u00e9viter les tensions inutiles et am\u00e9liorer la communication avec votre cheval.<\/li>\n\n\n\n<li>Une meilleure adaptation de votre mat\u00e9riel pour assurer confort et s\u00e9curit\u00e9.<\/li>\n<\/ul>\n\n\n\n<h3 class=\"wp-block-heading has-medium-font-size\">Contenu de la formation<\/h3>\n\n\n\n<p>La formation <strong>Bien-\u00catre \u00e0 Cheval<\/strong> comprend 45 heures, dont 30 heures sont r\u00e9alisables \u00e0 distance pour s\u2019adapter \u00e0 vos disponibilit\u00e9s et permettre un apprentissage \u00e0 votre rythme. <br>Cette formation est limit\u00e9e \u00e0 5 cavaliers par session, pour un suivi personnalis\u00e9 et une qualit\u00e9 d\u2019accompagnement optimale.<\/p>\n\n\n\n<h3 class=\"wp-block-heading has-medium-font-size\">Inscrivez vous d\u00e8s maintenant !<\/h3>\n\n\n\n<p>Rejoignez-nous et transformez votre mani\u00e8re de travailler \u00e0 cheval en int\u00e9grant une approche globale, respectueuse du bien-\u00eatre de votre cheval tout en optimisant vos performances. Vous apprendrez \u00e0 cr\u00e9er une v\u00e9ritable harmonie avec votre cheval, et \u00e0 devenir un cavalier plus complet et plus \u00e9quilibr\u00e9.<\/p>\n\n\n\n<p>Pour plus d&rsquo;informations ou pour vous inscrire, contactez <strong>Aur\u00e9lie Mar\u00e9caux<\/strong> par email \u00e0 <a>aureliemarecaux59@gmail.com<\/a> ou via le formulaire de contact dans la rubrique Contact.<\/p>\n\n\n\n<p class=\"has-ast-global-color-8-color has-text-color has-link-color has-medium-font-size wp-elements-149e4b912399ae31abd91fd96695a620\"><strong>D\u00e9veloppez l\u2019harmonie avec votre cheval et progressez dans un cadre parfaitement adapt\u00e9 \u00e0 vos besoins !<\/strong><\/p>\n\n\n\n<p><\/p>\n","protected":false},"excerpt":{"rendered":"<p>Deviens le Cavalier Id\u00e9al Le programme Bien-\u00catre \u00e0 Cheval est con\u00e7u pour vous aider \u00e0 mieux comprendre et ressentir le [&hellip;]<\/p>\n","protected":false},"author":1,"featured_media":0,"parent":0,"menu_order":0,"comment_status":"closed","ping_status":"closed","template":"","meta":{"site-sidebar-layout":"default","site-content-layout":"","ast-site-content-layout":"","site-content-style":"default","site-sidebar-style":"default","ast-global-header-display":"","ast-banner-title-visibility":"","ast-main-header-display":"","ast-hfb-above-header-display":"","ast-hfb-below-header-display":"","ast-hfb-mobile-header-display":"","site-post-title":"","ast-breadcrumbs-content":"","ast-featured-img":"","footer-sml-layout":"","theme-transparent-header-meta":"","adv-header-id-meta":"","stick-header-meta":"","header-above-stick-meta":"","header-main-stick-meta":"","header-below-stick-meta":"","astra-migrate-meta-layouts":"default","ast-page-background-enabled":"default","ast-page-background-meta":{"desktop":{"background-color":"var(--ast-global-color-5)","background-image":"","background-repeat":"repeat","background-position":"center center","background-size":"auto","background-attachment":"scroll","background-type":"","background-media":"","overlay-type":"","overlay-color":"","overlay-opacity":"","overlay-gradient":""},"tablet":{"background-color":"","background-image":"","background-repeat":"repeat","background-position":"center center","background-size":"auto","background-attachment":"scroll","background-type":"","background-media":"","overlay-type":"","overlay-color":"","overlay-opacity":"","overlay-gradient":""},"mobile":{"background-color":"","background-image":"","background-repeat":"repeat","background-position":"center center","background-size":"auto","background-attachment":"scroll","background-type":"","background-media":"","overlay-type":"","overlay-color":"","overlay-opacity":"","overlay-gradient":""}},"ast-content-background-meta":{"desktop":{"background-color":"var(--ast-global-color-4)","background-image":"","background-repeat":"repeat","background-position":"center center","background-size":"auto","background-attachment":"scroll","background-type":"","background-media":"","overlay-type":"","overlay-color":"","overlay-opacity":"","overlay-gradient":""},"tablet":{"background-color":"var(--ast-global-color-4)","background-image":"","background-repeat":"repeat","background-position":"center center","background-size":"auto","background-attachment":"scroll","background-type":"","background-media":"","overlay-type":"","overlay-color":"","overlay-opacity":"","overlay-gradient":""},"mobile":{"background-color":"var(--ast-global-color-4)","background-image":"","background-repeat":"repeat","background-position":"center center","background-size":"auto","background-attachment":"scroll","background-type":"","background-media":"","overlay-type":"","overlay-color":"","overlay-opacity":"","overlay-gradient":""}},"footnotes":""},"class_list":["post-63","page","type-page","status-publish","hentry"],"_links":{"self":[{"href":"https:\/\/amarecaux-equitation.fr\/index.php\/wp-json\/wp\/v2\/pages\/63","targetHints":{"allow":["GET"]}}],"collection":[{"href":"https:\/\/amarecaux-equitation.fr\/index.php\/wp-json\/wp\/v2\/pages"}],"about":[{"href":"https:\/\/amarecaux-equitation.fr\/index.php\/wp-json\/wp\/v2\/types\/page"}],"author":[{"embeddable":true,"href":"https:\/\/amarecaux-equitation.fr\/index.php\/wp-json\/wp\/v2\/users\/1"}],"replies":[{"embeddable":true,"href":"https:\/\/amarecaux-equitation.fr\/index.php\/wp-json\/wp\/v2\/comments?post=63"}],"version-history":[{"count":11,"href":"https:\/\/amarecaux-equitation.fr\/index.php\/wp-json\/wp\/v2\/pages\/63\/revisions"}],"predecessor-version":[{"id":467,"href":"https:\/\/amarecaux-equitation.fr\/index.php\/wp-json\/wp\/v2\/pages\/63\/revisions\/467"}],"wp:attachment":[{"href":"https:\/\/amarecaux-equitation.fr\/index.php\/wp-json\/wp\/v2\/media?parent=63"}],"curies":[{"name":"wp","href":"https:\/\/api.w.org\/{rel}","templated":true}]}}