{"id":65,"date":"2025-01-21T15:47:26","date_gmt":"2025-01-21T14:47:26","guid":{"rendered":"https:\/\/amarecaux-equitation.fr\/?page_id=65"},"modified":"2025-04-03T10:59:31","modified_gmt":"2025-04-03T08:59:31","slug":"stage-declic","status":"publish","type":"page","link":"https:\/\/amarecaux-equitation.fr\/index.php\/stage-declic\/","title":{"rendered":"Stage D\u00e9clic"},"content":{"rendered":"\n<figure class=\"wp-block-image alignright size-full is-resized is-style-rounded\"><img loading=\"lazy\" decoding=\"async\" width=\"285\" height=\"190\" src=\"https:\/\/amarecaux-equitation.fr\/wp-content\/uploads\/2025\/02\/Capture-decran-2025-01-21-124344.png\" alt=\"\" class=\"wp-image-310\" style=\"width:312px;height:auto\"\/><\/figure>\n\n\n\n<p class=\"has-medium-font-size\"><strong>4 Jours pour Stimuler vos Sens et Am\u00e9liorer votre Fonctionnement \u00e0 Cheval <\/strong><\/p>\n\n\n\n<p>Le stage D\u00e9clic est un condens\u00e9 du programme Bien-\u00eatre A Cheval. <\/p>\n\n\n\n<h3 class=\"wp-block-heading has-medium-font-size\"><strong>Un stage complet pour am\u00e9liorer votre position, votre ressenti et la connexion avec votre cheval !<\/strong><\/h3>\n\n\n\n<p>Le <strong>Stage D\u00e9clic<\/strong> est une exp\u00e9rience immersive de 4 jours, sp\u00e9cialement con\u00e7u pour vous permettre d&rsquo;analyser et d&rsquo;am\u00e9liorer votre fonctionnement \u00e0 cheval \u00e0 travers une approche technique et ludique. En combinant des exercices pratiques \u00e0 cheval et sur le cheval m\u00e9canique, des s\u00e9ances de Pilates, Yoga, ainsi que des analyses vid\u00e9o et des ateliers psychomoteurs, ce stage va stimuler votre sens du mouvement, votre \u00e9quilibre et votre connexion avec votre cheval.<\/p>\n\n\n\n<figure class=\"wp-block-image alignright size-full\"><img loading=\"lazy\" decoding=\"async\" width=\"373\" height=\"526\" src=\"http:\/\/amarecaux-equitation.fr\/wp-content\/uploads\/2025\/03\/Capture-decran-2025-03-28-120706.png\" alt=\"\" class=\"wp-image-457\" srcset=\"https:\/\/amarecaux-equitation.fr\/wp-content\/uploads\/2025\/03\/Capture-decran-2025-03-28-120706.png 373w, https:\/\/amarecaux-equitation.fr\/wp-content\/uploads\/2025\/03\/Capture-decran-2025-03-28-120706-213x300.png 213w\" sizes=\"auto, (max-width: 373px) 100vw, 373px\" \/><\/figure>\n\n\n\n<h3 class=\"wp-block-heading has-medium-font-size\"><strong>Programme du Stage D\u00e9clic<\/strong><\/h3>\n\n\n\n<p><strong>Jour 1 : Analyse et Bilan Postural<\/strong><\/p>\n\n\n\n<p><strong>Jour 2 : Travail de Position et Fixit\u00e9<\/strong><\/p>\n\n\n\n<p><strong>Jour 3 : \u00c9quilibre, Ressenti et Travail Pratique<\/strong><\/p>\n\n\n\n<p><strong>Jour 4 : Renforcement et Travail Pratique<\/strong><\/p>\n\n\n\n<h3 class=\"wp-block-heading has-medium-font-size\"><strong>Pourquoi participer au Stage D\u00e9clic ?<\/strong><\/h3>\n\n\n\n<ul class=\"wp-block-list\">\n<li><strong>Am\u00e9lioration de la position<\/strong> : Vous apprendrez \u00e0 mieux comprendre et analyser votre position \u00e0 cheval, \u00e0 rectifier les erreurs et \u00e0 travailler sur des gestes plus fins et plus pr\u00e9cis.<\/li>\n\n\n\n<li><strong>Exp\u00e9rience unique et intensive<\/strong> qui permet de s&rsquo;impr\u00e9gner plus efficacement des sensations <\/li>\n\n\n\n<li><strong>Renforcement de la connexion avec votre cheval<\/strong> : Gr\u00e2ce \u00e0 des exercices pratiques et des analyses vid\u00e9o, vous d\u00e9velopperez une meilleure communication et connexion avec votre cheval.<\/li>\n\n\n\n<li><strong>M\u00e9thodes compl\u00e9mentaires<\/strong> : Le stage int\u00e8gre des disciplines comme le Pilates, le Yoga et des ateliers d&rsquo;\u00e9quilibre pour renforcer la souplesse, la force et l\u2019\u00e9quilibre.<\/li>\n\n\n\n<li><strong>Approche individuelle<\/strong> : Chaque participant b\u00e9n\u00e9ficiera d&rsquo;une analyse vid\u00e9o personnalis\u00e9e et d\u2019un suivi tout au long du stage pour un accompagnement adapt\u00e9 \u00e0 son niveau.<\/li>\n<\/ul>\n\n\n\n<p><strong>Dates :<\/strong>  <br>Prochaines date : <br><strong>&#8211; 9 au 13 Juin 2025<br>&#8211; 15 au 18 juillet 2025<\/strong><br>D&rsquo;autres dates possibles sur demande pour un groupe de 3 \u00e0 4 personnes. <\/p>\n\n\n\n<p><strong>Lieu :<\/strong> Possible sur Horseland \u00e0 Pr\u00e9mesque<br>Autres lieux possibles : Vous voulez organiser un stage au sein de votre \u00e9curie ? Si vous \u00eates plusieurs et que le g\u00e9rant est ok et que ses structures le permettent contactez moi !<\/p>\n\n\n\n<p><strong>Tarif :<\/strong> Sur demande. Fonction du nombre de jour et du lieu<\/p>\n\n\n\n<p class=\"has-small-font-size\"><strong>Inscrivez vous d\u00e8s maintenant !<\/strong><br>Pour plus d\u2019informations ou pour r\u00e9server votre place, envoyez nous un email \u00e0 <strong><a>aureliemarecaux59@gmail.com<\/a><\/strong>. ou via notre formulaire de contact dans la rubrique Contact <\/p>\n\n\n\n<p>Ne manquez pas cette occasion unique de perfectionner votre travail \u00e0 cheval dans un cadre stimulant et enrichissant !<\/p>\n","protected":false},"excerpt":{"rendered":"<p>4 Jours pour Stimuler vos Sens et Am\u00e9liorer votre Fonctionnement \u00e0 Cheval Le stage D\u00e9clic est un condens\u00e9 du programme [&hellip;]<\/p>\n","protected":false},"author":1,"featured_media":0,"parent":0,"menu_order":0,"comment_status":"closed","ping_status":"closed","template":"","meta":{"site-sidebar-layout":"default","site-content-layout":"","ast-site-content-layout":"","site-content-style":"default","site-sidebar-style":"default","ast-global-header-display":"","ast-banner-title-visibility":"","ast-main-header-display":"","ast-hfb-above-header-display":"","ast-hfb-below-header-display":"","ast-hfb-mobile-header-display":"","site-post-title":"","ast-breadcrumbs-content":"","ast-featured-img":"","footer-sml-layout":"","theme-transparent-header-meta":"","adv-header-id-meta":"","stick-header-meta":"","header-above-stick-meta":"","header-main-stick-meta":"","header-below-stick-meta":"","astra-migrate-meta-layouts":"default","ast-page-background-enabled":"default","ast-page-background-meta":{"desktop":{"background-color":"var(--ast-global-color-5)","background-image":"","background-repeat":"repeat","background-position":"center center","background-size":"auto","background-attachment":"scroll","background-type":"","background-media":"","overlay-type":"","overlay-color":"","overlay-opacity":"","overlay-gradient":""},"tablet":{"background-color":"","background-image":"","background-repeat":"repeat","background-position":"center center","background-size":"auto","background-attachment":"scroll","background-type":"","background-media":"","overlay-type":"","overlay-color":"","overlay-opacity":"","overlay-gradient":""},"mobile":{"background-color":"","background-image":"","background-repeat":"repeat","background-position":"center center","background-size":"auto","background-attachment":"scroll","background-type":"","background-media":"","overlay-type":"","overlay-color":"","overlay-opacity":"","overlay-gradient":""}},"ast-content-background-meta":{"desktop":{"background-color":"var(--ast-global-color-4)","background-image":"","background-repeat":"repeat","background-position":"center center","background-size":"auto","background-attachment":"scroll","background-type":"","background-media":"","overlay-type":"","overlay-color":"","overlay-opacity":"","overlay-gradient":""},"tablet":{"background-color":"var(--ast-global-color-4)","background-image":"","background-repeat":"repeat","background-position":"center center","background-size":"auto","background-attachment":"scroll","background-type":"","background-media":"","overlay-type":"","overlay-color":"","overlay-opacity":"","overlay-gradient":""},"mobile":{"background-color":"var(--ast-global-color-4)","background-image":"","background-repeat":"repeat","background-position":"center center","background-size":"auto","background-attachment":"scroll","background-type":"","background-media":"","overlay-type":"","overlay-color":"","overlay-opacity":"","overlay-gradient":""}},"footnotes":""},"class_list":["post-65","page","type-page","status-publish","hentry"],"_links":{"self":[{"href":"https:\/\/amarecaux-equitation.fr\/index.php\/wp-json\/wp\/v2\/pages\/65","targetHints":{"allow":["GET"]}}],"collection":[{"href":"https:\/\/amarecaux-equitation.fr\/index.php\/wp-json\/wp\/v2\/pages"}],"about":[{"href":"https:\/\/amarecaux-equitation.fr\/index.php\/wp-json\/wp\/v2\/types\/page"}],"author":[{"embeddable":true,"href":"https:\/\/amarecaux-equitation.fr\/index.php\/wp-json\/wp\/v2\/users\/1"}],"replies":[{"embeddable":true,"href":"https:\/\/amarecaux-equitation.fr\/index.php\/wp-json\/wp\/v2\/comments?post=65"}],"version-history":[{"count":11,"href":"https:\/\/amarecaux-equitation.fr\/index.php\/wp-json\/wp\/v2\/pages\/65\/revisions"}],"predecessor-version":[{"id":486,"href":"https:\/\/amarecaux-equitation.fr\/index.php\/wp-json\/wp\/v2\/pages\/65\/revisions\/486"}],"wp:attachment":[{"href":"https:\/\/amarecaux-equitation.fr\/index.php\/wp-json\/wp\/v2\/media?parent=65"}],"curies":[{"name":"wp","href":"https:\/\/api.w.org\/{rel}","templated":true}]}}