{"id":67,"date":"2025-01-21T15:48:02","date_gmt":"2025-01-21T14:48:02","guid":{"rendered":"https:\/\/amarecaux-equitation.fr\/?page_id=67"},"modified":"2025-02-05T16:10:02","modified_gmt":"2025-02-05T15:10:02","slug":"stage-enseignant","status":"publish","type":"page","link":"https:\/\/amarecaux-equitation.fr\/index.php\/stage-enseignant\/","title":{"rendered":"Stage enseignant"},"content":{"rendered":"\n<p><strong>stage enseignant \u2013 A Mar\u00e9caux \u00c9quitation<\/strong><\/p>\n\n\n\n<figure class=\"wp-block-image aligncenter size-full\"><img loading=\"lazy\" decoding=\"async\" width=\"236\" height=\"325\" src=\"https:\/\/amarecaux-equitation.fr\/wp-content\/uploads\/2025\/02\/Capture-decran-2025-01-21-124303-1.png\" alt=\"\" class=\"wp-image-284\" srcset=\"https:\/\/amarecaux-equitation.fr\/wp-content\/uploads\/2025\/02\/Capture-decran-2025-01-21-124303-1.png 236w, https:\/\/amarecaux-equitation.fr\/wp-content\/uploads\/2025\/02\/Capture-decran-2025-01-21-124303-1-218x300.png 218w\" sizes=\"auto, (max-width: 236px) 100vw, 236px\" \/><\/figure>\n\n\n\n<p>Si vous \u00eates enseignant(e) en \u00e9quitation et souhaitez am\u00e9liorer votre p\u00e9dagogie, affiner votre capacit\u00e9 \u00e0 analyser la position de vos cavaliers, et d\u00e9velopper de nouvelles comp\u00e9tences pour guider efficacement leur progression, ce stage est fait pour vous. Organis\u00e9 par <strong>A Mar\u00e9caux \u00c9quitation<\/strong>, ce stage d\u2019une journ\u00e9e vous permettra de travailler sur plusieurs aspects essentiels pour affiner vos m\u00e9thodes d\u2019enseignement et garantir \u00e0 vos cavaliers une progression optimale.<\/p>\n\n\n\n<h3 class=\"wp-block-heading has-medium-font-size\"><strong>Un stage centr\u00e9 sur l\u2019analyse de la position et le ressenti du cavalier<\/strong><\/h3>\n\n\n\n<p>Lors de cette journ\u00e9e, vous apprendrez \u00e0 observer de mani\u00e8re plus pr\u00e9cise la position de vos cavaliers, en d\u00e9veloppant votre capacit\u00e9 \u00e0 rep\u00e9rer les d\u00e9s\u00e9quilibres, les d\u00e9fauts de posture et \u00e0 y apporter les corrections n\u00e9cessaires. L&rsquo;objectif est de vous fournir les outils n\u00e9cessaires pour guider vos \u00e9l\u00e8ves dans l&rsquo;am\u00e9lioration de leur posture, de leur \u00e9quilibre et de leur coordination \u00e0 cheval.<\/p>\n\n\n\n<p>Ce stage propose une approche unique en combinant des ateliers th\u00e9oriques et pratiques, en utilisant notamment un cheval m\u00e9canique pour que vous puissiez vous concentrer pleinement sur l&rsquo;analyse de la position et du ressenti sans les distractions du cheval r\u00e9el. Vous d\u00e9couvrirez comment ajuster les postures, les gestes et la distribution des aides pour aider vos cavaliers \u00e0 atteindre un fonctionnement id\u00e9al.<\/p>\n\n\n\n<h3 class=\"wp-block-heading has-medium-font-size\"><strong>Am\u00e9liorer votre approche p\u00e9dagogique pour des cavaliers \u00e9panouis<\/strong><\/h3>\n\n\n\n<p>En plus de l\u2019aspect technique li\u00e9 \u00e0 l\u2019analyse de position, ce stage met \u00e9galement l&rsquo;accent sur la compr\u00e9hension du ressenti du cavalier. En tant qu&rsquo;enseignant, il est crucial de savoir transmettre les bonnes sensations pour que vos cavaliers puissent comprendre intuitivement la position \u00e0 adopter. \u00c0 travers des exercices pratiques, vous apprendrez \u00e0 guider vos \u00e9l\u00e8ves afin qu&rsquo;ils puissent non seulement corriger leur posture mais aussi int\u00e9grer les bonnes aides de mani\u00e8re fluide et naturelle.<\/p>\n\n\n\n<p>Ce travail de ressenti se fait \u00e0 travers des mises en application concr\u00e8tes \u00e0 cheval, o\u00f9 vous observerez en temps r\u00e9el les ajustements n\u00e9cessaires pour que vos cavaliers progressent harmonieusement. Vous pourrez \u00e9galement appliquer les corrections directement \u00e0 partir de votre propre exp\u00e9rience de ressenti, et vous aider \u00e0 mieux comprendre la relation entre le cavalier, le cheval et la position \u00e0 adopter.<\/p>\n\n\n\n<h3 class=\"wp-block-heading has-medium-font-size\"><strong>Pr\u00e9paration physique et p\u00e9dagogie au service de vos cavaliers<\/strong><\/h3>\n\n\n\n<p>Au-del\u00e0 de la position et du ressenti, ce stage aborde \u00e9galement l\u2019importance de la pr\u00e9paration physique du cavalier. Un cavalier bien pr\u00e9par\u00e9 sur le plan musculaire et physique sera plus stable, plus r\u00e9actif et plus \u00e0 l\u2019aise dans ses mouvements. Vous apprendrez ainsi des techniques de pr\u00e9paration physique adapt\u00e9es, qui permettront \u00e0 vos cavaliers de renforcer leur corps et d\u2019optimiser leur performance en selle.<\/p>\n\n\n\n<p>L\u2019objectif est de faire en sorte que vos cavaliers d\u00e9veloppent une meilleure conscience de leur corps et une meilleure ma\u00eetrise de leur \u00e9quilibre, ce qui se traduira directement par des progr\u00e8s dans leur \u00e9quitation. En apprenant \u00e0 pr\u00e9parer vos cavaliers physiquement, vous deviendrez un v\u00e9ritable atout pour leur progression et leur bien-\u00eatre.<\/p>\n\n\n\n<h3 class=\"wp-block-heading has-medium-font-size\"><strong>Une attention personnalis\u00e9e pour chaque enseignant<\/strong><\/h3>\n\n\n\n<p>Ce stage est limit\u00e9 \u00e0 4 \u00e0 6 participants pour garantir une attention personnalis\u00e9e \u00e0 chaque enseignant. Vous b\u00e9n\u00e9ficierez de conseils sp\u00e9cifiques adapt\u00e9s \u00e0 vos besoins p\u00e9dagogiques et vous pourrez \u00e9changer avec les autres participants pour enrichir vos pratiques. Gr\u00e2ce \u00e0 une approche concr\u00e8te et immersive, vous repartirez avec de nouvelles comp\u00e9tences que vous pourrez directement appliquer dans vos cours.<\/p>\n\n\n\n<h3 class=\"wp-block-heading has-medium-font-size\"><strong>Informations pratiques<\/strong><\/h3>\n\n\n\n<p>Le stage se d\u00e9roule sur une journ\u00e9e compl\u00e8te, d\u2019environ 7 heures. Le tarif est de 100 \u20ac par stagiaire, et le nombre de places \u00e9tant limit\u00e9 \u00e0 4 \u00e0 6 personnes, il est imp\u00e9ratif de vous inscrire \u00e0 l\u2019avance. Les dates sont flexibles et peuvent \u00eatre d\u00e9finies en fonction de vos disponibilit\u00e9s et des demandes. Pour plus d\u2019informations et pour r\u00e9server votre place, contactez moi d\u00e8s maintenant au <strong>0623786178<\/strong> ou par email \u00e0 <a>aureliemarecaux59@gmail.com<\/a> ou via la rubrique <a href=\"https:\/\/amarecaux-equitation.fr\/index.php\/formulaire\/\" data-type=\"page\" data-id=\"86\">contact<\/a> <\/p>\n\n\n\n<h3 class=\"wp-block-heading has-medium-font-size\"><strong>Pourquoi participer \u00e0 ce stage ?<\/strong><\/h3>\n\n\n\n<p>En tant qu\u2019enseignant(e), vous jouez un r\u00f4le cl\u00e9 dans la progression de vos cavaliers. Ce stage vous permettra de perfectionner votre capacit\u00e9 \u00e0 analyser la position des cavaliers, \u00e0 les guider dans leur ressenti, et \u00e0 am\u00e9liorer leur pr\u00e9paration physique. Vous repartirez avec des outils concrets pour optimiser vos cours et aider vos cavaliers \u00e0 progresser de mani\u00e8re plus fluide et plus harmonieuse.<\/p>\n\n\n\n<p>Rejoignez-nous pour cette journ\u00e9e d\u00e9di\u00e9e \u00e0 l\u2019am\u00e9lioration de votre p\u00e9dagogie et \u00e0 l\u2019accompagnement de vos cavaliers vers l\u2019excellence. Ce stage est l\u2019occasion d\u2019acqu\u00e9rir de nouvelles comp\u00e9tences, de perfectionner votre approche et de donner un nouvel \u00e9lan \u00e0 vos cours d\u2019\u00e9quitation.<\/p>\n\n\n\n<hr class=\"wp-block-separator has-alpha-channel-opacity\"\/>\n\n\n\n<p><strong>Inscrivez-vous d\u00e8s maintenant<\/strong> et am\u00e9liorez vos comp\u00e9tences p\u00e9dagogiques pour offrir \u00e0 vos cavaliers une exp\u00e9rience d\u2019apprentissage optimale !<\/p>\n\n\n\n<p><\/p>\n","protected":false},"excerpt":{"rendered":"<p>stage enseignant \u2013 A Mar\u00e9caux \u00c9quitation Si vous \u00eates enseignant(e) en \u00e9quitation et souhaitez am\u00e9liorer votre p\u00e9dagogie, affiner votre capacit\u00e9 [&hellip;]<\/p>\n","protected":false},"author":1,"featured_media":0,"parent":0,"menu_order":0,"comment_status":"closed","ping_status":"closed","template":"","meta":{"site-sidebar-layout":"default","site-content-layout":"","ast-site-content-layout":"","site-content-style":"default","site-sidebar-style":"default","ast-global-header-display":"","ast-banner-title-visibility":"","ast-main-header-display":"","ast-hfb-above-header-display":"","ast-hfb-below-header-display":"","ast-hfb-mobile-header-display":"","site-post-title":"","ast-breadcrumbs-content":"","ast-featured-img":"","footer-sml-layout":"","theme-transparent-header-meta":"","adv-header-id-meta":"","stick-header-meta":"","header-above-stick-meta":"","header-main-stick-meta":"","header-below-stick-meta":"","astra-migrate-meta-layouts":"default","ast-page-background-enabled":"default","ast-page-background-meta":{"desktop":{"background-color":"var(--ast-global-color-5)","background-image":"","background-repeat":"repeat","background-position":"center center","background-size":"auto","background-attachment":"scroll","background-type":"","background-media":"","overlay-type":"","overlay-color":"","overlay-opacity":"","overlay-gradient":""},"tablet":{"background-color":"","background-image":"","background-repeat":"repeat","background-position":"center center","background-size":"auto","background-attachment":"scroll","background-type":"","background-media":"","overlay-type":"","overlay-color":"","overlay-opacity":"","overlay-gradient":""},"mobile":{"background-color":"","background-image":"","background-repeat":"repeat","background-position":"center center","background-size":"auto","background-attachment":"scroll","background-type":"","background-media":"","overlay-type":"","overlay-color":"","overlay-opacity":"","overlay-gradient":""}},"ast-content-background-meta":{"desktop":{"background-color":"var(--ast-global-color-4)","background-image":"","background-repeat":"repeat","background-position":"center center","background-size":"auto","background-attachment":"scroll","background-type":"","background-media":"","overlay-type":"","overlay-color":"","overlay-opacity":"","overlay-gradient":""},"tablet":{"background-color":"var(--ast-global-color-4)","background-image":"","background-repeat":"repeat","background-position":"center center","background-size":"auto","background-attachment":"scroll","background-type":"","background-media":"","overlay-type":"","overlay-color":"","overlay-opacity":"","overlay-gradient":""},"mobile":{"background-color":"var(--ast-global-color-4)","background-image":"","background-repeat":"repeat","background-position":"center center","background-size":"auto","background-attachment":"scroll","background-type":"","background-media":"","overlay-type":"","overlay-color":"","overlay-opacity":"","overlay-gradient":""}},"footnotes":""},"class_list":["post-67","page","type-page","status-publish","hentry"],"_links":{"self":[{"href":"https:\/\/amarecaux-equitation.fr\/index.php\/wp-json\/wp\/v2\/pages\/67","targetHints":{"allow":["GET"]}}],"collection":[{"href":"https:\/\/amarecaux-equitation.fr\/index.php\/wp-json\/wp\/v2\/pages"}],"about":[{"href":"https:\/\/amarecaux-equitation.fr\/index.php\/wp-json\/wp\/v2\/types\/page"}],"author":[{"embeddable":true,"href":"https:\/\/amarecaux-equitation.fr\/index.php\/wp-json\/wp\/v2\/users\/1"}],"replies":[{"embeddable":true,"href":"https:\/\/amarecaux-equitation.fr\/index.php\/wp-json\/wp\/v2\/comments?post=67"}],"version-history":[{"count":6,"href":"https:\/\/amarecaux-equitation.fr\/index.php\/wp-json\/wp\/v2\/pages\/67\/revisions"}],"predecessor-version":[{"id":329,"href":"https:\/\/amarecaux-equitation.fr\/index.php\/wp-json\/wp\/v2\/pages\/67\/revisions\/329"}],"wp:attachment":[{"href":"https:\/\/amarecaux-equitation.fr\/index.php\/wp-json\/wp\/v2\/media?parent=67"}],"curies":[{"name":"wp","href":"https:\/\/api.w.org\/{rel}","templated":true}]}}