{"id":75,"date":"2025-01-21T15:51:31","date_gmt":"2025-01-21T14:51:31","guid":{"rendered":"https:\/\/amarecaux-equitation.fr\/?page_id=75"},"modified":"2025-03-26T11:25:15","modified_gmt":"2025-03-26T10:25:15","slug":"produits-neufs","status":"publish","type":"page","link":"https:\/\/amarecaux-equitation.fr\/index.php\/produits-neufs\/","title":{"rendered":"Produits neufs"},"content":{"rendered":"\n<p>D\u00e9couvrir les produits neufs disponibles : <a href=\"https:\/\/amarecaux-equitation.sumupstore.com\/cat%C3%A9gorie\/articles-neufs\"><strong>Page articles neufs de la boutique<\/strong><\/a><\/p>\n\n\n\n<p>Les produits viennent de fournisseurs ou de particuliers qui les ont d\u00e9pos\u00e9s en d\u00e9pot vente.<\/p>\n\n\n\n<p>Tous les produits neufs ne sont pas forc\u00e9ment r\u00e9f\u00e9renc\u00e9s. De plus, selon vos envies, je peux commander de tr\u00e8s nombreux produits et nombreuses marques. N&rsquo;h\u00e9sitez pas \u00e0 demander ce qui vous plairait =) <br>Vous pourrez aussi b\u00e9n\u00e9ficiez de remises selon les marques !<\/p>\n\n\n\n<p>Parmi mes marques partenaires :<br>&#8211; O&rsquo;beltan : produits de soins et compl\u00e9ments naturels<br>&#8211; Frenzy Shop : friandises et compl\u00e9ments<br>&#8211; T de T : marque fran\u00e7aise de mat\u00e9riel de qualit\u00e9<br>&#8211; Havane and Co : Tapis sur mesure fabriqu\u00e9s \u00e0 la main dans le Nord<br>&#8211; Rider nutrition : Nutrition pour les cavaliers <br>&#8211; HKM : grossiste mat\u00e9riel d&rsquo;\u00e9quitation Allemand<\/p>\n\n\n\n<figure class=\"wp-block-image size-large\"><a href=\"https:\/\/amarecaux-equitation.sumupstore.com\/cat%C3%A9gorie\/articles-neufs\"><img loading=\"lazy\" decoding=\"async\" width=\"803\" height=\"1024\" src=\"https:\/\/amarecaux-equitation.fr\/wp-content\/uploads\/2025\/03\/Capture-decran-2025-03-25-162835-803x1024.png\" alt=\"\" class=\"wp-image-391\" srcset=\"https:\/\/amarecaux-equitation.fr\/wp-content\/uploads\/2025\/03\/Capture-decran-2025-03-25-162835-803x1024.png 803w, https:\/\/amarecaux-equitation.fr\/wp-content\/uploads\/2025\/03\/Capture-decran-2025-03-25-162835-235x300.png 235w, https:\/\/amarecaux-equitation.fr\/wp-content\/uploads\/2025\/03\/Capture-decran-2025-03-25-162835-768x980.png 768w, https:\/\/amarecaux-equitation.fr\/wp-content\/uploads\/2025\/03\/Capture-decran-2025-03-25-162835.png 812w\" sizes=\"auto, (max-width: 803px) 100vw, 803px\" \/><\/a><\/figure>\n","protected":false},"excerpt":{"rendered":"<p>D\u00e9couvrir les produits neufs disponibles : Page articles neufs de la boutique Les produits viennent de fournisseurs ou de particuliers [&hellip;]<\/p>\n","protected":false},"author":1,"featured_media":0,"parent":0,"menu_order":0,"comment_status":"closed","ping_status":"closed","template":"","meta":{"site-sidebar-layout":"default","site-content-layout":"","ast-site-content-layout":"","site-content-style":"default","site-sidebar-style":"default","ast-global-header-display":"","ast-banner-title-visibility":"","ast-main-header-display":"","ast-hfb-above-header-display":"","ast-hfb-below-header-display":"","ast-hfb-mobile-header-display":"","site-post-title":"","ast-breadcrumbs-content":"","ast-featured-img":"","footer-sml-layout":"","theme-transparent-header-meta":"","adv-header-id-meta":"","stick-header-meta":"","header-above-stick-meta":"","header-main-stick-meta":"","header-below-stick-meta":"","astra-migrate-meta-layouts":"default","ast-page-background-enabled":"default","ast-page-background-meta":{"desktop":{"background-color":"var(--ast-global-color-5)","background-image":"","background-repeat":"repeat","background-position":"center center","background-size":"auto","background-attachment":"scroll","background-type":"","background-media":"","overlay-type":"","overlay-color":"","overlay-opacity":"","overlay-gradient":""},"tablet":{"background-color":"","background-image":"","background-repeat":"repeat","background-position":"center center","background-size":"auto","background-attachment":"scroll","background-type":"","background-media":"","overlay-type":"","overlay-color":"","overlay-opacity":"","overlay-gradient":""},"mobile":{"background-color":"","background-image":"","background-repeat":"repeat","background-position":"center center","background-size":"auto","background-attachment":"scroll","background-type":"","background-media":"","overlay-type":"","overlay-color":"","overlay-opacity":"","overlay-gradient":""}},"ast-content-background-meta":{"desktop":{"background-color":"var(--ast-global-color-4)","background-image":"","background-repeat":"repeat","background-position":"center center","background-size":"auto","background-attachment":"scroll","background-type":"","background-media":"","overlay-type":"","overlay-color":"","overlay-opacity":"","overlay-gradient":""},"tablet":{"background-color":"var(--ast-global-color-4)","background-image":"","background-repeat":"repeat","background-position":"center center","background-size":"auto","background-attachment":"scroll","background-type":"","background-media":"","overlay-type":"","overlay-color":"","overlay-opacity":"","overlay-gradient":""},"mobile":{"background-color":"var(--ast-global-color-4)","background-image":"","background-repeat":"repeat","background-position":"center center","background-size":"auto","background-attachment":"scroll","background-type":"","background-media":"","overlay-type":"","overlay-color":"","overlay-opacity":"","overlay-gradient":""}},"footnotes":""},"class_list":["post-75","page","type-page","status-publish","hentry"],"_links":{"self":[{"href":"https:\/\/amarecaux-equitation.fr\/index.php\/wp-json\/wp\/v2\/pages\/75","targetHints":{"allow":["GET"]}}],"collection":[{"href":"https:\/\/amarecaux-equitation.fr\/index.php\/wp-json\/wp\/v2\/pages"}],"about":[{"href":"https:\/\/amarecaux-equitation.fr\/index.php\/wp-json\/wp\/v2\/types\/page"}],"author":[{"embeddable":true,"href":"https:\/\/amarecaux-equitation.fr\/index.php\/wp-json\/wp\/v2\/users\/1"}],"replies":[{"embeddable":true,"href":"https:\/\/amarecaux-equitation.fr\/index.php\/wp-json\/wp\/v2\/comments?post=75"}],"version-history":[{"count":5,"href":"https:\/\/amarecaux-equitation.fr\/index.php\/wp-json\/wp\/v2\/pages\/75\/revisions"}],"predecessor-version":[{"id":404,"href":"https:\/\/amarecaux-equitation.fr\/index.php\/wp-json\/wp\/v2\/pages\/75\/revisions\/404"}],"wp:attachment":[{"href":"https:\/\/amarecaux-equitation.fr\/index.php\/wp-json\/wp\/v2\/media?parent=75"}],"curies":[{"name":"wp","href":"https:\/\/api.w.org\/{rel}","templated":true}]}}