{"id":79,"date":"2025-01-21T15:53:32","date_gmt":"2025-01-21T14:53:32","guid":{"rendered":"https:\/\/amarecaux-equitation.fr\/?page_id=79"},"modified":"2025-04-03T13:26:28","modified_gmt":"2025-04-03T11:26:28","slug":"depots-ventes","status":"publish","type":"page","link":"https:\/\/amarecaux-equitation.fr\/index.php\/depots-ventes\/","title":{"rendered":"D\u00e9p\u00f4t-vente"},"content":{"rendered":"\n<h3 class=\"wp-block-heading has-medium-font-size\"><strong>D\u00e9p\u00f4t-Vente de Mat\u00e9riel \u00c9questre \u2013 A Mar\u00e9caux \u00c9quitation<\/strong><\/h3>\n\n\n\n<figure class=\"wp-block-image alignright size-full is-resized\"><img loading=\"lazy\" decoding=\"async\" width=\"402\" height=\"270\" src=\"http:\/\/amarecaux-equitation.fr\/wp-content\/uploads\/2025\/04\/Capture-decran-2025-04-03-125520.png\" alt=\"\" class=\"wp-image-501\" style=\"width:511px;height:auto\" srcset=\"https:\/\/amarecaux-equitation.fr\/wp-content\/uploads\/2025\/04\/Capture-decran-2025-04-03-125520.png 402w, https:\/\/amarecaux-equitation.fr\/wp-content\/uploads\/2025\/04\/Capture-decran-2025-04-03-125520-300x201.png 300w\" sizes=\"auto, (max-width: 402px) 100vw, 402px\" \/><\/figure>\n\n\n\n<p><strong>Vous avez du mat\u00e9riel d&rsquo;\u00e9quitation \u00e0 vendre, mais vous manquez de temps ou d&rsquo;envie pour vous en occuper ?<\/strong><br>Faites appel \u00e0 moi et simplifiez-vous la vie !<\/p>\n\n\n\n<p>Je propose un service de d\u00e9p\u00f4t-vente pour vous permettre de vendre votre mat\u00e9riel \u00e9questre sans avoir \u00e0 vous soucier des d\u00e9marches. Que ce soit une selle, des \u00e9quipements de travail, des accessoires ou tout autre mat\u00e9riel, je m&rsquo;occupe de tout !<\/p>\n\n\n\n<h3 class=\"wp-block-heading has-medium-font-size\"><strong>Pourquoi utiliser le service de d\u00e9p\u00f4t-vente ?<\/strong><\/h3>\n\n\n\n<ul class=\"wp-block-list\">\n<li><strong>Gagnez du temps<\/strong> : Plus besoin de g\u00e9rer les annonces, les appels ou les rendez-vous d\u2019essai. Je m&rsquo;en occupe pour vous.<\/li>\n\n\n\n<li><strong>\u00c9vitez les tracas<\/strong> : Vous n&rsquo;avez pas \u00e0 vous soucier des n\u00e9gociations ou des visites. Je pr\u00e9sente vos articles dans les meilleures conditions.<\/li>\n\n\n\n<li><strong>Faites de la place<\/strong> : Lib\u00e9rez de l\u2019espace dans votre \u00e9curie ou garage tout en r\u00e9cup\u00e9rant un peu d&rsquo;argent pour vos prochains achats.<\/li>\n\n\n\n<li><strong>Vendez en toute tranquillit\u00e9<\/strong> : Je g\u00e8re le processus de vente et vous assurez une transaction s\u00e9curis\u00e9e et professionnelle.<\/li>\n\n\n\n<li><strong>Visibilit\u00e9 boost\u00e9e :<\/strong> Annonce mise en ligne sur mon <a href=\"https:\/\/amarecaux-equitation.sumupstore.com\/\">e-shop<\/a> ainsi que sur des groupes de ventes. J&rsquo;expose \u00e9galement le mat\u00e9riel dans le local au centre \u00e9questre de Marcq en Baroeul mais aussi lors de stands en concours.<\/li>\n<\/ul>\n\n\n\n<h3 class=\"wp-block-heading has-medium-font-size\"><strong>Les Formules <\/strong>: Ventes pour les particuliers &#8211; les Pros &#8211; pour Location.<\/h3>\n\n\n\n<p>Nous vous proposons plusieurs formules : une pour les particuliers et une pour les professionnels ayant des produits \u00e0 vendre.<\/p>\n\n\n\n<p>Vous pouvez \u00e9galement choisir de<strong> louer votre mat\u00e9riel<\/strong> ! Valable pour les vestes de concours, ensemble de concours (tapis + bonnets + veste assortis) et gilets de protection pour le cross.<\/p>\n\n\n\n<figure class=\"wp-block-image alignright size-full is-resized\"><img loading=\"lazy\" decoding=\"async\" width=\"377\" height=\"253\" src=\"http:\/\/amarecaux-equitation.fr\/wp-content\/uploads\/2025\/04\/Capture-decran-2025-04-03-125527.png\" alt=\"\" class=\"wp-image-502\" style=\"width:380px;height:auto\" srcset=\"https:\/\/amarecaux-equitation.fr\/wp-content\/uploads\/2025\/04\/Capture-decran-2025-04-03-125527.png 377w, https:\/\/amarecaux-equitation.fr\/wp-content\/uploads\/2025\/04\/Capture-decran-2025-04-03-125527-300x201.png 300w\" sizes=\"auto, (max-width: 377px) 100vw, 377px\" \/><\/figure>\n\n\n\n<h4 class=\"wp-block-heading has-medium-font-size\"><strong>Comment \u00c7a Marche ?<\/strong><\/h4>\n\n\n\n<ol class=\"wp-block-list\">\n<li><strong>Contactez moi et recevez le contrat<\/strong> :<br>Une fois r\u00e9ceptionn\u00e9, remplissez le tranquillement chez vous.<\/li>\n\n\n\n<li><strong>Apportez votre mat\u00e9riel<\/strong> :<br>D\u00e9posez votre mat\u00e9riel au point de rendez vous convenu ensemble pour r\u00e9cup\u00e9rer votre mat\u00e9riel.<\/li>\n\n\n\n<li><strong>Vente et suivi<\/strong> :<br>J&rsquo;expose votre mat\u00e9riel \u00e0 la vente, je g\u00e8re les essais et la communication avec les potentiels acheteurs. Vous n&rsquo;avez plus qu&rsquo;\u00e0 attendre la vente !<\/li>\n<\/ol>\n\n\n\n<h3 class=\"wp-block-heading has-medium-font-size\"><strong>Pourquoi Choisir mon D\u00e9p\u00f4t-Vente ?<\/strong><\/h3>\n\n\n\n<ul class=\"wp-block-list\">\n<li><strong>Un service personnalis\u00e9<\/strong> : Je vous aide \u00e0 vendre votre mat\u00e9riel en d\u00e9finissant les prix au plus juste par rapport au march\u00e9 de l&rsquo;occasion et de la demande des potentiels acheteurs,<\/li>\n\n\n\n<li><strong>Professionnalisme et s\u00e9curit\u00e9<\/strong> : Les articles sont assur\u00e9s lors de leur prise en d\u00e9p\u00f4t et leur stockage est soign\u00e9e. Je veille \u00e0 ce que chaque article soit vendu dans de bonnes conditions et avec des informations transparentes pour les acheteurs.<\/li>\n\n\n\n<li><strong>Pas de contrainte pour vous<\/strong> : Fini les heures pass\u00e9es \u00e0 r\u00e9pondre aux annonces ou \u00e0 organiser des essais. <\/li>\n<\/ul>\n\n\n\n<h3 class=\"wp-block-heading has-medium-font-size\"><strong>Contactez-moi !<\/strong><\/h3>\n\n\n\n<p>Pour plus d\u2019informations, pour t\u00e9l\u00e9charger le contrat, ou pour d\u00e9poser vos articles en d\u00e9p\u00f4t-vente, contactez-moi :<\/p>\n\n\n\n<p><strong>T\u00e9l\u00e9phone :<\/strong> 0623786178<br><strong>Email :<\/strong> <a>aureliemarecaux59@gmail.com<\/a><\/p>\n\n\n\n<p><strong>Faites confiance \u00e0 mon service de d\u00e9p\u00f4t-vente pour vendre rapidement et sereinement vos \u00e9quipements d&rsquo;\u00e9quitation !<\/strong><\/p>\n\n\n\n<p><\/p>\n","protected":false},"excerpt":{"rendered":"<p>D\u00e9p\u00f4t-Vente de Mat\u00e9riel \u00c9questre \u2013 A Mar\u00e9caux \u00c9quitation Vous avez du mat\u00e9riel d&rsquo;\u00e9quitation \u00e0 vendre, mais vous manquez de temps [&hellip;]<\/p>\n","protected":false},"author":1,"featured_media":0,"parent":0,"menu_order":0,"comment_status":"closed","ping_status":"closed","template":"","meta":{"site-sidebar-layout":"default","site-content-layout":"","ast-site-content-layout":"","site-content-style":"default","site-sidebar-style":"default","ast-global-header-display":"","ast-banner-title-visibility":"","ast-main-header-display":"","ast-hfb-above-header-display":"","ast-hfb-below-header-display":"","ast-hfb-mobile-header-display":"","site-post-title":"","ast-breadcrumbs-content":"","ast-featured-img":"","footer-sml-layout":"","theme-transparent-header-meta":"","adv-header-id-meta":"","stick-header-meta":"","header-above-stick-meta":"","header-main-stick-meta":"","header-below-stick-meta":"","astra-migrate-meta-layouts":"default","ast-page-background-enabled":"default","ast-page-background-meta":{"desktop":{"background-color":"var(--ast-global-color-5)","background-image":"","background-repeat":"repeat","background-position":"center center","background-size":"auto","background-attachment":"scroll","background-type":"","background-media":"","overlay-type":"","overlay-color":"","overlay-opacity":"","overlay-gradient":""},"tablet":{"background-color":"","background-image":"","background-repeat":"repeat","background-position":"center center","background-size":"auto","background-attachment":"scroll","background-type":"","background-media":"","overlay-type":"","overlay-color":"","overlay-opacity":"","overlay-gradient":""},"mobile":{"background-color":"","background-image":"","background-repeat":"repeat","background-position":"center center","background-size":"auto","background-attachment":"scroll","background-type":"","background-media":"","overlay-type":"","overlay-color":"","overlay-opacity":"","overlay-gradient":""}},"ast-content-background-meta":{"desktop":{"background-color":"var(--ast-global-color-4)","background-image":"","background-repeat":"repeat","background-position":"center center","background-size":"auto","background-attachment":"scroll","background-type":"","background-media":"","overlay-type":"","overlay-color":"","overlay-opacity":"","overlay-gradient":""},"tablet":{"background-color":"var(--ast-global-color-4)","background-image":"","background-repeat":"repeat","background-position":"center center","background-size":"auto","background-attachment":"scroll","background-type":"","background-media":"","overlay-type":"","overlay-color":"","overlay-opacity":"","overlay-gradient":""},"mobile":{"background-color":"var(--ast-global-color-4)","background-image":"","background-repeat":"repeat","background-position":"center center","background-size":"auto","background-attachment":"scroll","background-type":"","background-media":"","overlay-type":"","overlay-color":"","overlay-opacity":"","overlay-gradient":""}},"footnotes":""},"class_list":["post-79","page","type-page","status-publish","hentry"],"_links":{"self":[{"href":"https:\/\/amarecaux-equitation.fr\/index.php\/wp-json\/wp\/v2\/pages\/79","targetHints":{"allow":["GET"]}}],"collection":[{"href":"https:\/\/amarecaux-equitation.fr\/index.php\/wp-json\/wp\/v2\/pages"}],"about":[{"href":"https:\/\/amarecaux-equitation.fr\/index.php\/wp-json\/wp\/v2\/types\/page"}],"author":[{"embeddable":true,"href":"https:\/\/amarecaux-equitation.fr\/index.php\/wp-json\/wp\/v2\/users\/1"}],"replies":[{"embeddable":true,"href":"https:\/\/amarecaux-equitation.fr\/index.php\/wp-json\/wp\/v2\/comments?post=79"}],"version-history":[{"count":8,"href":"https:\/\/amarecaux-equitation.fr\/index.php\/wp-json\/wp\/v2\/pages\/79\/revisions"}],"predecessor-version":[{"id":510,"href":"https:\/\/amarecaux-equitation.fr\/index.php\/wp-json\/wp\/v2\/pages\/79\/revisions\/510"}],"wp:attachment":[{"href":"https:\/\/amarecaux-equitation.fr\/index.php\/wp-json\/wp\/v2\/media?parent=79"}],"curies":[{"name":"wp","href":"https:\/\/api.w.org\/{rel}","templated":true}]}}