{"id":81,"date":"2025-01-21T15:54:12","date_gmt":"2025-01-21T14:54:12","guid":{"rendered":"https:\/\/amarecaux-equitation.fr\/?page_id=81"},"modified":"2025-04-03T13:01:24","modified_gmt":"2025-04-03T11:01:24","slug":"reparation","status":"publish","type":"page","link":"https:\/\/amarecaux-equitation.fr\/index.php\/reparation\/","title":{"rendered":"Location Gilet airbag"},"content":{"rendered":"\n<figure class=\"wp-block-image alignright is-resized\"><a href=\"https:\/\/amarecaux-equitation.sumupstore.com\/article\/location-gilet-airbag\"><img loading=\"lazy\" decoding=\"async\" width=\"370\" height=\"506\" src=\"https:\/\/amarecaux-equitation.fr\/wp-content\/uploads\/2025\/04\/Capture-decran-2025-04-03-122918.png\" alt=\"\" class=\"wp-image-498\" style=\"width:214px;height:auto\" srcset=\"https:\/\/amarecaux-equitation.fr\/wp-content\/uploads\/2025\/04\/Capture-decran-2025-04-03-122918.png 370w, https:\/\/amarecaux-equitation.fr\/wp-content\/uploads\/2025\/04\/Capture-decran-2025-04-03-122918-219x300.png 219w\" sizes=\"auto, (max-width: 370px) 100vw, 370px\" \/><\/a><\/figure>\n\n\n\n<h3 class=\"wp-block-heading\">La s\u00e9curit\u00e9 n&rsquo;a pas de prix !<\/h3>\n\n\n\n<p>Vous souhaitez monter en s\u00e9curit\u00e9 mais vous n\u2019avez pas les moyens d\u2019acheter un gilet airbag ?<br>J\u2019ai la solution :<strong>&nbsp;<a href=\"https:\/\/amarecaux-equitation.sumupstore.com\/article\/location-gilet-airbag\">louez le lors d\u2019un cours ou plu<\/a>s&nbsp;<\/strong>si vous vous le tester plus longtemps gr\u00e2ce \u00e0 mon service de location de gilets airbag de la marque fran\u00e7aise Debon\u2019R ! Seule marque qui a accept\u00e9 de me suivre dans le lancement de ce service tr\u00e8s utile pour les cavaliers ! La confection des gilets est enti\u00e8rement faite en France et le service apr\u00e8s vente pour les v\u00e9rifications est aussi bas\u00e9 \u00e0 Lyon. Le cr\u00e9ateur des gilets \u00e9tant aussi dans l\u2019optique de faciliter l\u2019acc\u00e8s \u00e0 la s\u00e9curit\u00e9 pour les cavaliers, la location a \u00e9t\u00e9 rendue possible !<\/p>\n\n\n\n<p>La location pour 1 heure de cours n\u2019est possible qu\u2019au centre \u00e9questre de Marcq en Baroeul ou lors de concours si je suis pr\u00e9sente en stand. Pour les cavaliers du CERRD la location est possible en autonomie gr\u00e2ce au paiement en ligne et au retrait dans un casier pr\u00e9vu \u00e0 cet effet (le code vous est envoy\u00e9 apr\u00e8s r\u00e9ception du paiement).<br>Pour les location de plus longue dur\u00e9e, un contrat avec caution est demand\u00e9 et le retrait se fait lors d\u2019un rendez vous.<\/p>\n\n\n\n<figure class=\"wp-block-image aligncenter\"><img loading=\"lazy\" decoding=\"async\" width=\"779\" height=\"434\" src=\"https:\/\/amarecaux-equitation.fr\/wp-content\/uploads\/2025\/04\/Capture-decran-2025-04-03-125307.png\" alt=\"\" class=\"wp-image-500\" srcset=\"https:\/\/amarecaux-equitation.fr\/wp-content\/uploads\/2025\/04\/Capture-decran-2025-04-03-125307.png 779w, https:\/\/amarecaux-equitation.fr\/wp-content\/uploads\/2025\/04\/Capture-decran-2025-04-03-125307-300x167.png 300w, https:\/\/amarecaux-equitation.fr\/wp-content\/uploads\/2025\/04\/Capture-decran-2025-04-03-125307-768x428.png 768w\" sizes=\"auto, (max-width: 779px) 100vw, 779px\" \/><\/figure>\n\n\n\n<p class=\"has-medium-font-size\"><strong>Vous \u00eates un club et vous aimeriez mettre en place ce service au sein de vos \u00e9curies pour vos cavaliers<\/strong>&nbsp;?<\/p>\n\n\n\n<p>Ce service de location pour 1 heure de cours peut facilement \u00eatre mis en place. Contactez moi pour que nous trouvions la solution qui vous convient le mieux !<\/p>\n\n\n\n<p class=\"has-medium-font-size\"><strong>Vous pr\u00e9f\u00e9rez acheter gilet airbag ?<\/strong>&nbsp;c\u2019est possible aussi sur la boutique ou en magasin ! cliquer sur l\u2019image<\/p>\n\n\n\n<figure class=\"wp-block-image\"><a href=\"https:\/\/amarecaux-equitation.sumupstore.com\/article\/gilet-airbag-debon-r-modele-allure\"><img loading=\"lazy\" decoding=\"async\" width=\"362\" height=\"501\" src=\"https:\/\/amarecaux-equitation.fr\/wp-content\/uploads\/2025\/04\/Capture-decran-2025-04-03-122838.png\" alt=\"\" class=\"wp-image-495\" srcset=\"https:\/\/amarecaux-equitation.fr\/wp-content\/uploads\/2025\/04\/Capture-decran-2025-04-03-122838.png 362w, https:\/\/amarecaux-equitation.fr\/wp-content\/uploads\/2025\/04\/Capture-decran-2025-04-03-122838-217x300.png 217w\" sizes=\"auto, (max-width: 362px) 100vw, 362px\" \/><\/a><\/figure>\n\n\n\n<figure class=\"wp-block-image\"><a href=\"https:\/\/amarecaux-equitation.sumupstore.com\/article\/gilet-airbag-debon-r-modele-suma\"><img loading=\"lazy\" decoding=\"async\" width=\"343\" height=\"503\" src=\"https:\/\/amarecaux-equitation.fr\/wp-content\/uploads\/2025\/04\/Capture-decran-2025-04-03-122845.png\" alt=\"\" class=\"wp-image-496\" srcset=\"https:\/\/amarecaux-equitation.fr\/wp-content\/uploads\/2025\/04\/Capture-decran-2025-04-03-122845.png 343w, https:\/\/amarecaux-equitation.fr\/wp-content\/uploads\/2025\/04\/Capture-decran-2025-04-03-122845-205x300.png 205w\" sizes=\"auto, (max-width: 343px) 100vw, 343px\" \/><\/a><\/figure>\n\n\n\n<figure class=\"wp-block-image\"><a href=\"https:\/\/amarecaux-equitation.sumupstore.com\/article\/cartouche-co2-pour-gilet-airbag\"><img loading=\"lazy\" decoding=\"async\" width=\"361\" height=\"501\" src=\"https:\/\/amarecaux-equitation.fr\/wp-content\/uploads\/2025\/04\/Capture-decran-2025-04-03-122900.png\" alt=\"\" class=\"wp-image-497\" srcset=\"https:\/\/amarecaux-equitation.fr\/wp-content\/uploads\/2025\/04\/Capture-decran-2025-04-03-122900.png 361w, https:\/\/amarecaux-equitation.fr\/wp-content\/uploads\/2025\/04\/Capture-decran-2025-04-03-122900-216x300.png 216w\" sizes=\"auto, (max-width: 361px) 100vw, 361px\" \/><\/a><\/figure>\n\n\n\n<h3 class=\"wp-block-heading has-medium-font-size\"><\/h3>\n\n\n\n<ul class=\"wp-block-list\">\n<li><strong>Email :<\/strong> <a>aureliemarecaux59@hotmail.fr<\/a><\/li>\n\n\n\n<li><strong>T\u00e9l\u00e9phone :<\/strong> 06.23.78.61.78<\/li>\n\n\n\n<li>rubrique <a href=\"https:\/\/amarecaux-equitation.fr\/index.php\/formulaire\/\" data-type=\"page\" data-id=\"86\">Contact<\/a> <\/li>\n<\/ul>\n\n\n\n<h3 class=\"wp-block-heading has-medium-font-size\"><strong>Repartez avec un Mat\u00e9riel Comme Neuf !<\/strong><\/h3>\n\n\n\n<p>Que ce soit pour une r\u00e9paration simple ou une transformation cr\u00e9ative, nous sommes l\u00e0 pour vous aider \u00e0 donner une nouvelle vie \u00e0 vos \u00e9quipements \u00e9questres. En choisissant notre service, vous faites le choix de l\u2019\u00e9co-responsabilit\u00e9 et de la qualit\u00e9 artisanale.<\/p>\n\n\n\n<p><\/p>\n","protected":false},"excerpt":{"rendered":"<p>La s\u00e9curit\u00e9 n&rsquo;a pas de prix ! Vous souhaitez monter en s\u00e9curit\u00e9 mais vous n\u2019avez pas les moyens d\u2019acheter un [&hellip;]<\/p>\n","protected":false},"author":1,"featured_media":0,"parent":0,"menu_order":0,"comment_status":"closed","ping_status":"closed","template":"","meta":{"site-sidebar-layout":"default","site-content-layout":"","ast-site-content-layout":"","site-content-style":"default","site-sidebar-style":"default","ast-global-header-display":"","ast-banner-title-visibility":"","ast-main-header-display":"","ast-hfb-above-header-display":"","ast-hfb-below-header-display":"","ast-hfb-mobile-header-display":"","site-post-title":"","ast-breadcrumbs-content":"","ast-featured-img":"","footer-sml-layout":"","theme-transparent-header-meta":"","adv-header-id-meta":"","stick-header-meta":"","header-above-stick-meta":"","header-main-stick-meta":"","header-below-stick-meta":"","astra-migrate-meta-layouts":"default","ast-page-background-enabled":"default","ast-page-background-meta":{"desktop":{"background-color":"var(--ast-global-color-5)","background-image":"","background-repeat":"repeat","background-position":"center center","background-size":"auto","background-attachment":"scroll","background-type":"","background-media":"","overlay-type":"","overlay-color":"","overlay-opacity":"","overlay-gradient":""},"tablet":{"background-color":"","background-image":"","background-repeat":"repeat","background-position":"center center","background-size":"auto","background-attachment":"scroll","background-type":"","background-media":"","overlay-type":"","overlay-color":"","overlay-opacity":"","overlay-gradient":""},"mobile":{"background-color":"","background-image":"","background-repeat":"repeat","background-position":"center center","background-size":"auto","background-attachment":"scroll","background-type":"","background-media":"","overlay-type":"","overlay-color":"","overlay-opacity":"","overlay-gradient":""}},"ast-content-background-meta":{"desktop":{"background-color":"var(--ast-global-color-4)","background-image":"","background-repeat":"repeat","background-position":"center center","background-size":"auto","background-attachment":"scroll","background-type":"","background-media":"","overlay-type":"","overlay-color":"","overlay-opacity":"","overlay-gradient":""},"tablet":{"background-color":"var(--ast-global-color-4)","background-image":"","background-repeat":"repeat","background-position":"center center","background-size":"auto","background-attachment":"scroll","background-type":"","background-media":"","overlay-type":"","overlay-color":"","overlay-opacity":"","overlay-gradient":""},"mobile":{"background-color":"var(--ast-global-color-4)","background-image":"","background-repeat":"repeat","background-position":"center center","background-size":"auto","background-attachment":"scroll","background-type":"","background-media":"","overlay-type":"","overlay-color":"","overlay-opacity":"","overlay-gradient":""}},"footnotes":""},"class_list":["post-81","page","type-page","status-publish","hentry"],"_links":{"self":[{"href":"https:\/\/amarecaux-equitation.fr\/index.php\/wp-json\/wp\/v2\/pages\/81","targetHints":{"allow":["GET"]}}],"collection":[{"href":"https:\/\/amarecaux-equitation.fr\/index.php\/wp-json\/wp\/v2\/pages"}],"about":[{"href":"https:\/\/amarecaux-equitation.fr\/index.php\/wp-json\/wp\/v2\/types\/page"}],"author":[{"embeddable":true,"href":"https:\/\/amarecaux-equitation.fr\/index.php\/wp-json\/wp\/v2\/users\/1"}],"replies":[{"embeddable":true,"href":"https:\/\/amarecaux-equitation.fr\/index.php\/wp-json\/wp\/v2\/comments?post=81"}],"version-history":[{"count":6,"href":"https:\/\/amarecaux-equitation.fr\/index.php\/wp-json\/wp\/v2\/pages\/81\/revisions"}],"predecessor-version":[{"id":506,"href":"https:\/\/amarecaux-equitation.fr\/index.php\/wp-json\/wp\/v2\/pages\/81\/revisions\/506"}],"wp:attachment":[{"href":"https:\/\/amarecaux-equitation.fr\/index.php\/wp-json\/wp\/v2\/media?parent=81"}],"curies":[{"name":"wp","href":"https:\/\/api.w.org\/{rel}","templated":true}]}}