{"id":83,"date":"2025-01-21T15:55:01","date_gmt":"2025-01-21T14:55:01","guid":{"rendered":"https:\/\/amarecaux-equitation.fr\/?page_id=83"},"modified":"2025-04-24T09:52:15","modified_gmt":"2025-04-24T07:52:15","slug":"services-nettoyage","status":"publish","type":"page","link":"https:\/\/amarecaux-equitation.fr\/index.php\/services-nettoyage\/","title":{"rendered":"Services Nettoyage et R\u00e9paration Textiles"},"content":{"rendered":"\n<p><strong>Service de Nettoyage pour Mat\u00e9riel \u00c9questre <\/strong><\/p>\n\n\n\n<p>Bienvenue sur la page d\u00e9di\u00e9e aux services de nettoyage de vos textiles \u00e9questres : tapis, couvertures, couvres rein&#8230;<\/p>\n\n\n\n<h3 class=\"wp-block-heading has-medium-font-size\"><strong>Les Prestations Textiles<\/strong> sont d\u00e9di\u00e9es aux particuliers :<\/h3>\n\n\n\n<p><strong>Les Prestations de Nettoyage<\/strong>&nbsp;:<\/p>\n\n\n\n<figure class=\"wp-block-image alignright size-full\"><img loading=\"lazy\" decoding=\"async\" width=\"559\" height=\"642\" src=\"http:\/\/amarecaux-equitation.fr\/wp-content\/uploads\/2025\/04\/Capture-decran-2025-04-03-121443.png\" alt=\"\" class=\"wp-image-494\" srcset=\"https:\/\/amarecaux-equitation.fr\/wp-content\/uploads\/2025\/04\/Capture-decran-2025-04-03-121443.png 559w, https:\/\/amarecaux-equitation.fr\/wp-content\/uploads\/2025\/04\/Capture-decran-2025-04-03-121443-261x300.png 261w\" sizes=\"auto, (max-width: 559px) 100vw, 559px\" \/><\/figure>\n\n\n\n<ul class=\"wp-block-list\">\n<li><strong>Lavage<\/strong>&nbsp;: Nettoyage est effectu\u00e9 dans une grande machine, un d\u00e9poilage (enl\u00e8vement des poils) est effectu\u00e9 avant et une d\u00e9sinfection classique est faite en m\u00eame temps que le lavage<\/li>\n\n\n\n<li><strong>Imperm\u00e9abilisation<\/strong>&nbsp;ou r\u00e9imperm\u00e9abilisation de vos couvertures ou de vos habits : Prot\u00e9gez vous contre l&rsquo;humidit\u00e9 avec le service de r\u00e9imperm\u00e9abilisation, garantissant une meilleure r\u00e9sistance aux intemp\u00e9ries. pour qu\u2019ils ne percent plus lors de grosses pluies (les fameuses \u00ab&nbsp;draches&nbsp;\u00bb du Nord !)<\/li>\n\n\n\n<li><strong>D\u00e9sinfection renforc\u00e9e<\/strong>&nbsp;: pour des textiles propres et sains, important pour la sant\u00e9 de vos chevaux. Utile en cas de champignons ou probl\u00e8mes de bact\u00e9ries ou de virus.<\/li>\n\n\n\n<li><strong>D\u00e9poilage intensif<\/strong>&nbsp;: quand votre cheval \u00e0 laisser vraiment beaucoup de poils il faut plus de temps pour les enlever !<\/li>\n<\/ul>\n\n\n\n<p><strong>La r\u00e9paration&nbsp;<\/strong>de vos textiles est aussi possible. Si vous souhaitez faire disparaitre les trous de vos couvertures ou les faire raccommoder, demandez un devis !<\/p>\n\n\n\n<h3 class=\"wp-block-heading has-medium-font-size\"><strong>Pourquoi Choisir mes Services ?<\/strong><\/h3>\n\n\n\n<ul class=\"wp-block-list\">\n<li><strong>Professionnalisme<\/strong> : Soins et s\u00e9rieux dans le nettoyage, jusqu&rsquo;au bout des scratch !<\/li>\n\n\n\n<li><strong>Rapidit\u00e9<\/strong> : Service efficace et adaptation aux besoins des clients sur le d\u00e9lai.<\/li>\n\n\n\n<li><strong>Praticit\u00e9<\/strong> : D\u00e9pot au centre \u00e9questre de Marcq en Baroeul ou sur Comines. Retrait \u00e0 domicile possible <em>(option sur devis)<\/em>.<\/li>\n<\/ul>\n\n\n\n<h3 class=\"wp-block-heading has-medium-font-size\"><strong>R\u00e9paration de Mat\u00e9riel \u00c9questre &#8211; Prolongez la Vie de Vos \u00c9quipements <\/strong><\/h3>\n\n\n\n<p>Les \u00e9quipements d&rsquo;\u00e9quitation sont des investissements pr\u00e9cieux. Pourquoi ne pas leur offrir une seconde vie en les r\u00e9parant et en les transformant ? Voici comment notre service de r\u00e9paration peut vous aider \u00e0 prolonger la dur\u00e9e de vie de vos objets tout en adoptant une d\u00e9marche \u00e9co-responsable. Je m&rsquo;occupe des petites r\u00e9paration et pour les r\u00e9parations n\u00e9cessitant plus de pr\u00e9cision et de technique je travaille en partenariat avec une couturi\u00e8re professionnelle : Tiffany de Aux Fils du Temps.<\/p>\n\n\n\n<h3 class=\"wp-block-heading has-medium-font-size\"><strong>Pourquoi R\u00e9parer ou Transformer Vos \u00c9quipements ?<\/strong><\/h3>\n\n\n\n<ul class=\"wp-block-list\">\n<li><strong>Augmenter la dur\u00e9e de vie de vos objets<\/strong> : Au lieu d&rsquo;acheter du mat\u00e9riel neuf, nous vous aidons \u00e0 r\u00e9parer et \u00e0 remettre en \u00e9tat vos \u00e9quipements existants, \u00e9conomisant ainsi des ressources et de l&rsquo;argent.<\/li>\n\n\n\n<li><strong>Donner une nouvelle utilit\u00e9 \u00e0 vos objets<\/strong> : Vous avez un objet us\u00e9 ? Pourquoi ne pas le transformer ou le personnaliser pour lui donner une seconde vie ?<\/li>\n\n\n\n<li><strong>\u00c9co-responsabilit\u00e9<\/strong> : En r\u00e9parant et r\u00e9utilisant plut\u00f4t qu&rsquo;en jetant, vous contribuez activement \u00e0 la r\u00e9duction des d\u00e9chets et \u00e0 la pr\u00e9servation de l&rsquo;environnement.<\/li>\n\n\n\n<li><strong>\u00c9viter la production de nouveaux produits<\/strong> : R\u00e9parer, c&rsquo;est aussi \u00e9viter la surconsommation et le gaspillage li\u00e9 \u00e0 la production de nouveaux \u00e9quipements.<\/li>\n<\/ul>\n\n\n\n<h3 class=\"wp-block-heading has-medium-font-size\"><strong>Un Service Sur Mesure pour Chaque R\u00e9paration<\/strong><\/h3>\n\n\n\n<p>Que vous ayez besoin d&rsquo;une r\u00e9paration classique ou d&rsquo;une transformation cr\u00e9ative, je peux vous proposer :<\/p>\n\n\n\n<ul class=\"wp-block-list\">\n<li><strong>R\u00e9paration de textiles<\/strong> :  vos tapis, couvertures, v\u00eatements d\u2019\u00e9quitation, et autres textiles se refont une beaut\u00e9 : qu\u2019il s\u2019agisse de petites r\u00e9parations ou de remises \u00e0 neuf plus pouss\u00e9es.<\/li>\n\n\n\n<li><strong>Upcycling et ateliers de cr\u00e9ation<\/strong> : Si vous souhaitez donner une nouvelle forme ou transformer vos objets vous-m\u00eame, nous proposons des ateliers de <strong>customisation<\/strong> et de <strong>transformation<\/strong> anim\u00e9s par des intervenants sp\u00e9cialis\u00e9s. Ces ateliers vous permettront de personnaliser vos \u00e9quipements \u00e0 votre image tout en d\u00e9veloppant vos comp\u00e9tences cr\u00e9atives. <\/li>\n<\/ul>\n\n\n\n<h3 class=\"wp-block-heading has-medium-font-size\"><strong>Demandez un Devis Personnalis\u00e9<\/strong><\/h3>\n\n\n\n<p>Chaque r\u00e9paration ou transformation est unique, et nous vous fournirons un devis pr\u00e9cis en fonction de la nature de l&rsquo;objet et de l&rsquo;ampleur de la r\u00e9paration.<\/p>\n\n\n\n<p>Pour recevoir votre devis ou obtenir plus d\u2019informations, contactez-moi via le formulaire ci-dessous ou en utilisant les coordonn\u00e9es suivantes :<\/p>\n\n\n\n<p>\ud83d\udcde&nbsp;<strong>T\u00e9l\u00e9phone :<\/strong>&nbsp;0623786178<br>\ud83d\udce7&nbsp;<strong>Email :<\/strong>&nbsp;<a>aureliemarecaux59@gmail.com<\/a>&nbsp;ou via la rubrique&nbsp;<a href=\"https:\/\/amarecaux-equitation.fr\/index.php\/contact\/\" data-type=\"page\" data-id=\"61\">Contact<\/a><\/p>\n\n\n\n<p class=\"has-medium-font-size\"><strong>Contactez moi d\u00e8s aujourd&rsquo;hui pour en savoir plus !<\/strong><\/p>\n\n\n\n<p><\/p>\n","protected":false},"excerpt":{"rendered":"<p>Service de Nettoyage pour Mat\u00e9riel \u00c9questre Bienvenue sur la page d\u00e9di\u00e9e aux services de nettoyage de vos textiles \u00e9questres : [&hellip;]<\/p>\n","protected":false},"author":1,"featured_media":0,"parent":0,"menu_order":0,"comment_status":"closed","ping_status":"closed","template":"","meta":{"site-sidebar-layout":"default","site-content-layout":"","ast-site-content-layout":"","site-content-style":"default","site-sidebar-style":"default","ast-global-header-display":"","ast-banner-title-visibility":"","ast-main-header-display":"","ast-hfb-above-header-display":"","ast-hfb-below-header-display":"","ast-hfb-mobile-header-display":"","site-post-title":"","ast-breadcrumbs-content":"","ast-featured-img":"","footer-sml-layout":"","theme-transparent-header-meta":"","adv-header-id-meta":"","stick-header-meta":"","header-above-stick-meta":"","header-main-stick-meta":"","header-below-stick-meta":"","astra-migrate-meta-layouts":"default","ast-page-background-enabled":"default","ast-page-background-meta":{"desktop":{"background-color":"var(--ast-global-color-5)","background-image":"","background-repeat":"repeat","background-position":"center center","background-size":"auto","background-attachment":"scroll","background-type":"","background-media":"","overlay-type":"","overlay-color":"","overlay-opacity":"","overlay-gradient":""},"tablet":{"background-color":"","background-image":"","background-repeat":"repeat","background-position":"center center","background-size":"auto","background-attachment":"scroll","background-type":"","background-media":"","overlay-type":"","overlay-color":"","overlay-opacity":"","overlay-gradient":""},"mobile":{"background-color":"","background-image":"","background-repeat":"repeat","background-position":"center center","background-size":"auto","background-attachment":"scroll","background-type":"","background-media":"","overlay-type":"","overlay-color":"","overlay-opacity":"","overlay-gradient":""}},"ast-content-background-meta":{"desktop":{"background-color":"var(--ast-global-color-4)","background-image":"","background-repeat":"repeat","background-position":"center center","background-size":"auto","background-attachment":"scroll","background-type":"","background-media":"","overlay-type":"","overlay-color":"","overlay-opacity":"","overlay-gradient":""},"tablet":{"background-color":"var(--ast-global-color-4)","background-image":"","background-repeat":"repeat","background-position":"center center","background-size":"auto","background-attachment":"scroll","background-type":"","background-media":"","overlay-type":"","overlay-color":"","overlay-opacity":"","overlay-gradient":""},"mobile":{"background-color":"var(--ast-global-color-4)","background-image":"","background-repeat":"repeat","background-position":"center center","background-size":"auto","background-attachment":"scroll","background-type":"","background-media":"","overlay-type":"","overlay-color":"","overlay-opacity":"","overlay-gradient":""}},"footnotes":""},"class_list":["post-83","page","type-page","status-publish","hentry"],"_links":{"self":[{"href":"https:\/\/amarecaux-equitation.fr\/index.php\/wp-json\/wp\/v2\/pages\/83","targetHints":{"allow":["GET"]}}],"collection":[{"href":"https:\/\/amarecaux-equitation.fr\/index.php\/wp-json\/wp\/v2\/pages"}],"about":[{"href":"https:\/\/amarecaux-equitation.fr\/index.php\/wp-json\/wp\/v2\/types\/page"}],"author":[{"embeddable":true,"href":"https:\/\/amarecaux-equitation.fr\/index.php\/wp-json\/wp\/v2\/users\/1"}],"replies":[{"embeddable":true,"href":"https:\/\/amarecaux-equitation.fr\/index.php\/wp-json\/wp\/v2\/comments?post=83"}],"version-history":[{"count":10,"href":"https:\/\/amarecaux-equitation.fr\/index.php\/wp-json\/wp\/v2\/pages\/83\/revisions"}],"predecessor-version":[{"id":528,"href":"https:\/\/amarecaux-equitation.fr\/index.php\/wp-json\/wp\/v2\/pages\/83\/revisions\/528"}],"wp:attachment":[{"href":"https:\/\/amarecaux-equitation.fr\/index.php\/wp-json\/wp\/v2\/media?parent=83"}],"curies":[{"name":"wp","href":"https:\/\/api.w.org\/{rel}","templated":true}]}}