{"id":88,"date":"2025-01-21T15:59:30","date_gmt":"2025-01-21T14:59:30","guid":{"rendered":"https:\/\/amarecaux-equitation.fr\/?page_id=88"},"modified":"2025-03-28T11:36:12","modified_gmt":"2025-03-28T10:36:12","slug":"ateliers","status":"publish","type":"page","link":"https:\/\/amarecaux-equitation.fr\/index.php\/ateliers\/","title":{"rendered":"Ateliers psychomoteurs"},"content":{"rendered":"\n<p class=\"has-medium-font-size\"><strong>Optimiser le corps et l&rsquo;esprit du cavalier<\/strong>.<\/p>\n\n\n\n<p>Je propose des <strong>ateliers sp\u00e9cialis\u00e9s<\/strong> pour d\u00e9velopper les <strong>capacit\u00e9s physiques, psychomotrices et cognitives<\/strong> des cavaliers pour lui permettre d&rsquo;<strong>am\u00e9liorer sa posture et son ressenti <\/strong>\u00e0 cheval. Nous travaillons sur La <strong>coordination<\/strong>, le rapport la <strong>tonicit\u00e9 musculaire\/souplesse<\/strong>, la gestion de son <strong>\u00e9quilibre<\/strong> et la capacit\u00e9 \u00e0 <strong>analyser ses sensations<\/strong>. Mes ateliers sont con\u00e7us pour aider chaque cavalier \u00e0 ressentir les \u00ab\u00a0forces\u00a0\u00bb <em>(biom\u00e9canique)<\/em> agissant sur eux, g\u00e9rer leur propre corps et comprendre les mouvements du cheval dans le but d\u2019am\u00e9liorer ses comp\u00e9tences, tout en veillant \u00e0 <strong>l\u2019harmonie et au bien-\u00eatre <\/strong>du couple.<br>Les ateliers se font dans diff\u00e9rentes situations : au sol, sur simulateur et \u00e0 cheval.<\/p>\n\n\n\n<h3 class=\"wp-block-heading has-medium-font-size\"><strong>Bienfaits des Ateliers :<\/strong><\/h3>\n\n\n\n<ul class=\"wp-block-list\">\n<li><strong>Renforcement et \u00c9quilibre<\/strong><br>Mes ateliers sont destin\u00e9s \u00e0 aider les cavaliers \u00e0 <strong>am\u00e9liorer leur \u00e9quilibre<\/strong> et leur <strong>force musculaire<\/strong>, essentiels pour une pratique \u00e9questre saine et fluide. En simulant les diff\u00e9rents mouvements du cheval (pas, trot, galop), nous offrons un environnement contr\u00f4l\u00e9 pour renforcer les muscles stabilisateurs et mieux g\u00e9rer la posture sur le cheval.<\/li>\n\n\n\n<li><strong>Travail sur la posture<\/strong><br>Une <strong>bonne position<\/strong> est la cl\u00e9 pour une communication efficace avec le cheval. Travailler sur sa posture ne se fait pas uniquement en selle. Mieux comprendre son propre corps et conna\u00eetre les ajustements n\u00e9cessaires pour \u00eatre plus stable vous permettront d&rsquo;\u00eatre plus \u00e0 l\u2019aise lors de vos s\u00e9ances \u00e0 cheval. Cela permet \u00e9galement d&rsquo;\u00eatre plus confortable en selle et de <strong>r\u00e9duire les risques de tensions inutiles<\/strong> et de blessures.<\/li>\n\n\n\n<li><strong>Eveil sensoriel<\/strong><br>L&rsquo;un des avantages de notre cheval m\u00e9canique est qu&rsquo;il permet d&rsquo;affiner le <strong>ressenti<\/strong> car ses mouvement sont fluides et moins marqu\u00e9s (pas de secousses) . Vous apprendrez \u00e0 comprendre et \u00e0 g\u00e9rer chaque mouvement, ce qui am\u00e9liorera non seulement votre position, mais aussi votre <strong>connexion avec le cheval r\u00e9el<\/strong> en optimisant votre sensation du mouvement.<\/li>\n<\/ul>\n\n\n\n<h3 class=\"wp-block-heading has-medium-font-size\"><strong>Bien-\u00eatre du Cavalier et du Cheval<\/strong><\/h3>\n\n\n\n<p>Mes ateliers ne sont pas seulement destin\u00e9s \u00e0 am\u00e9liorer le cavalier, mais \u00e9galement \u00e0 favoriser le <strong>bien-\u00eatre du cheval ET du cavalier<\/strong>. En am\u00e9liorant la position et la coordination du cavalier, nous r\u00e9duisons le risque de tensions inutiles dans le corps du cavalier et sur le cheval r\u00e9el, contribuant ainsi \u00e0 une relation plus harmonieuse entre le cavalier et son monture. L\u2019objectif est de former des cavaliers plus conscients et respectueux des besoins du cheval, pour une pratique plus respectueuse et fluide. Respecter son cheval en se tenant correctement sur son dos et en sachant ma\u00eetriser ses gestes pour ne pas lui porter pr\u00e9judices involontairement.<\/p>\n\n\n\n<h3 class=\"wp-block-heading has-medium-font-size\"><strong>Encadrement Personnalis\u00e9<\/strong><\/h3>\n\n\n\n<p>Tous mes ateliers sont adapt\u00e9s \u00e0 chaque niveau de cavalier. Qu\u2019il s\u2019agisse de d\u00e9butants ou de cavaliers confirm\u00e9s, chaque s\u00e9ance est adapt\u00e9e pour garantir une progression optimale dans le respect du rythme de chacun. J&rsquo;assure un environnement s\u00e9curis\u00e9 et j&rsquo;installe un climat de confiance, permettant \u00e0 chaque participant de travailler \u00e0 son propre rythme tout en b\u00e9n\u00e9ficiant de conseils professionnels.<\/p>\n\n\n\n<figure class=\"wp-block-image aligncenter size-full\"><img loading=\"lazy\" decoding=\"async\" width=\"499\" height=\"709\" src=\"https:\/\/amarecaux-equitation.fr\/wp-content\/uploads\/2025\/03\/Capture-decran-2025-03-28-113149.png\" alt=\"\" class=\"wp-image-440\" srcset=\"https:\/\/amarecaux-equitation.fr\/wp-content\/uploads\/2025\/03\/Capture-decran-2025-03-28-113149.png 499w, https:\/\/amarecaux-equitation.fr\/wp-content\/uploads\/2025\/03\/Capture-decran-2025-03-28-113149-211x300.png 211w\" sizes=\"auto, (max-width: 499px) 100vw, 499px\" \/><\/figure>\n","protected":false},"excerpt":{"rendered":"<p>Optimiser le corps et l&rsquo;esprit du cavalier. Je propose des ateliers sp\u00e9cialis\u00e9s pour d\u00e9velopper les capacit\u00e9s physiques, psychomotrices et cognitives [&hellip;]<\/p>\n","protected":false},"author":1,"featured_media":0,"parent":0,"menu_order":0,"comment_status":"closed","ping_status":"closed","template":"","meta":{"site-sidebar-layout":"default","site-content-layout":"","ast-site-content-layout":"","site-content-style":"default","site-sidebar-style":"default","ast-global-header-display":"","ast-banner-title-visibility":"","ast-main-header-display":"","ast-hfb-above-header-display":"","ast-hfb-below-header-display":"","ast-hfb-mobile-header-display":"","site-post-title":"","ast-breadcrumbs-content":"","ast-featured-img":"","footer-sml-layout":"","theme-transparent-header-meta":"","adv-header-id-meta":"","stick-header-meta":"","header-above-stick-meta":"","header-main-stick-meta":"","header-below-stick-meta":"","astra-migrate-meta-layouts":"default","ast-page-background-enabled":"default","ast-page-background-meta":{"desktop":{"background-color":"var(--ast-global-color-5)","background-image":"","background-repeat":"repeat","background-position":"center center","background-size":"auto","background-attachment":"scroll","background-type":"","background-media":"","overlay-type":"","overlay-color":"","overlay-opacity":"","overlay-gradient":""},"tablet":{"background-color":"","background-image":"","background-repeat":"repeat","background-position":"center center","background-size":"auto","background-attachment":"scroll","background-type":"","background-media":"","overlay-type":"","overlay-color":"","overlay-opacity":"","overlay-gradient":""},"mobile":{"background-color":"","background-image":"","background-repeat":"repeat","background-position":"center center","background-size":"auto","background-attachment":"scroll","background-type":"","background-media":"","overlay-type":"","overlay-color":"","overlay-opacity":"","overlay-gradient":""}},"ast-content-background-meta":{"desktop":{"background-color":"var(--ast-global-color-4)","background-image":"","background-repeat":"repeat","background-position":"center center","background-size":"auto","background-attachment":"scroll","background-type":"","background-media":"","overlay-type":"","overlay-color":"","overlay-opacity":"","overlay-gradient":""},"tablet":{"background-color":"var(--ast-global-color-4)","background-image":"","background-repeat":"repeat","background-position":"center center","background-size":"auto","background-attachment":"scroll","background-type":"","background-media":"","overlay-type":"","overlay-color":"","overlay-opacity":"","overlay-gradient":""},"mobile":{"background-color":"var(--ast-global-color-4)","background-image":"","background-repeat":"repeat","background-position":"center center","background-size":"auto","background-attachment":"scroll","background-type":"","background-media":"","overlay-type":"","overlay-color":"","overlay-opacity":"","overlay-gradient":""}},"footnotes":""},"class_list":["post-88","page","type-page","status-publish","hentry"],"_links":{"self":[{"href":"https:\/\/amarecaux-equitation.fr\/index.php\/wp-json\/wp\/v2\/pages\/88","targetHints":{"allow":["GET"]}}],"collection":[{"href":"https:\/\/amarecaux-equitation.fr\/index.php\/wp-json\/wp\/v2\/pages"}],"about":[{"href":"https:\/\/amarecaux-equitation.fr\/index.php\/wp-json\/wp\/v2\/types\/page"}],"author":[{"embeddable":true,"href":"https:\/\/amarecaux-equitation.fr\/index.php\/wp-json\/wp\/v2\/users\/1"}],"replies":[{"embeddable":true,"href":"https:\/\/amarecaux-equitation.fr\/index.php\/wp-json\/wp\/v2\/comments?post=88"}],"version-history":[{"count":7,"href":"https:\/\/amarecaux-equitation.fr\/index.php\/wp-json\/wp\/v2\/pages\/88\/revisions"}],"predecessor-version":[{"id":443,"href":"https:\/\/amarecaux-equitation.fr\/index.php\/wp-json\/wp\/v2\/pages\/88\/revisions\/443"}],"wp:attachment":[{"href":"https:\/\/amarecaux-equitation.fr\/index.php\/wp-json\/wp\/v2\/media?parent=88"}],"curies":[{"name":"wp","href":"https:\/\/api.w.org\/{rel}","templated":true}]}}