{"id":90,"date":"2025-01-21T16:00:05","date_gmt":"2025-01-21T15:00:05","guid":{"rendered":"https:\/\/amarecaux-equitation.fr\/?page_id=90"},"modified":"2025-03-28T10:44:38","modified_gmt":"2025-03-28T09:44:38","slug":"evenement","status":"publish","type":"page","link":"https:\/\/amarecaux-equitation.fr\/index.php\/evenement\/","title":{"rendered":"Ev\u00e8nements"},"content":{"rendered":"\n<p class=\"has-medium-font-size\"><strong>\u00c9v\u00e9nements &amp; Animations &#8211; A Mar\u00e9caux \u00c9quitation<\/strong><\/p>\n\n\n\n<p>J&rsquo;organise divers \u00e9v\u00e9nements pour promouvoir l\u2019\u00e9quitation et am\u00e9liorer les comp\u00e9tences des cavaliers, en garantissant un encadrement professionnel et adapt\u00e9 \u00e0 tous les \u00e2ges et niveaux.<\/p>\n\n\n\n<p>Que vous soyez un particulier souhaitant perfectionner votre position ou un club cherchant \u00e0 enrichir ses cours, notre simulateur ou cheval m\u00e9canique est l&rsquo;outil id\u00e9al pour des s\u00e9ances d\u2019entra\u00eenement uniques et efficaces.<\/p>\n\n\n\n<h3 class=\"wp-block-heading has-medium-font-size\"><strong>Nos \u00c9v\u00e9nements<\/strong><\/h3>\n\n\n\n<ul class=\"wp-block-list\">\n<li><strong>Salons &amp; Manifestations \u00c9questres<\/strong><br>Je participe \u00e0 des salons du cheval ou des journ\u00e9es portes ouvertes pour faire d\u00e9couvrir mon cheval m\u00e9canique et offrir une exp\u00e9rience immersive aux visiteurs. Je leur fais d\u00e9couvrir de nouvelles sensations s&rsquo;ils ne sont jamais mont\u00e9 \u00e0 cheval ou je leur montre les avantages pour l\u2019am\u00e9lioration de leur position et de leurs sensations s&rsquo;ils sont d\u00e9j\u00e0 cavaliers.<\/li>\n\n\n\n<li><strong>S\u00e9ances d\u2019Entra\u00eenement &amp; Stages<\/strong><br>J&rsquo;organise des s\u00e9ances adapt\u00e9es aux particuliers et aux clubs \u00e9questres. Vous pouvez int\u00e9grer le cheval m\u00e9canique dans vos \u00e9v\u00e9nements ou stages pour offrir une exp\u00e9rience unique et p\u00e9dagogique \u00e0 vos cavaliers. <\/li>\n\n\n\n<li><strong>Journ\u00e9es D\u00e9couverte et Ateliers<\/strong><br>Je propose des <strong>Journ\u00e9es D\u00e9couverte<\/strong> o\u00f9 les cavaliers peuvent essayer le cheval m\u00e9canique dans le cadre de cours ou d\u2019ateliers. Ces journ\u00e9es sont id\u00e9ales pour les \u00e9curies qui proposent une animation p\u00e9dagogique et ludique \u00e0 leurs cavaliers qui souhaitent se perfectionner tout en d\u00e9couvrant une nouvelle approche de l\u2019entra\u00eenement.<\/li>\n<\/ul>\n\n\n\n<h3 class=\"wp-block-heading has-medium-font-size\"><strong>Encadrement &amp; Accessibilit\u00e9<\/strong><\/h3>\n\n\n\n<p>Je vous accueille lors de <strong>salons<\/strong>, mais aussi \u00e0 travers des \u00e9v\u00e9nements ponctuels comme des <strong>stages<\/strong> et des <strong>journ\u00e9es d\u00e9couvertes<\/strong>, o\u00f9 vous pouvez profiter du cheval m\u00e9canique et de mon expertise.<br>J&rsquo;organise et j&rsquo;encadre les \u00e9v\u00e8nements avec professionnalisme et s\u00e9rieux. Je suis assur\u00e9e avec une RC professionnelle pour les diff\u00e9rentes activit\u00e9s mentionn\u00e9es et je veille \u00e0 la s\u00e9curit\u00e9 des participants.<br>J&rsquo;adapte chaque passage et chaque atelier en fonction<strong> <\/strong>de l&rsquo;\u00e2ge et du niveau de la personne et selon les besoins des organisateurs et des clients . <strong>La satisfaction des participants et des organisateurs est ma priorit\u00e9 ! <\/strong><br>Je vous propose des s\u00e9ances sur mesure pour animer vos \u00e9v\u00e8nements ou pour am\u00e9liorer votre position et vos sensations en toute s\u00e9curit\u00e9 et un suivi de qualit\u00e9 pour une progression adapt\u00e9e aux besoins de chaque participant.<\/p>\n\n\n\n<h3 class=\"wp-block-heading has-medium-font-size\"><strong>Venez me rencontrer !<\/strong><\/h3>\n\n\n\n<p>J&rsquo;ai h\u00e2te de vous retrouver lors de mes prochains \u00e9v\u00e9nements pour partager notre passion pour l&rsquo;\u00e9quitation et vous faire d\u00e9couvrir l&rsquo;innovation du cheval m\u00e9canique. Retrouvez toutes les informations sur les \u00e9v\u00e9nements \u00e0 venir sur les r\u00e9seaux sociaux (Facebook et Instagram) et r\u00e9servez votre place d\u00e8s maintenant !<\/p>\n\n\n\n<div class=\"wp-block-columns is-layout-flex wp-container-core-columns-is-layout-28f84493 wp-block-columns-is-layout-flex\">\n<div class=\"wp-block-column is-layout-flow wp-block-column-is-layout-flow\">\n<figure class=\"wp-block-image size-large\"><img loading=\"lazy\" decoding=\"async\" width=\"768\" height=\"1024\" src=\"https:\/\/amarecaux-equitation.fr\/wp-content\/uploads\/2025\/03\/8e7267db-989d-43c4-998f-e94083c62fea-768x1024.jpg\" alt=\"\" class=\"wp-image-424\" srcset=\"https:\/\/amarecaux-equitation.fr\/wp-content\/uploads\/2025\/03\/8e7267db-989d-43c4-998f-e94083c62fea-768x1024.jpg 768w, https:\/\/amarecaux-equitation.fr\/wp-content\/uploads\/2025\/03\/8e7267db-989d-43c4-998f-e94083c62fea-225x300.jpg 225w, https:\/\/amarecaux-equitation.fr\/wp-content\/uploads\/2025\/03\/8e7267db-989d-43c4-998f-e94083c62fea-1152x1536.jpg 1152w, https:\/\/amarecaux-equitation.fr\/wp-content\/uploads\/2025\/03\/8e7267db-989d-43c4-998f-e94083c62fea.jpg 1200w\" sizes=\"auto, (max-width: 768px) 100vw, 768px\" \/><\/figure>\n<\/div>\n\n\n\n<div class=\"wp-block-column is-layout-flow wp-block-column-is-layout-flow\">\n<figure class=\"wp-block-image size-full\"><img loading=\"lazy\" decoding=\"async\" width=\"368\" height=\"526\" src=\"https:\/\/amarecaux-equitation.fr\/wp-content\/uploads\/2025\/03\/Capture-decran-2025-03-25-162352.png\" alt=\"\" class=\"wp-image-426\" srcset=\"https:\/\/amarecaux-equitation.fr\/wp-content\/uploads\/2025\/03\/Capture-decran-2025-03-25-162352.png 368w, https:\/\/amarecaux-equitation.fr\/wp-content\/uploads\/2025\/03\/Capture-decran-2025-03-25-162352-210x300.png 210w\" sizes=\"auto, (max-width: 368px) 100vw, 368px\" \/><\/figure>\n<\/div>\n\n\n\n<div class=\"wp-block-column is-layout-flow wp-block-column-is-layout-flow\">\n<figure class=\"wp-block-image size-full\"><img loading=\"lazy\" decoding=\"async\" width=\"369\" height=\"530\" src=\"https:\/\/amarecaux-equitation.fr\/wp-content\/uploads\/2025\/03\/Capture-decran-2025-03-25-163704-1.png\" alt=\"\" class=\"wp-image-428\" srcset=\"https:\/\/amarecaux-equitation.fr\/wp-content\/uploads\/2025\/03\/Capture-decran-2025-03-25-163704-1.png 369w, https:\/\/amarecaux-equitation.fr\/wp-content\/uploads\/2025\/03\/Capture-decran-2025-03-25-163704-1-209x300.png 209w\" sizes=\"auto, (max-width: 369px) 100vw, 369px\" \/><\/figure>\n<\/div>\n<\/div>\n","protected":false},"excerpt":{"rendered":"<p>\u00c9v\u00e9nements &amp; Animations &#8211; A Mar\u00e9caux \u00c9quitation J&rsquo;organise divers \u00e9v\u00e9nements pour promouvoir l\u2019\u00e9quitation et am\u00e9liorer les comp\u00e9tences des cavaliers, en [&hellip;]<\/p>\n","protected":false},"author":1,"featured_media":0,"parent":0,"menu_order":0,"comment_status":"closed","ping_status":"closed","template":"","meta":{"site-sidebar-layout":"default","site-content-layout":"","ast-site-content-layout":"","site-content-style":"default","site-sidebar-style":"default","ast-global-header-display":"","ast-banner-title-visibility":"","ast-main-header-display":"","ast-hfb-above-header-display":"","ast-hfb-below-header-display":"","ast-hfb-mobile-header-display":"","site-post-title":"","ast-breadcrumbs-content":"","ast-featured-img":"","footer-sml-layout":"","theme-transparent-header-meta":"","adv-header-id-meta":"","stick-header-meta":"","header-above-stick-meta":"","header-main-stick-meta":"","header-below-stick-meta":"","astra-migrate-meta-layouts":"default","ast-page-background-enabled":"default","ast-page-background-meta":{"desktop":{"background-color":"var(--ast-global-color-5)","background-image":"","background-repeat":"repeat","background-position":"center center","background-size":"auto","background-attachment":"scroll","background-type":"","background-media":"","overlay-type":"","overlay-color":"","overlay-opacity":"","overlay-gradient":""},"tablet":{"background-color":"","background-image":"","background-repeat":"repeat","background-position":"center center","background-size":"auto","background-attachment":"scroll","background-type":"","background-media":"","overlay-type":"","overlay-color":"","overlay-opacity":"","overlay-gradient":""},"mobile":{"background-color":"","background-image":"","background-repeat":"repeat","background-position":"center center","background-size":"auto","background-attachment":"scroll","background-type":"","background-media":"","overlay-type":"","overlay-color":"","overlay-opacity":"","overlay-gradient":""}},"ast-content-background-meta":{"desktop":{"background-color":"var(--ast-global-color-4)","background-image":"","background-repeat":"repeat","background-position":"center center","background-size":"auto","background-attachment":"scroll","background-type":"","background-media":"","overlay-type":"","overlay-color":"","overlay-opacity":"","overlay-gradient":""},"tablet":{"background-color":"var(--ast-global-color-4)","background-image":"","background-repeat":"repeat","background-position":"center center","background-size":"auto","background-attachment":"scroll","background-type":"","background-media":"","overlay-type":"","overlay-color":"","overlay-opacity":"","overlay-gradient":""},"mobile":{"background-color":"var(--ast-global-color-4)","background-image":"","background-repeat":"repeat","background-position":"center center","background-size":"auto","background-attachment":"scroll","background-type":"","background-media":"","overlay-type":"","overlay-color":"","overlay-opacity":"","overlay-gradient":""}},"footnotes":""},"class_list":["post-90","page","type-page","status-publish","hentry"],"_links":{"self":[{"href":"https:\/\/amarecaux-equitation.fr\/index.php\/wp-json\/wp\/v2\/pages\/90","targetHints":{"allow":["GET"]}}],"collection":[{"href":"https:\/\/amarecaux-equitation.fr\/index.php\/wp-json\/wp\/v2\/pages"}],"about":[{"href":"https:\/\/amarecaux-equitation.fr\/index.php\/wp-json\/wp\/v2\/types\/page"}],"author":[{"embeddable":true,"href":"https:\/\/amarecaux-equitation.fr\/index.php\/wp-json\/wp\/v2\/users\/1"}],"replies":[{"embeddable":true,"href":"https:\/\/amarecaux-equitation.fr\/index.php\/wp-json\/wp\/v2\/comments?post=90"}],"version-history":[{"count":7,"href":"https:\/\/amarecaux-equitation.fr\/index.php\/wp-json\/wp\/v2\/pages\/90\/revisions"}],"predecessor-version":[{"id":429,"href":"https:\/\/amarecaux-equitation.fr\/index.php\/wp-json\/wp\/v2\/pages\/90\/revisions\/429"}],"wp:attachment":[{"href":"https:\/\/amarecaux-equitation.fr\/index.php\/wp-json\/wp\/v2\/media?parent=90"}],"curies":[{"name":"wp","href":"https:\/\/api.w.org\/{rel}","templated":true}]}}