{"id":92,"date":"2025-01-21T16:00:26","date_gmt":"2025-01-21T15:00:26","guid":{"rendered":"https:\/\/amarecaux-equitation.fr\/?page_id=92"},"modified":"2025-03-28T11:19:58","modified_gmt":"2025-03-28T10:19:58","slug":"location","status":"publish","type":"page","link":"https:\/\/amarecaux-equitation.fr\/index.php\/location\/","title":{"rendered":"Journ\u00e9e D\u00e9couverte Club"},"content":{"rendered":"\n<figure class=\"wp-block-image aligncenter size-full\"><img loading=\"lazy\" decoding=\"async\" width=\"373\" height=\"526\" src=\"https:\/\/amarecaux-equitation.fr\/wp-content\/uploads\/2025\/03\/Capture-decran-2025-03-25-162517.png\" alt=\"\" class=\"wp-image-400\" srcset=\"https:\/\/amarecaux-equitation.fr\/wp-content\/uploads\/2025\/03\/Capture-decran-2025-03-25-162517.png 373w, https:\/\/amarecaux-equitation.fr\/wp-content\/uploads\/2025\/03\/Capture-decran-2025-03-25-162517-213x300.png 213w\" sizes=\"auto, (max-width: 373px) 100vw, 373px\" \/><\/figure>\n\n\n\n<h3 class=\"wp-block-heading has-large-font-size\"><strong>Offrez une nouvelle activit\u00e9 \u00e0 vos cavaliers !<\/strong><\/h3>\n\n\n\n<p class=\"has-medium-font-size\"><strong>Ateliers \u00a0\u00bb Position et Ressenti\u00a0\u00bb \u00e0 destination des cavaliers de club<\/strong><\/p>\n\n\n\n<p>Chez <strong>A Mar\u00e9caux \u00c9quitation<\/strong>, nous proposons des ateliers personnalis\u00e9s, adapt\u00e9s \u00e0 vos besoins, pour perfectionner la position des cavaliers et am\u00e9liorer leur ressenti. Le cheval m\u00e9canique et le mat\u00e9riel de formation sont apport\u00e9s directement sur place pour chaque session, garantissant un \u00e9quipement de qualit\u00e9 et un suivi optimal.<\/p>\n\n\n\n<h3 class=\"wp-block-heading has-large-font-size\"><strong>Les offres PRO avec le Cheval M\u00e9canique<\/strong> :<\/h3>\n\n\n\n<p>Je propose plusieurs options adapt\u00e9es aux besoins des clubs et des cavaliers, allant de s\u00e9ances d\u00e9couvertes \u00e0 des stages complets.<\/p>\n\n\n\n<h4 class=\"wp-block-heading has-medium-font-size\"><strong>Option 1 : Journ\u00e9e d\u00e9couverte \u00ab\u00a0Position et Ressenti\u00a0\u00bb <\/strong><\/h4>\n\n\n\n<p>Dans cette formule, le cheval m\u00e9canique et le mat\u00e9riel sont install\u00e9s dans une <strong>pi\u00e8ce annexe<\/strong>, \u00e0 c\u00f4t\u00e9 des cours habituels. Les cavaliers s&rsquo;inscrivent pour <strong>1 heure d\u2019activit\u00e9<\/strong> incluant une session sur cheval m\u00e9canique et des ateliers psychomteurs et peuvent b\u00e9n\u00e9ficier de cette session en parall\u00e8le de leurs cours r\u00e9guliers. Le centre \u00e9questre communique en amont sur cette journ\u00e9e. Une feuille d&rsquo;inscription sera affich\u00e9e.<\/p>\n\n\n\n<ul class=\"wp-block-list\">\n<li><strong>Tarif :<\/strong>  compter entre 15\u20ac et 30\u20ac pour 1h de d\u00e9couverte, pay\u00e9e directement par le cavalier. <em>Le tarif d\u00e9pend du lieu (frais de d\u00e9placement) et du nombre d&rsquo;inscrits sur la journ\u00e9e<\/em>.<\/li>\n\n\n\n<li><strong>Conditions :<\/strong> Cette heure de d\u00e9couverte est id\u00e9ale pour les cavaliers souhaitant exp\u00e9rimenter le cheval m\u00e9canique et avoir de nouvelles sensations qui lui induiront un \u00ab\u00a0d\u00e9clic\u00a0\u00bb pour leur progression . L\u2019activit\u00e9 peut \u00eatre planifi\u00e9e id\u00e9alement juste avant leur cours habituel, pour une mise en pratique juste apr\u00e8s la s\u00e9ance. de plus, le cavalier sera \u00e9chauff\u00e9 et donc plus disponible pour son cours.<\/li>\n<\/ul>\n\n\n\n<p>Ce format est id\u00e9al pour les <strong>groupes de 4 cavaliers maximum<\/strong>, garantissant une attention personnalis\u00e9e pour chaque participant. Ces ateliers permettent de travailler la position, le ressenti et l\u2019\u00e9quilibre dans un cadre d\u00e9tendu et professionnel.<\/p>\n\n\n\n<h4 class=\"wp-block-heading has-medium-font-size\"><strong>Option 2 : Stages Co-organis\u00e9s<\/strong><\/h4>\n\n\n\n<p>Dans le cadre de cette option, l&rsquo;intervention est assur\u00e9e par le moniteur et moi-m\u00eame. Le club ou le moniteur choisit la mani\u00e8re dont il souhaite int\u00e9grer le cheval m\u00e9canique et le mat\u00e9riel dans ses activit\u00e9s :<\/p>\n\n\n\n<ul class=\"wp-block-list\">\n<li><strong>Int\u00e9gration dans les cours de la journ\u00e9e<\/strong>,<\/li>\n\n\n\n<li><strong>Journ\u00e9e de stage<\/strong> avec un ou plusieurs groupes de cavaliers sur un th\u00e8me <\/li>\n<\/ul>\n\n\n\n<p>Cette option offre une <strong>grande flexibilit\u00e9<\/strong> pour les clubs qui souhaitent adapter l\u2019atelier aux besoins de leurs cavaliers et int\u00e9grer le travail sur le cheval m\u00e9canique dans le programme de la journ\u00e9e. Le tarif pour cette option sera d\u00e9fini en fonction du temps de prestation demand\u00e9.<\/p>\n\n\n\n<ul class=\"wp-block-list\">\n<li><strong>Tarifs donn\u00e9s \u00e0 titre indicatifs : <\/strong>\n<ul class=\"wp-block-list\">\n<li><strong>1\/2 journ\u00e9e (4h) :<\/strong> 250 \u20ac<\/li>\n\n\n\n<li><strong>Journ\u00e9e compl\u00e8te (7h) :<\/strong> 400 \u20ac<\/li>\n<\/ul>\n<\/li>\n<\/ul>\n\n\n\n<p><strong>Conditions :<\/strong> Un <strong>bon de commande<\/strong> et un <strong>acompte<\/strong> seront n\u00e9cessaires \u00e0 la r\u00e9servation. Les frais de d\u00e9placement seront calcul\u00e9s sur demande.<\/p>\n\n\n\n<h4 class=\"wp-block-heading has-medium-font-size\"><strong>Option 3 : Location du Cheval M\u00e9canique en autonomie<\/strong><\/h4>\n\n\n\n<p>Pour les clubs qui souhaitent <strong>utiliser le cheval m\u00e9canique<\/strong> de mani\u00e8re ind\u00e9pendante, je propose une option de <strong>location \u00e0 la journ\u00e9e<\/strong>. Cette option vous permet de b\u00e9n\u00e9ficier du mat\u00e9riel pour une journ\u00e9e compl\u00e8te, sans mon accompagnement p\u00e9dagogique.<\/p>\n\n\n\n<ul class=\"wp-block-list\">\n<li><strong>Journ\u00e9e compl\u00e8te (7h) :<\/strong> 250 \u20ac<br><em>Tarif indiqu\u00e9 sans les frais de transport. Si vous souhaitez que j&rsquo;am\u00e8ne le cheval le transport sera calcul\u00e9 en sus. <\/em><\/li>\n<\/ul>\n\n\n\n<p>Cette option est id\u00e9ale pour les clubs qui souhaitent organiser leur propre programme d\u2019entra\u00eenement tout en ayant acc\u00e8s \u00e0 un mat\u00e9riel de qualit\u00e9.<\/p>\n\n\n\n<h3 class=\"wp-block-heading has-medium-font-size\"><strong>Important :<\/strong><\/h3>\n\n\n\n<p>Les <strong>tarifs indiqu\u00e9s sont hors frais de d\u00e9placement<\/strong>, qui seront calcul\u00e9s sur demande en fonction de la distance. <\/p>\n\n\n\n<h3 class=\"wp-block-heading has-medium-font-size\"><strong>Conditions G\u00e9n\u00e9rales<\/strong><\/h3>\n\n\n\n<ul class=\"wp-block-list\">\n<li><strong>R\u00e9servation et Acompte :<\/strong> Lors de la r\u00e9servation, un <strong>bon de commande<\/strong> sera \u00e9tabli pour les <strong>options 2 et 3<\/strong>. Un <strong>acompte<\/strong> sera demand\u00e9 pour confirmer votre r\u00e9servation.<\/li>\n\n\n\n<li><strong>Frais de d\u00e9placement :<\/strong> Les frais sont calcul\u00e9s en fonction de la distance parcourue et vous seront communiqu\u00e9s sur demande.<\/li>\n\n\n\n<li><strong>Groupes et participants :<\/strong> Les groupes pour l&rsquo;option 1 sont limit\u00e9s \u00e0 <strong>4 cavaliers maximum<\/strong> par session pour garantir un suivi personnalis\u00e9 et optimal. Pour les stages co-organis\u00e9s cela est d\u00e9fini avec le moniteur en fonction de l&rsquo;objectif d&rsquo;intervention.<\/li>\n\n\n\n<li><strong>\u00c9quipement fourni :<\/strong> Le cheval m\u00e9canique et pour les options avec ateliers psychomoteurs le mat\u00e9riel n\u00e9cessaire.<\/li>\n<\/ul>\n\n\n\n<h3 class=\"wp-block-heading has-medium-font-size\"><strong>Contactez moi pour plus d\u2019informations et pour r\u00e9server votre atelier !<\/strong><\/h3>\n\n\n\n<p>Pour toute demande d\u2019information compl\u00e9mentaire, ou pour r\u00e9server une date, contactez moi directement. Je serai ravie de vous accompagner dans l\u2019am\u00e9lioration de la position et du ressenti de vos cavaliers.<\/p>\n\n\n\n<p>\ud83d\udcde <strong>T\u00e9l\u00e9phone :<\/strong> 0623786178<br>\ud83d\udce7 <strong>Email :<\/strong> <a>aureliemarecaux59@gmail.com<\/a> ou via la rubrique<a href=\"https:\/\/amarecaux-equitation.fr\/index.php\/formulaire\/\" data-type=\"page\" data-id=\"86\"> contact<\/a><\/p>\n\n\n\n<p><\/p>\n","protected":false},"excerpt":{"rendered":"<p>Offrez une nouvelle activit\u00e9 \u00e0 vos cavaliers ! Ateliers \u00a0\u00bb Position et Ressenti\u00a0\u00bb \u00e0 destination des cavaliers de club Chez [&hellip;]<\/p>\n","protected":false},"author":1,"featured_media":0,"parent":0,"menu_order":0,"comment_status":"closed","ping_status":"closed","template":"","meta":{"site-sidebar-layout":"default","site-content-layout":"","ast-site-content-layout":"","site-content-style":"default","site-sidebar-style":"default","ast-global-header-display":"","ast-banner-title-visibility":"","ast-main-header-display":"","ast-hfb-above-header-display":"","ast-hfb-below-header-display":"","ast-hfb-mobile-header-display":"","site-post-title":"","ast-breadcrumbs-content":"","ast-featured-img":"","footer-sml-layout":"","theme-transparent-header-meta":"","adv-header-id-meta":"","stick-header-meta":"","header-above-stick-meta":"","header-main-stick-meta":"","header-below-stick-meta":"","astra-migrate-meta-layouts":"default","ast-page-background-enabled":"default","ast-page-background-meta":{"desktop":{"background-color":"var(--ast-global-color-5)","background-image":"","background-repeat":"repeat","background-position":"center center","background-size":"auto","background-attachment":"scroll","background-type":"","background-media":"","overlay-type":"","overlay-color":"","overlay-opacity":"","overlay-gradient":""},"tablet":{"background-color":"","background-image":"","background-repeat":"repeat","background-position":"center center","background-size":"auto","background-attachment":"scroll","background-type":"","background-media":"","overlay-type":"","overlay-color":"","overlay-opacity":"","overlay-gradient":""},"mobile":{"background-color":"","background-image":"","background-repeat":"repeat","background-position":"center center","background-size":"auto","background-attachment":"scroll","background-type":"","background-media":"","overlay-type":"","overlay-color":"","overlay-opacity":"","overlay-gradient":""}},"ast-content-background-meta":{"desktop":{"background-color":"var(--ast-global-color-4)","background-image":"","background-repeat":"repeat","background-position":"center center","background-size":"auto","background-attachment":"scroll","background-type":"","background-media":"","overlay-type":"","overlay-color":"","overlay-opacity":"","overlay-gradient":""},"tablet":{"background-color":"var(--ast-global-color-4)","background-image":"","background-repeat":"repeat","background-position":"center center","background-size":"auto","background-attachment":"scroll","background-type":"","background-media":"","overlay-type":"","overlay-color":"","overlay-opacity":"","overlay-gradient":""},"mobile":{"background-color":"var(--ast-global-color-4)","background-image":"","background-repeat":"repeat","background-position":"center center","background-size":"auto","background-attachment":"scroll","background-type":"","background-media":"","overlay-type":"","overlay-color":"","overlay-opacity":"","overlay-gradient":""}},"footnotes":""},"class_list":["post-92","page","type-page","status-publish","hentry"],"_links":{"self":[{"href":"https:\/\/amarecaux-equitation.fr\/index.php\/wp-json\/wp\/v2\/pages\/92","targetHints":{"allow":["GET"]}}],"collection":[{"href":"https:\/\/amarecaux-equitation.fr\/index.php\/wp-json\/wp\/v2\/pages"}],"about":[{"href":"https:\/\/amarecaux-equitation.fr\/index.php\/wp-json\/wp\/v2\/types\/page"}],"author":[{"embeddable":true,"href":"https:\/\/amarecaux-equitation.fr\/index.php\/wp-json\/wp\/v2\/users\/1"}],"replies":[{"embeddable":true,"href":"https:\/\/amarecaux-equitation.fr\/index.php\/wp-json\/wp\/v2\/comments?post=92"}],"version-history":[{"count":9,"href":"https:\/\/amarecaux-equitation.fr\/index.php\/wp-json\/wp\/v2\/pages\/92\/revisions"}],"predecessor-version":[{"id":437,"href":"https:\/\/amarecaux-equitation.fr\/index.php\/wp-json\/wp\/v2\/pages\/92\/revisions\/437"}],"wp:attachment":[{"href":"https:\/\/amarecaux-equitation.fr\/index.php\/wp-json\/wp\/v2\/media?parent=92"}],"curies":[{"name":"wp","href":"https:\/\/api.w.org\/{rel}","templated":true}]}}